{"id":3026,"date":"2022-12-12T17:22:45","date_gmt":"2022-12-12T22:22:45","guid":{"rendered":"https:\/\/www.clhmidland.on.ca\/a-propos-de-clh-dss\/responsabilite"},"modified":"2025-01-17T08:55:46","modified_gmt":"2025-01-17T13:55:46","slug":"responsabilite","status":"publish","type":"page","link":"https:\/\/www.clhmidland.on.ca\/fr\/a-propos-de-clh-ssd\/responsabilite","title":{"rendered":"R\u00e9sponsabilit\u00e9"},"content":{"rendered":"\t\t<div data-elementor-type=\"wp-page\" data-elementor-id=\"3026\" class=\"elementor elementor-3026 elementor-2988\" data-elementor-post-type=\"page\">\n\t\t\t\t\t\t<section class=\"elementor-section elementor-top-section elementor-element elementor-element-2894f37 elementor-section-boxed elementor-section-height-default elementor-section-height-default\" data-id=\"2894f37\" data-element_type=\"section\" data-settings=\"{&quot;background_background&quot;:&quot;classic&quot;}\">\n\t\t\t\t\t\t\t<div class=\"elementor-background-overlay\"><\/div>\n\t\t\t\t\t\t\t<div class=\"elementor-container elementor-column-gap-default\">\n\t\t\t\t\t<div class=\"elementor-column elementor-col-100 elementor-top-column elementor-element elementor-element-2c9aa90\" data-id=\"2c9aa90\" data-element_type=\"column\">\n\t\t\t<div class=\"elementor-widget-wrap elementor-element-populated\">\n\t\t\t\t\t\t<div class=\"elementor-element elementor-element-60c8611 elementor-widget elementor-widget-heading\" data-id=\"60c8611\" data-element_type=\"widget\" data-widget_type=\"heading.default\">\n\t\t\t\t<div class=\"elementor-widget-container\">\n\t\t\t<h1 class=\"elementor-heading-title elementor-size-default\">R\u00e9sponsabilit\u00e9<\/h1>\t\t<\/div>\n\t\t\t\t<\/div>\n\t\t\t\t\t<\/div>\n\t\t<\/div>\n\t\t\t\t\t<\/div>\n\t\t<\/section>\n\t\t\t\t<section class=\"elementor-section elementor-top-section elementor-element elementor-element-3b00a16 elementor-section-boxed elementor-section-height-default elementor-section-height-default\" data-id=\"3b00a16\" data-element_type=\"section\">\n\t\t\t\t\t\t<div class=\"elementor-container elementor-column-gap-default\">\n\t\t\t\t\t<div class=\"elementor-column elementor-col-100 elementor-top-column elementor-element elementor-element-e811ff6\" data-id=\"e811ff6\" data-element_type=\"column\">\n\t\t\t<div class=\"elementor-widget-wrap elementor-element-populated\">\n\t\t\t\t\t\t<div class=\"elementor-element elementor-element-0e7380f elementor-widget elementor-widget-heading\" data-id=\"0e7380f\" data-element_type=\"widget\" data-widget_type=\"heading.default\">\n\t\t\t\t<div class=\"elementor-widget-container\">\n\t\t\t<h2 class=\"elementor-heading-title elementor-size-default\">Directive en mati\u00e8re d'Approvisionnement dans le Secteur Parapublic<\/h2>\t\t<\/div>\n\t\t\t\t<\/div>\n\t\t\t\t<div class=\"elementor-element elementor-element-c8d1ac8 elementor-widget elementor-widget-text-editor\" data-id=\"c8d1ac8\" data-element_type=\"widget\" data-widget_type=\"text-editor.default\">\n\t\t\t\t<div class=\"elementor-widget-container\">\n\t\t\t\t\t\t\t<p>CLH Services de Soutien au D\u00e9veloppement est assujettis \u00e0 la Directive en mati\u00e8re d\u2019Approvisionnement dans le Secteur Parapublic \u00e9mise par le Conseil de Gestion du gouvernement \u00e0 compter du 1er avril 2011. Par cons\u00e9quent, CLH Services de Soutien au D\u00e9veloppement respecte le Code d\u2019\u00c9thique de la Directive en mati\u00e8re d&#8217;Approvisionnement dans le Secteur Parapublic de l\u2019Ontario comme suit :<\/p>\n\t\t\t\t\t\t<\/div>\n\t\t\t\t<\/div>\n\t\t\t\t<div class=\"elementor-element elementor-element-21e451d elementor-widget elementor-widget-heading\" data-id=\"21e451d\" data-element_type=\"widget\" data-widget_type=\"heading.default\">\n\t\t\t\t<div class=\"elementor-widget-container\">\n\t\t\t<h3 class=\"elementor-heading-title elementor-size-default\">Ontario Broader Public Sector (BPS) Supply Chain Code of Ethics<\/h3>\t\t<\/div>\n\t\t\t\t<\/div>\n\t\t\t\t<div class=\"elementor-element elementor-element-aec3b6e elementor-widget elementor-widget-text-editor\" data-id=\"aec3b6e\" data-element_type=\"widget\" data-widget_type=\"text-editor.default\">\n\t\t\t\t<div class=\"elementor-widget-container\">\n\t\t\t\t\t\t\t<p><strong>Objectif<\/strong> : Assurer une cha\u00eene d\u2019approvisionnement DSP \u00e9thique, professionnelle et responsable.<\/p>\n<ol>\n\t<li><strong>Int\u00e9grit\u00e9 Personnelle et Professionnalisme<\/strong> Les personnes qui participent aux Activit\u00e9s de la Cha\u00eene d\u2019Approvisionnement doivent agir et \u00eatre per\u00e7ues comme telles, avec int\u00e9grit\u00e9 et professionnalisme. L\u2019honn\u00eatet\u00e9, le soin et la diligence raisonnable doivent faire partie int\u00e9grante de toutes les Activit\u00e9s de la Cha\u00eene d\u2019Approvisionnement au sein et entre les organisations du Secteur Parapublic, les fournisseurs et les autres intervenants. Il faut faire preuve de respect les uns envers les autres et envers l\u2019environnement. Les renseignements confidentiels doivent \u00eatre prot\u00e9g\u00e9s. Les participants ne doivent pas se livrer \u00e0 une activit\u00e9 qui pourrait cr\u00e9er ou sembler cr\u00e9er un conflit d\u2019int\u00e9r\u00eats, comme accepter des cadeaux ou des services, accorder un traitement pr\u00e9f\u00e9rentiel ou appuyer publiquement des fournisseurs ou des produits.<\/li>\n\t<li><strong>Responsabilisation et Transparence<\/strong><br>\nLes Activit\u00e9s de la Cha\u00eene d\u2019Approvisionnement doivent \u00eatre transparentes et responsables. En particulier, les activit\u00e9s de passation de march\u00e9s et d\u2019achat doivent \u00eatre \u00e9quitables, transparentes et men\u00e9es en vue d\u2019obtenir le meilleur rapport qualit\u00e9-prix pour les fonds publics. Tous les participants doivent veiller \u00e0 ce que les ressources du secteur public soient utilis\u00e9es de fa\u00e7on responsable, efficiente et efficace.<\/li>\n\t<li><strong>Conformit\u00e9 et am\u00e9lioration continue<\/strong><br>\nLes personnes qui participent \u00e0 l\u2019achat ou \u00e0 d\u2019autres Activit\u00e9s de la Cha\u00eene d\u2019Approvisionnement doivent se conformer au pr\u00e9sent Code d\u2019\u00c9thiques et aux Lois du Canada et de l\u2019Ontario. Les personnes devraient continuellement travailler \u00e0 am\u00e9liorer les politiques et les proc\u00e9dures de la cha\u00eene d\u2019approvisionnement, \u00e0 am\u00e9liorer leurs connaissances et leurs niveaux de comp\u00e9tence en mati\u00e8re de cha\u00eene d\u2019approvisionnement et \u00e0 partager les pratiques exemplaires. Les Activit\u00e9s de la Cha\u00eene d\u2019Approvisionnement doivent \u00eatre transparentes et responsables.<\/li>\n<\/ol>\n<\/li>\n<\/ol>\t\t\t\t\t\t<\/div>\n\t\t\t\t<\/div>\n\t\t\t\t<div class=\"elementor-element elementor-element-14d2d4b elementor-widget elementor-widget-heading\" data-id=\"14d2d4b\" data-element_type=\"widget\" data-widget_type=\"heading.default\">\n\t\t\t\t<div class=\"elementor-widget-container\">\n\t\t\t<h3 class=\"elementor-heading-title elementor-size-default\">Directive Applicable aux D\u00e9penses du Secteur Parapublic<\/h3>\t\t<\/div>\n\t\t\t\t<\/div>\n\t\t\t\t<div class=\"elementor-element elementor-element-a1f8c70 elementor-widget elementor-widget-text-editor\" data-id=\"a1f8c70\" data-element_type=\"widget\" data-widget_type=\"text-editor.default\">\n\t\t\t\t<div class=\"elementor-widget-container\">\n\t\t\t\t\t\t\t<p>CLH Services de Soutien au D\u00e9veloppement est assujettie \u00e0 la Directive Applicable aux D\u00e9penses du Secteur Parapublic \u00e9mise par le Conseil de Gestion du Gouvernement \u00e0 compter du 1er avril 2011. Par cons\u00e9quent, CLH Services de Soutien au D\u00e9veloppement a \u00e9tabli des r\u00e8gles de d\u00e9penses applicables aux membres du Conseil d\u2019Administration, aux employ\u00e9s, aux consultants et aux entrepreneurs embauch\u00e9s par l\u2019organisation. Les r\u00e8gles s\u2019appliquent aux frais de d\u00e9placement, de repas et d\u2019hospitalit\u00e9.<\/p>\n\t\t\t\t\t\t<\/div>\n\t\t\t\t<\/div>\n\t\t\t\t<div class=\"elementor-element elementor-element-5871dc6 elementor-widget elementor-widget-heading\" data-id=\"5871dc6\" data-element_type=\"widget\" data-widget_type=\"heading.default\">\n\t\t\t\t<div class=\"elementor-widget-container\">\n\t\t\t<h3 class=\"elementor-heading-title elementor-size-default\">Les r\u00e8gles sont fond\u00e9es sur les quatre principes cl\u00e9s suivants :<\/h3>\t\t<\/div>\n\t\t\t\t<\/div>\n\t\t\t\t<div class=\"elementor-element elementor-element-444e5b9 elementor-widget elementor-widget-text-editor\" data-id=\"444e5b9\" data-element_type=\"widget\" data-widget_type=\"text-editor.default\">\n\t\t\t\t<div class=\"elementor-widget-container\">\n\t\t\t\t\t\t\t<p><strong>R\u00e9sponsabilit\u00e9<\/strong><\/p>\n<p>CLH Services de Soutien au D\u00e9veloppement est responsable des fonds publics utilis\u00e9s pour rembourser les frais de d\u00e9placement, de repas et d\u2019hospitalit\u00e9. Toutes les d\u00e9penses appuient les objectifs op\u00e9rationnels.<\/p>\n<p><strong>Transparence<\/strong><\/p>\n<p>CLH Services de Soutien au D\u00e9veloppement est transparente pour tous les intervenants. Les r\u00e8gles relatives au remboursement des frais de d\u00e9placement, de repas et d\u2019hospitalit\u00e9 sont claires, faciles \u00e0 comprendre et accessibles au public.<\/p>\n<p><strong>Optimisation des Ressources<\/strong><\/p>\n<p>L\u2019argent des contribuables est utilis\u00e9 de fa\u00e7on prudente et responsable. Les plans de voyage, de repas, d\u2019h\u00e9bergement et d\u2019hospitalit\u00e9 sont n\u00e9cessaires et \u00e9conomiques en tenant d\u00fbment compte de la sant\u00e9 et de la s\u00e9curit\u00e9.<\/p>\n<p><strong>\u00c9quit\u00e9<\/strong><\/p>\n<p>Les d\u00e9penses l\u00e9gitimes autoris\u00e9es engag\u00e9es dans le cadre des activit\u00e9s de CLH Services de Soutien au D\u00e9veloppement sont rembours\u00e9es.<\/p>\t\t\t\t\t\t<\/div>\n\t\t\t\t<\/div>\n\t\t\t\t<div class=\"elementor-element elementor-element-0c7dd68 elementor-widget elementor-widget-heading\" data-id=\"0c7dd68\" data-element_type=\"widget\" data-widget_type=\"heading.default\">\n\t\t\t\t<div class=\"elementor-widget-container\">\n\t\t\t<h3 class=\"elementor-heading-title elementor-size-default\">Pr\u00e9requis<\/h3>\t\t<\/div>\n\t\t\t\t<\/div>\n\t\t\t\t<div class=\"elementor-element elementor-element-db0ed00 elementor-widget elementor-widget-text-editor\" data-id=\"db0ed00\" data-element_type=\"widget\" data-widget_type=\"text-editor.default\">\n\t\t\t\t<div class=\"elementor-widget-container\">\n\t\t\t\t\t\t\t<p class=\"elementtoproof\" style=\"margin-bottom: 8.0pt;\"><span style=\"font-size: 11.0pt; font-family: 'Arial',sans-serif; color: black;\"><span style=\"font-family: georgia, palatino, serif; font-size: 12pt;\">Aucun pr\u00e9requis admissible n\u2019a \u00e9t\u00e9 approuv\u00e9 ou accord\u00e9 \u00e0 aucun individu au sein de l\u2019organisation.<\/span><\/span><\/p>\t\t\t\t\t\t<\/div>\n\t\t\t\t<\/div>\n\t\t\t\t\t<\/div>\n\t\t<\/div>\n\t\t\t\t\t<\/div>\n\t\t<\/section>\n\t\t\t\t<section class=\"elementor-section elementor-top-section elementor-element elementor-element-542fd83 elementor-section-boxed elementor-section-height-default elementor-section-height-default\" data-id=\"542fd83\" data-element_type=\"section\" data-settings=\"{&quot;background_background&quot;:&quot;classic&quot;}\">\n\t\t\t\t\t\t<div class=\"elementor-container elementor-column-gap-default\">\n\t\t\t\t\t<div class=\"elementor-column elementor-col-100 elementor-top-column elementor-element elementor-element-a8cc357\" data-id=\"a8cc357\" data-element_type=\"column\">\n\t\t\t<div class=\"elementor-widget-wrap elementor-element-populated\">\n\t\t\t\t\t\t<div class=\"elementor-element elementor-element-77c5062 elementor-widget__width-auto elementor-widget elementor-widget-button\" data-id=\"77c5062\" data-element_type=\"widget\" data-widget_type=\"button.default\">\n\t\t\t\t<div class=\"elementor-widget-container\">\n\t\t\t\t\t<div class=\"elementor-button-wrapper\">\n\t\t\t<a class=\"elementor-button elementor-button-link elementor-size-sm\" href=\"https:\/\/www.clhmidland.on.ca\/wp-content\/uploads\/BPS-Procurement-Directive.pdf\" target=\"_blank\">\n\t\t\t\t\t\t<span class=\"elementor-button-content-wrapper\">\n\t\t\t\t\t\t<span class=\"elementor-button-icon\">\n\t\t\t\t<i aria-hidden=\"true\" class=\"fas fa-file-download\"><\/i>\t\t\t<\/span>\n\t\t\t\t\t\t\t\t\t<span class=\"elementor-button-text\">BPS Procurement Directive (PDF)<\/span>\n\t\t\t\t\t<\/span>\n\t\t\t\t\t<\/a>\n\t\t<\/div>\n\t\t\t\t<\/div>\n\t\t\t\t<\/div>\n\t\t\t\t<div class=\"elementor-element elementor-element-acacad7 elementor-widget__width-auto elementor-widget elementor-widget-button\" data-id=\"acacad7\" data-element_type=\"widget\" data-widget_type=\"button.default\">\n\t\t\t\t<div class=\"elementor-widget-container\">\n\t\t\t\t\t<div class=\"elementor-button-wrapper\">\n\t\t\t<a class=\"elementor-button elementor-button-link elementor-size-sm\" href=\"https:\/\/www.clhmidland.on.ca\/wp-content\/uploads\/Expense-Policy.pdf\">\n\t\t\t\t\t\t<span class=\"elementor-button-content-wrapper\">\n\t\t\t\t\t\t<span class=\"elementor-button-icon\">\n\t\t\t\t<i aria-hidden=\"true\" class=\"fas fa-file-download\"><\/i>\t\t\t<\/span>\n\t\t\t\t\t\t\t\t\t<span class=\"elementor-button-text\">Voyage et D\u00e9penses<\/span>\n\t\t\t\t\t<\/span>\n\t\t\t\t\t<\/a>\n\t\t<\/div>\n\t\t\t\t<\/div>\n\t\t\t\t<\/div>\n\t\t\t\t<div class=\"elementor-element elementor-element-05b71c7 elementor-widget__width-auto elementor-widget elementor-widget-button\" data-id=\"05b71c7\" data-element_type=\"widget\" data-widget_type=\"button.default\">\n\t\t\t\t<div class=\"elementor-widget-container\">\n\t\t\t\t\t<div class=\"elementor-button-wrapper\">\n\t\t\t<a class=\"elementor-button elementor-button-link elementor-size-sm\" href=\"https:\/\/www.clhmidland.on.ca\/wp-content\/uploads\/G-017_CLH_Code_of_Ethics_and_Conduct-1.pdf\" target=\"_blank\">\n\t\t\t\t\t\t<span class=\"elementor-button-content-wrapper\">\n\t\t\t\t\t\t<span class=\"elementor-button-icon\">\n\t\t\t\t<i aria-hidden=\"true\" class=\"fas fa-file-download\"><\/i>\t\t\t<\/span>\n\t\t\t\t\t\t\t\t\t<span class=\"elementor-button-text\">Code of Ethics and Conduct (PDF)<\/span>\n\t\t\t\t\t<\/span>\n\t\t\t\t\t<\/a>\n\t\t<\/div>\n\t\t\t\t<\/div>\n\t\t\t\t<\/div>\n\t\t\t\t<div class=\"elementor-element elementor-element-f5891cf elementor-widget__width-auto elementor-widget elementor-widget-button\" data-id=\"f5891cf\" data-element_type=\"widget\" data-widget_type=\"button.default\">\n\t\t\t\t<div class=\"elementor-widget-container\">\n\t\t\t\t\t<div class=\"elementor-button-wrapper\">\n\t\t\t<a class=\"elementor-button elementor-button-link elementor-size-sm\" href=\"https:\/\/www.clhmidland.on.ca\/wp-content\/uploads\/Procurement-Policy.pdf\" target=\"_blank\">\n\t\t\t\t\t\t<span class=\"elementor-button-content-wrapper\">\n\t\t\t\t\t\t<span class=\"elementor-button-icon\">\n\t\t\t\t<i aria-hidden=\"true\" class=\"fas fa-file-download\"><\/i>\t\t\t<\/span>\n\t\t\t\t\t\t\t\t\t<span class=\"elementor-button-text\">Politique d'approvisionnement (PDF)<\/span>\n\t\t\t\t\t<\/span>\n\t\t\t\t\t<\/a>\n\t\t<\/div>\n\t\t\t\t<\/div>\n\t\t\t\t<\/div>\n\t\t\t\t\t<\/div>\n\t\t<\/div>\n\t\t\t\t\t<\/div>\n\t\t<\/section>\n\t\t\t\t<section class=\"elementor-section elementor-top-section elementor-element elementor-element-3c27270 elementor-section-boxed elementor-section-height-default elementor-section-height-default\" data-id=\"3c27270\" data-element_type=\"section\" data-settings=\"{&quot;background_background&quot;:&quot;classic&quot;}\">\n\t\t\t\t\t\t<div class=\"elementor-container elementor-column-gap-default\">\n\t\t\t\t\t<div class=\"elementor-column elementor-col-100 elementor-top-column elementor-element elementor-element-84fced0\" data-id=\"84fced0\" data-element_type=\"column\">\n\t\t\t<div class=\"elementor-widget-wrap elementor-element-populated\">\n\t\t\t\t\t\t<div class=\"elementor-element elementor-element-1f4d972 elementor-widget elementor-widget-heading\" data-id=\"1f4d972\" data-element_type=\"widget\" data-widget_type=\"heading.default\">\n\t\t\t\t<div class=\"elementor-widget-container\">\n\t\t\t<h2 class=\"elementor-heading-title elementor-size-default\">\u00c9tats financiers et rapports financiers<\/h2>\t\t<\/div>\n\t\t\t\t<\/div>\n\t\t\t\t<div class=\"elementor-element elementor-element-baf3356 elementor-icon-list--layout-traditional elementor-list-item-link-full_width elementor-widget elementor-widget-icon-list\" data-id=\"baf3356\" data-element_type=\"widget\" data-widget_type=\"icon-list.default\">\n\t\t\t\t<div class=\"elementor-widget-container\">\n\t\t\t\t\t<ul class=\"elementor-icon-list-items\">\n\t\t\t\t\t\t\t<li class=\"elementor-icon-list-item\">\n\t\t\t\t\t\t\t\t\t\t\t<a href=\"https:\/\/www.clhmidland.on.ca\/docs\/2023-rapport-annuel\" target=\"_blank\">\n\n\t\t\t\t\t\t\t\t\t\t\t\t<span class=\"elementor-icon-list-icon\">\n\t\t\t\t\t\t\t<i aria-hidden=\"true\" class=\"fas fa-book-open\"><\/i>\t\t\t\t\t\t<\/span>\n\t\t\t\t\t\t\t\t\t\t<span class=\"elementor-icon-list-text\">Rapport Annuel 2022-2023<\/span>\n\t\t\t\t\t\t\t\t\t\t\t<\/a>\n\t\t\t\t\t\t\t\t\t<\/li>\n\t\t\t\t\t\t\t\t<li class=\"elementor-icon-list-item\">\n\t\t\t\t\t\t\t\t\t\t\t<a href=\"https:\/\/www.clhmidland.on.ca\/wp-content\/uploads\/2024-Financial-Statements-CLH-Developmental-Support-Services-1.pdf\" target=\"_blank\">\n\n\t\t\t\t\t\t\t\t\t\t\t\t<span class=\"elementor-icon-list-icon\">\n\t\t\t\t\t\t\t<i aria-hidden=\"true\" class=\"fas fa-link\"><\/i>\t\t\t\t\t\t<\/span>\n\t\t\t\t\t\t\t\t\t\t<span class=\"elementor-icon-list-text\">Rapport Financier 2023-2024 (PDF)<\/span>\n\t\t\t\t\t\t\t\t\t\t\t<\/a>\n\t\t\t\t\t\t\t\t\t<\/li>\n\t\t\t\t\t\t<\/ul>\n\t\t\t\t<\/div>\n\t\t\t\t<\/div>\n\t\t\t\t\t<\/div>\n\t\t<\/div>\n\t\t\t\t\t<\/div>\n\t\t<\/section>\n\t\t\t\t<\/div>\n\t\t","protected":false},"excerpt":{"rendered":"<p>R\u00e9sponsabilit\u00e9 Directive en mati\u00e8re d&#8217;Approvisionnement dans le Secteur Parapublic CLH Services de Soutien au D\u00e9veloppement est assujettis \u00e0 la Directive en mati\u00e8re d\u2019Approvisionnement dans le Secteur Parapublic \u00e9mise par le [&hellip;]<\/p>\n","protected":false},"author":1,"featured_media":0,"parent":3024,"menu_order":2,"comment_status":"closed","ping_status":"closed","template":"elementor_header_footer","meta":{"_exactmetrics_skip_tracking":false,"_exactmetrics_sitenote_active":false,"_exactmetrics_sitenote_note":"","_exactmetrics_sitenote_category":0,"_price":"","_stock":"","_tribe_ticket_header":"","_tribe_default_ticket_provider":"","_tribe_ticket_capacity":"0","_ticket_start_date":"","_ticket_end_date":"","_tribe_ticket_show_description":"","_tribe_ticket_show_not_going":false,"_tribe_ticket_use_global_stock":"","_tribe_ticket_global_stock_level":"","_global_stock_mode":"","_global_stock_cap":"","_tribe_rsvp_for_event":"","_tribe_ticket_going_count":"","_tribe_ticket_not_going_count":"","_tribe_tickets_list":"[]","_tribe_ticket_has_attendee_info_fields":false,"footnotes":"","_tec_slr_enabled":"","_tec_slr_layout":""},"class_list":["post-3026","page","type-page","status-publish","hentry"],"aioseo_notices":[],"ticketed":false,"_links":{"self":[{"href":"https:\/\/www.clhmidland.on.ca\/fr\/wp-json\/wp\/v2\/pages\/3026","targetHints":{"allow":["GET"]}}],"collection":[{"href":"https:\/\/www.clhmidland.on.ca\/fr\/wp-json\/wp\/v2\/pages"}],"about":[{"href":"https:\/\/www.clhmidland.on.ca\/fr\/wp-json\/wp\/v2\/types\/page"}],"author":[{"embeddable":true,"href":"https:\/\/www.clhmidland.on.ca\/fr\/wp-json\/wp\/v2\/users\/1"}],"replies":[{"embeddable":true,"href":"https:\/\/www.clhmidland.on.ca\/fr\/wp-json\/wp\/v2\/comments?post=3026"}],"version-history":[{"count":88,"href":"https:\/\/www.clhmidland.on.ca\/fr\/wp-json\/wp\/v2\/pages\/3026\/revisions"}],"predecessor-version":[{"id":10281,"href":"https:\/\/www.clhmidland.on.ca\/fr\/wp-json\/wp\/v2\/pages\/3026\/revisions\/10281"}],"up":[{"embeddable":true,"href":"https:\/\/www.clhmidland.on.ca\/fr\/wp-json\/wp\/v2\/pages\/3024"}],"wp:attachment":[{"href":"https:\/\/www.clhmidland.on.ca\/fr\/wp-json\/wp\/v2\/media?parent=3026"}],"curies":[{"name":"wp","href":"https:\/\/api.w.org\/{rel}","templated":true}]}}