{"id":3028,"date":"2022-12-08T16:30:28","date_gmt":"2022-12-08T21:30:28","guid":{"rendered":"https:\/\/www.clhmidland.on.ca\/a-propos-de-clh-dss\/histoire"},"modified":"2023-05-31T12:15:58","modified_gmt":"2023-05-31T16:15:58","slug":"histoire","status":"publish","type":"page","link":"https:\/\/www.clhmidland.on.ca\/fr\/a-propos-de-clh-ssd\/histoire","title":{"rendered":"Histoire"},"content":{"rendered":"\t\t<div data-elementor-type=\"wp-page\" data-elementor-id=\"3028\" class=\"elementor elementor-3028 elementor-2479\" data-elementor-post-type=\"page\">\n\t\t\t\t\t\t<section class=\"elementor-section elementor-top-section elementor-element elementor-element-2894f37 elementor-section-boxed elementor-section-height-default elementor-section-height-default\" data-id=\"2894f37\" data-element_type=\"section\" data-settings=\"{&quot;background_background&quot;:&quot;classic&quot;}\">\n\t\t\t\t\t\t\t<div class=\"elementor-background-overlay\"><\/div>\n\t\t\t\t\t\t\t<div class=\"elementor-container elementor-column-gap-default\">\n\t\t\t\t\t<div class=\"elementor-column elementor-col-100 elementor-top-column elementor-element elementor-element-2c9aa90\" data-id=\"2c9aa90\" data-element_type=\"column\">\n\t\t\t<div class=\"elementor-widget-wrap elementor-element-populated\">\n\t\t\t\t\t\t<div class=\"elementor-element elementor-element-60c8611 elementor-widget elementor-widget-heading\" data-id=\"60c8611\" data-element_type=\"widget\" data-widget_type=\"heading.default\">\n\t\t\t\t<div class=\"elementor-widget-container\">\n\t\t\t<h1 class=\"elementor-heading-title elementor-size-default\">Histoire<\/h1>\t\t<\/div>\n\t\t\t\t<\/div>\n\t\t\t\t\t<\/div>\n\t\t<\/div>\n\t\t\t\t\t<\/div>\n\t\t<\/section>\n\t\t\t\t<section class=\"elementor-section elementor-top-section elementor-element elementor-element-3b00a16 elementor-section-boxed elementor-section-height-default elementor-section-height-default\" data-id=\"3b00a16\" data-element_type=\"section\">\n\t\t\t\t\t\t<div class=\"elementor-container elementor-column-gap-default\">\n\t\t\t\t\t<div class=\"elementor-column elementor-col-100 elementor-top-column elementor-element elementor-element-e811ff6\" data-id=\"e811ff6\" data-element_type=\"column\">\n\t\t\t<div class=\"elementor-widget-wrap elementor-element-populated\">\n\t\t\t\t\t\t<div class=\"elementor-element elementor-element-0e7380f elementor-widget elementor-widget-heading\" data-id=\"0e7380f\" data-element_type=\"widget\" data-widget_type=\"heading.default\">\n\t\t\t\t<div class=\"elementor-widget-container\">\n\t\t\t<h2 class=\"elementor-heading-title elementor-size-default\">L'Histoire de CLH Services de Soutien au D\u00e9veloppement<\/h2>\t\t<\/div>\n\t\t\t\t<\/div>\n\t\t\t\t\t<\/div>\n\t\t<\/div>\n\t\t\t\t\t<\/div>\n\t\t<\/section>\n\t\t\t\t<section class=\"elementor-section elementor-top-section elementor-element elementor-element-1c120a2 elementor-section-boxed elementor-section-height-default elementor-section-height-default\" data-id=\"1c120a2\" data-element_type=\"section\">\n\t\t\t\t\t\t<div class=\"elementor-container elementor-column-gap-default\">\n\t\t\t\t\t<div class=\"elementor-column elementor-col-50 elementor-top-column elementor-element elementor-element-fa01ae5\" data-id=\"fa01ae5\" data-element_type=\"column\">\n\t\t\t<div class=\"elementor-widget-wrap elementor-element-populated\">\n\t\t\t\t\t\t<div class=\"elementor-element elementor-element-880e18a elementor-widget elementor-widget-text-editor\" data-id=\"880e18a\" data-element_type=\"widget\" data-widget_type=\"text-editor.default\">\n\t\t\t\t<div class=\"elementor-widget-container\">\n\t\t\t\t\t\t\t<p>Pour CLH SSD, tout a commenc\u00e9 en 1960, quand un groupe de parents organis\u00e9 par Evelyn Banks s\u2019est form\u00e9 pour d\u00e9fendre les possibilit\u00e9s d\u2019\u00e9ducation dans le syst\u00e8me scolaire public pour les enfants ayant une d\u00e9ficience intellectuelle. En septembre 1960, huit enfants de la r\u00e9gion assistaient \u00e0 des cours s\u00e9par\u00e9s \u00e0 la Regent Public School. L\u2019\u00ab Association Huronia \u00bb est n\u00e9e de ce mouvement, connu au fil du temps sous diff\u00e9rents noms. \u00c0 la fin des ann\u00e9es 60, un programme de formation professionnelle des adultes a \u00e9t\u00e9 lanc\u00e9 ainsi que des services pour les enfants d\u2019\u00e2ge pr\u00e9scolaire. En 1971, avec l\u2019aide de clubs philanthropiques locaux, un nouvel atelier et un nouveau bureau ont \u00e9t\u00e9 ouverts sur un grand terrain double sur la rue William qui a \u00e9t\u00e9 donn\u00e9e par la ville de Midland.<\/p>\n<p>L\u2019expansion s\u2019est poursuivie au cours de la d\u00e9cennie suivante, avec la mise en place d\u2019un programme d\u2019aptitudes \u00e0 la vie quotidienne (maintenant connu sous le nom de Programme d\u2019Activit\u00e9s Communautaires) ainsi que le premier domicile avec services de soutien pour 10 adultes. En 1986, des ressources ont \u00e9t\u00e9 fournies pour appuyer la Premi\u00e8re nation Beausoleil sur l\u2019\u00eele Christian. En 1998, un Centre d\u2019Intervention Pr\u00e9coce a \u00e9t\u00e9 ouvert avec des fonds recueillis par le Conseil d\u2019Administration ainsi que du don de la Banque de Montr\u00e9al. McDonald\u2019s a \u00e9galement fait don d\u2019une subvention pour l\u2019achat d\u2019\u00e9quipement de terrain de jeu dans le cadre de ce programme. La Fondation CLH a \u00e9t\u00e9 cr\u00e9\u00e9e en tant qu\u2019organisme de bienfaisance la m\u00eame ann\u00e9e.<\/p>\n<p>En 2004, un bureau pour les Jeunes en \u00c2ge de Transition (TAY) a \u00e9t\u00e9 ouvert, ainsi que le Centre de Traitement Pineview (une maison avec des soutiens sp\u00e9ciaux situ\u00e9e sur le terrain du Centre de Sant\u00e9 Mentale de Penetanguishene). Un programme de traitement r\u00e9gional novateur \u00ab New Places to Live \u00bb a \u00e9t\u00e9 mis sur pied pour les personnes ayant une d\u00e9ficience d\u00e9veloppementale et une d\u00e9ficience \u00e9motionnelle ou psychiatrique. De plus, CLH a \u00e9t\u00e9 reconnu comme l\u2019un des quatre organismes responsables de la cr\u00e9ation et de la coordination d\u2019un R\u00e9seau Communautaire R\u00e9gional de Soins Sp\u00e9cialis\u00e9s, ax\u00e9 sur la prestation de services et de soutien aux personnes ayant un double diagnostic ainsi qu\u2019\u00e0 leur famille.<\/p>\n<p>En 2007, \u00ab One Roof \u00bb a \u00e9t\u00e9 inaugur\u00e9 pour recevoir les bureaux des R\u00e9seaux Communautaires de Soins Sp\u00e9cialis\u00e9s, et de tous les partenaires de CLH fournissant ainsi des Services de Soutien \u00e0 l\u2019Enfance sous le m\u00eame toit. Ces partenaires comprennent les Services de Consultantes en Ressources du Comt\u00e9 de Simcoe (SCRCS), le R\u00e9seau Children\u2019s Treatment, Catulpa, PACE, les Services de Th\u00e9rapie de l\u2019Hopital Soldier Memorial de Orillia et les Services du RVH Preschool Speech &amp; Language. En 2007, une am\u00e9lioration de l\u2019espace des programmes de jour, des activit\u00e9s de base et du personnel de l\u2019agence a \u00e9galement \u00e9t\u00e9 entreprise gr\u00e2ce \u00e0 un don anonyme.<\/p>\n<p>En 2009, la Fondation CLH a achet\u00e9 l\u2019ancien local de la Banque TD situ\u00e9 au 283 rue King pour y accommoder les bureaux administratifs ainsi que le personnel du Programme d&#8217;Emploi Assist\u00e9 et du Programme de Vie Autonome Assist\u00e9e. La Fondation CLH a \u00e9galement achet\u00e9 deux fourgonnettes Uplander qui ont \u00e9t\u00e9 \u00e9quip\u00e9es de si\u00e8ges sp\u00e9ciaux Turney.<\/p>\n<p>En 2010, CLH SSD a c\u00e9l\u00e9brer son 50e anniversaire. La m\u00eame ann\u00e9e, &#8220;Safe Bed&#8221; a ouvert ses portes pour h\u00e9berger temporairement des adultes et des jeunes \u00e0 risque ou sans abri qui avaient des soucis avec la justice.<\/p>\t\t\t\t\t\t<\/div>\n\t\t\t\t<\/div>\n\t\t\t\t\t<\/div>\n\t\t<\/div>\n\t\t\t\t<div class=\"elementor-column elementor-col-50 elementor-top-column elementor-element elementor-element-81930a5\" data-id=\"81930a5\" data-element_type=\"column\">\n\t\t\t<div class=\"elementor-widget-wrap elementor-element-populated\">\n\t\t\t\t\t\t<div class=\"elementor-element elementor-element-0965ec0 elementor-widget-tablet__width-auto elementor-widget-mobile_extra__width-auto elementor-widget-mobile__width-inherit elementor-widget elementor-widget-image\" data-id=\"0965ec0\" data-element_type=\"widget\" data-widget_type=\"image.default\">\n\t\t\t\t<div class=\"elementor-widget-container\">\n\t\t\t\t\t\t\t\t\t\t\t\t\t<img fetchpriority=\"high\" decoding=\"async\" width=\"562\" height=\"375\" src=\"https:\/\/www.clhmidland.on.ca\/wp-content\/uploads\/history-arena.jpg\" class=\"attachment-large size-large wp-image-3877\" alt=\"Un homme pr\u00e9sente un ch\u00e8que \u00e0 un autre homme avec une femme et un homme en arri\u00e8re-plan dans l\u2019ar\u00e8ne de Midland\" srcset=\"https:\/\/www.clhmidland.on.ca\/wp-content\/uploads\/history-arena.jpg 562w, https:\/\/www.clhmidland.on.ca\/wp-content\/uploads\/history-arena-300x200.jpg 300w\" sizes=\"(max-width: 562px) 100vw, 562px\" \/>\t\t\t\t\t\t\t\t\t\t\t\t\t<\/div>\n\t\t\t\t<\/div>\n\t\t\t\t<div class=\"elementor-element elementor-element-8664d21 elementor-widget-tablet__width-auto elementor-widget-mobile_extra__width-auto elementor-widget-mobile__width-inherit elementor-widget elementor-widget-image\" data-id=\"8664d21\" data-element_type=\"widget\" data-widget_type=\"image.default\">\n\t\t\t\t<div class=\"elementor-widget-container\">\n\t\t\t\t\t\t\t\t\t\t\t\t\t<img decoding=\"async\" width=\"562\" height=\"374\" src=\"https:\/\/www.clhmidland.on.ca\/wp-content\/uploads\/history-tony.jpg\" class=\"attachment-large size-large wp-image-3883\" alt=\"Deux hommes \u00e2g\u00e9s et Tony acceptent un ch\u00e8que de Garfield Dunlop.\" srcset=\"https:\/\/www.clhmidland.on.ca\/wp-content\/uploads\/history-tony.jpg 562w, https:\/\/www.clhmidland.on.ca\/wp-content\/uploads\/history-tony-300x200.jpg 300w\" sizes=\"(max-width: 562px) 100vw, 562px\" \/>\t\t\t\t\t\t\t\t\t\t\t\t\t<\/div>\n\t\t\t\t<\/div>\n\t\t\t\t<div class=\"elementor-element elementor-element-d8d706a elementor-widget-tablet__width-auto elementor-widget-mobile_extra__width-auto elementor-widget-mobile__width-inherit elementor-widget elementor-widget-image\" data-id=\"d8d706a\" data-element_type=\"widget\" data-widget_type=\"image.default\">\n\t\t\t\t<div class=\"elementor-widget-container\">\n\t\t\t\t\t\t\t\t\t\t\t\t\t<img decoding=\"async\" width=\"562\" height=\"375\" src=\"https:\/\/www.clhmidland.on.ca\/wp-content\/uploads\/history-house-sketch.jpg\" class=\"attachment-large size-large wp-image-3881\" alt=\"Un croquis d\u2019une maison en brique avec 2 personnes assises sur le porche.\" srcset=\"https:\/\/www.clhmidland.on.ca\/wp-content\/uploads\/history-house-sketch.jpg 562w, https:\/\/www.clhmidland.on.ca\/wp-content\/uploads\/history-house-sketch-300x200.jpg 300w\" sizes=\"(max-width: 562px) 100vw, 562px\" \/>\t\t\t\t\t\t\t\t\t\t\t\t\t<\/div>\n\t\t\t\t<\/div>\n\t\t\t\t<div class=\"elementor-element elementor-element-e13f237 elementor-widget-tablet__width-auto elementor-widget-mobile_extra__width-auto elementor-widget-mobile__width-inherit elementor-widget elementor-widget-image\" data-id=\"e13f237\" data-element_type=\"widget\" data-widget_type=\"image.default\">\n\t\t\t\t<div class=\"elementor-widget-container\">\n\t\t\t\t\t\t\t\t\t\t\t\t\t<img loading=\"lazy\" decoding=\"async\" width=\"562\" height=\"375\" src=\"https:\/\/www.clhmidland.on.ca\/wp-content\/uploads\/history-clipping.jpg\" class=\"attachment-large size-large wp-image-3879\" alt=\"Deux hommes et une femme portant des casquettes de baseball assorties\" srcset=\"https:\/\/www.clhmidland.on.ca\/wp-content\/uploads\/history-clipping.jpg 562w, https:\/\/www.clhmidland.on.ca\/wp-content\/uploads\/history-clipping-300x200.jpg 300w\" sizes=\"(max-width: 562px) 100vw, 562px\" \/>\t\t\t\t\t\t\t\t\t\t\t\t\t<\/div>\n\t\t\t\t<\/div>\n\t\t\t\t\t<\/div>\n\t\t<\/div>\n\t\t\t\t\t<\/div>\n\t\t<\/section>\n\t\t\t\t<section class=\"elementor-section elementor-top-section elementor-element elementor-element-31a1f1b elementor-section-boxed elementor-section-height-default elementor-section-height-default\" data-id=\"31a1f1b\" data-element_type=\"section\" data-settings=\"{&quot;background_background&quot;:&quot;classic&quot;}\">\n\t\t\t\t\t\t<div class=\"elementor-container elementor-column-gap-default\">\n\t\t\t\t\t<div class=\"elementor-column elementor-col-50 elementor-top-column elementor-element elementor-element-ba61433\" data-id=\"ba61433\" data-element_type=\"column\">\n\t\t\t<div class=\"elementor-widget-wrap elementor-element-populated\">\n\t\t\t\t\t\t<div class=\"elementor-element elementor-element-2236195 elementor-widget elementor-widget-heading\" data-id=\"2236195\" data-element_type=\"widget\" data-widget_type=\"heading.default\">\n\t\t\t\t<div class=\"elementor-widget-container\">\n\t\t\t<h2 class=\"elementor-heading-title elementor-size-default\">Au cours de la derni\u00e8re d\u00e9cennie, CLH SSD a continuer d\u2019innover, de grandir et de servir un plus grand nombre de personnes, notamment : This has included:<\/h2>\t\t<\/div>\n\t\t\t\t<\/div>\n\t\t\t\t\t<\/div>\n\t\t<\/div>\n\t\t\t\t<div class=\"elementor-column elementor-col-50 elementor-top-column elementor-element elementor-element-579d678 elementor-hidden-tablet elementor-hidden-mobile_extra elementor-hidden-mobile\" data-id=\"579d678\" data-element_type=\"column\">\n\t\t\t<div class=\"elementor-widget-wrap\">\n\t\t\t\t\t\t\t<\/div>\n\t\t<\/div>\n\t\t\t\t\t<\/div>\n\t\t<\/section>\n\t\t\t\t<section class=\"elementor-section elementor-top-section elementor-element elementor-element-7889403 elementor-section-boxed elementor-section-height-default elementor-section-height-default\" data-id=\"7889403\" data-element_type=\"section\" data-settings=\"{&quot;background_background&quot;:&quot;classic&quot;}\">\n\t\t\t\t\t\t<div class=\"elementor-container elementor-column-gap-default\">\n\t\t\t\t\t<div class=\"elementor-column elementor-col-100 elementor-top-column elementor-element elementor-element-075f6d2\" data-id=\"075f6d2\" data-element_type=\"column\">\n\t\t\t<div class=\"elementor-widget-wrap elementor-element-populated\">\n\t\t\t\t\t\t<section class=\"elementor-section elementor-inner-section elementor-element elementor-element-4ae44b9 elementor-section-boxed elementor-section-height-default elementor-section-height-default\" data-id=\"4ae44b9\" data-element_type=\"section\">\n\t\t\t\t\t\t<div class=\"elementor-container elementor-column-gap-default\">\n\t\t\t\t\t<div class=\"elementor-column elementor-col-50 elementor-inner-column elementor-element elementor-element-f372767\" data-id=\"f372767\" data-element_type=\"column\">\n\t\t\t<div class=\"elementor-widget-wrap elementor-element-populated\">\n\t\t\t\t\t\t<div class=\"elementor-element elementor-element-7c62158 elementor-widget elementor-widget-text-editor\" data-id=\"7c62158\" data-element_type=\"widget\" data-widget_type=\"text-editor.default\">\n\t\t\t\t<div class=\"elementor-widget-container\">\n\t\t\t\t\t\t\t<ul>\n\t<li>L\u2019ouverture du Centre de Traitement Beacon en partenariat avec Le Centre Waypoint pour les patients m\u00e9dico-l\u00e9gaux (2013).<\/li>\n\t<li>L\u2019ex\u00e9cution d\u2019un contrat par le Comt\u00e9 de Simcoe pour fournir des Services de Consultantes en Ressources en fran\u00e7ais \u00e0 l\u2019\u00e9chelle du Comt\u00e9 pour les familles francophones (2014).<\/li>\n\t<li>L\u2019ex\u00e9cution d\u2019un contrat avec la Premi\u00e8re Nation Beausoleil pour que CLH fournisse les Services de Consultantes en Ressources du Comt\u00e9 de Simcoe (SCRCS) \u00e0 leur collectivit\u00e9 tout au long de l\u2019ann\u00e9e (2014).<\/li>\n\t<li>L\u2019ouverture de Juneau, une maison de soutien en comportement \u00e0 haute intensit\u00e9 \u00e0 double diagnostic (2015).<\/li>\n\t<li>L\u2019attribution du prix de Leader pour les Services de Consultantes en Ressources \u00e0 travers tout le Comt\u00e9 de Simcoe (2016).<\/li>\n\t<li>L\u2019endossement de la position de Leader pour les Services de Consultantes en Ressources \u00e0 travers le Comt\u00e9 de Simcoe (2017).<\/li>\n\t<li>Le transfert de la gestion du financement du Comt\u00e9 de Simcoe au Programme de Qualit\u00e9 Inclusive des Services de Soutien (QISS). Soutien aux garderies agr\u00e9\u00e9es dans le Comt\u00e9 de Simcoe (juillet 2021).<\/li>\n<\/ul>\t\t\t\t\t\t<\/div>\n\t\t\t\t<\/div>\n\t\t\t\t\t<\/div>\n\t\t<\/div>\n\t\t\t\t<div class=\"elementor-column elementor-col-50 elementor-inner-column elementor-element elementor-element-06d3123\" data-id=\"06d3123\" data-element_type=\"column\">\n\t\t\t<div class=\"elementor-widget-wrap elementor-element-populated\">\n\t\t\t\t\t\t<div class=\"elementor-element elementor-element-96fd9ef elementor-widget elementor-widget-text-editor\" data-id=\"96fd9ef\" data-element_type=\"widget\" data-widget_type=\"text-editor.default\">\n\t\t\t\t<div class=\"elementor-widget-container\">\n\t\t\t\t\t\t\t<ul>\n<li>Pr\u00e9sentation du Programme Ontarien des Services en Mati\u00e8re d\u2019Autisme (POSA), M\u00e9diateur des Fournisseurs de Soins de la Petite Enfance (Play Project) aux parents et tuteurs du Comt\u00e9 de Simcoe (sept 2021).<\/li>\n<li>En 2018, apr\u00e8s 43 ans de service d\u00e9vou\u00e9, Tony Vipond a pris sa retraite en tant que PDG de CLH SSD et Dean Johnson est devenu Pr\u00e9sident-Directeur G\u00e9n\u00e9ral.<\/li>\n<li>Dans le contexte de la COVID-19, de nombreux programmes de CLH ont d\u00fb cro\u00eetre et s\u2019adapter, l\u2019un d\u2019eux \u00e9tant le \u00ab programme de jour \u00bb qui est maintenant connu sous le nom de \u00ab Programmes d&#8217;Activit\u00e9s Communautaires \u00bb (PSC). Les mesures de soutien sur la rue Olive sont maintenant une combinaison de programmes virtuels (pour les personnes du Programme de R\u00e9sidence avec Services de Soutien ) et de mesures de soutien en personne ax\u00e9es sur la collectivit\u00e9 (2020-2021).<\/li>\n<li>En d\u00e9cembre 2021, les bureaux administratifs sont pass\u00e9s des bureaux de la rue King aux bureaux de la rue Olive. Cela permettra \u00e0 l&#8217;espace de la rue King de devenir un espace de programmation pour SIL, SEP et TAY. Une r\u00e9novation compl\u00e8te du b\u00e2timent a commenc\u00e9 pour s\u2019assurer que l\u2019espace peut \u00eatre utilis\u00e9 par tout le monde.<\/li>\n<li>En mars 2022, un nouveau Programme Ontarien des Services en Mati\u00e8re d\u2019Autisme (POSA) a \u00e9t\u00e9 lanc\u00e9, D\u00e9buts Scolaires (ETS). Ce programme vise \u00e0 aider les enfants autistes \u00e0 se pr\u00e9parer \u00e0 l\u2019\u00e9cole dans la r\u00e9gion du Comt\u00e9 de Simcoe.<\/li>\n<\/ul>\t\t\t\t\t\t<\/div>\n\t\t\t\t<\/div>\n\t\t\t\t\t<\/div>\n\t\t<\/div>\n\t\t\t\t\t<\/div>\n\t\t<\/section>\n\t\t\t\t\t<\/div>\n\t\t<\/div>\n\t\t\t\t\t<\/div>\n\t\t<\/section>\n\t\t\t\t<\/div>\n\t\t","protected":false},"excerpt":{"rendered":"<p>Histoire L&#8217;Histoire de CLH Services de Soutien au D\u00e9veloppement Pour CLH SSD, tout a commenc\u00e9 en 1960, quand un groupe de parents organis\u00e9 par Evelyn Banks s\u2019est form\u00e9 pour d\u00e9fendre [&hellip;]<\/p>\n","protected":false},"author":1,"featured_media":0,"parent":3024,"menu_order":0,"comment_status":"closed","ping_status":"closed","template":"elementor_header_footer","meta":{"_exactmetrics_skip_tracking":false,"_exactmetrics_sitenote_active":false,"_exactmetrics_sitenote_note":"","_exactmetrics_sitenote_category":0,"_price":"","_stock":"","_tribe_ticket_header":"","_tribe_default_ticket_provider":"","_tribe_ticket_capacity":"0","_ticket_start_date":"","_ticket_end_date":"","_tribe_ticket_show_description":"","_tribe_ticket_show_not_going":false,"_tribe_ticket_use_global_stock":"","_tribe_ticket_global_stock_level":"","_global_stock_mode":"","_global_stock_cap":"","_tribe_rsvp_for_event":"","_tribe_ticket_going_count":"","_tribe_ticket_not_going_count":"","_tribe_tickets_list":"[]","_tribe_ticket_has_attendee_info_fields":false,"footnotes":"","_tec_slr_enabled":"","_tec_slr_layout":""},"class_list":["post-3028","page","type-page","status-publish","hentry"],"aioseo_notices":[],"ticketed":false,"_links":{"self":[{"href":"https:\/\/www.clhmidland.on.ca\/fr\/wp-json\/wp\/v2\/pages\/3028","targetHints":{"allow":["GET"]}}],"collection":[{"href":"https:\/\/www.clhmidland.on.ca\/fr\/wp-json\/wp\/v2\/pages"}],"about":[{"href":"https:\/\/www.clhmidland.on.ca\/fr\/wp-json\/wp\/v2\/types\/page"}],"author":[{"embeddable":true,"href":"https:\/\/www.clhmidland.on.ca\/fr\/wp-json\/wp\/v2\/users\/1"}],"replies":[{"embeddable":true,"href":"https:\/\/www.clhmidland.on.ca\/fr\/wp-json\/wp\/v2\/comments?post=3028"}],"version-history":[{"count":38,"href":"https:\/\/www.clhmidland.on.ca\/fr\/wp-json\/wp\/v2\/pages\/3028\/revisions"}],"predecessor-version":[{"id":7192,"href":"https:\/\/www.clhmidland.on.ca\/fr\/wp-json\/wp\/v2\/pages\/3028\/revisions\/7192"}],"up":[{"embeddable":true,"href":"https:\/\/www.clhmidland.on.ca\/fr\/wp-json\/wp\/v2\/pages\/3024"}],"wp:attachment":[{"href":"https:\/\/www.clhmidland.on.ca\/fr\/wp-json\/wp\/v2\/media?parent=3028"}],"curies":[{"name":"wp","href":"https:\/\/api.w.org\/{rel}","templated":true}]}}