{"id":3042,"date":"2022-06-14T14:26:42","date_gmt":"2022-06-14T18:26:42","guid":{"rendered":"https:\/\/www.clhmidland.on.ca\/services-pour-adultes\/cnsc-ce"},"modified":"2025-03-11T10:08:55","modified_gmt":"2025-03-11T14:08:55","slug":"ccsn-ce","status":"publish","type":"page","link":"https:\/\/www.clhmidland.on.ca\/fr\/services-pour-adultes\/ccsn-ce","title":{"rendered":"CCSN &#8211; CE"},"content":{"rendered":"\t\t<div data-elementor-type=\"wp-page\" data-elementor-id=\"3042\" class=\"elementor elementor-3042 elementor-936\" data-elementor-post-type=\"page\">\n\t\t\t\t\t\t<section class=\"elementor-section elementor-top-section elementor-element elementor-element-2894f37 elementor-section-boxed elementor-section-height-default elementor-section-height-default\" data-id=\"2894f37\" data-element_type=\"section\" data-settings=\"{&quot;background_background&quot;:&quot;classic&quot;}\">\n\t\t\t\t\t\t\t<div class=\"elementor-background-overlay\"><\/div>\n\t\t\t\t\t\t\t<div class=\"elementor-container elementor-column-gap-default\">\n\t\t\t\t\t<div class=\"elementor-column elementor-col-100 elementor-top-column elementor-element elementor-element-2c9aa90\" data-id=\"2c9aa90\" data-element_type=\"column\">\n\t\t\t<div class=\"elementor-widget-wrap elementor-element-populated\">\n\t\t\t\t\t\t<div class=\"elementor-element elementor-element-60c8611 elementor-widget elementor-widget-heading\" data-id=\"60c8611\" data-element_type=\"widget\" data-widget_type=\"heading.default\">\n\t\t\t\t<div class=\"elementor-widget-container\">\n\t\t\t<h1 class=\"elementor-heading-title elementor-size-default\">R\u00e9seaux Communautaires de Soins Sp\u00e9cialis\u00e9s (CCSN-CE)<\/h1>\t\t<\/div>\n\t\t\t\t<\/div>\n\t\t\t\t\t<\/div>\n\t\t<\/div>\n\t\t\t\t\t<\/div>\n\t\t<\/section>\n\t\t\t\t<section class=\"elementor-section elementor-top-section elementor-element elementor-element-01c45d5 elementor-section-boxed elementor-section-height-default elementor-section-height-default\" data-id=\"01c45d5\" data-element_type=\"section\">\n\t\t\t\t\t\t<div class=\"elementor-container elementor-column-gap-default\">\n\t\t\t\t\t<div class=\"elementor-column elementor-col-100 elementor-top-column elementor-element elementor-element-994b4f6\" data-id=\"994b4f6\" data-element_type=\"column\">\n\t\t\t<div class=\"elementor-widget-wrap elementor-element-populated\">\n\t\t\t\t\t\t<div class=\"elementor-element elementor-element-5f06515 elementor-widget elementor-widget-heading\" data-id=\"5f06515\" data-element_type=\"widget\" data-widget_type=\"heading.default\">\n\t\t\t\t<div class=\"elementor-widget-container\">\n\t\t\t<h2 class=\"elementor-heading-title elementor-size-default\">Offrir un Soutien Clinique Sp\u00e9cialis\u00e9 et des liens aux Personnes ayant un Double Diagnostic<\/h2>\t\t<\/div>\n\t\t\t\t<\/div>\n\t\t\t\t\t<\/div>\n\t\t<\/div>\n\t\t\t\t\t<\/div>\n\t\t<\/section>\n\t\t\t\t<section class=\"elementor-section elementor-top-section elementor-element elementor-element-3b00a16 elementor-section-content-middle elementor-section-boxed elementor-section-height-default elementor-section-height-default\" data-id=\"3b00a16\" data-element_type=\"section\">\n\t\t\t\t\t\t<div class=\"elementor-container elementor-column-gap-default\">\n\t\t\t\t\t<div class=\"elementor-column elementor-col-50 elementor-top-column elementor-element elementor-element-e811ff6\" data-id=\"e811ff6\" data-element_type=\"column\">\n\t\t\t<div class=\"elementor-widget-wrap elementor-element-populated\">\n\t\t\t\t\t\t<div class=\"elementor-element elementor-element-14ba0e5 elementor-widget elementor-widget-text-editor\" data-id=\"14ba0e5\" data-element_type=\"widget\" data-widget_type=\"text-editor.default\">\n\t\t\t\t<div class=\"elementor-widget-container\">\n\t\t\t\t\t\t\t<p>CLH Services de Soutien au D\u00e9veloppement est l\u2019organisme responsable des R\u00e9seaux Communautaires de Soins Sp\u00e9cialis\u00e9s \u2013 Centre-Est (CCSN \u2013 CE). Le CCSN-CE assure la coordination et les liens pour les adultes ayant une d\u00e9ficience intellectuelle et ayant des besoins \u00e9lev\u00e9s en mati\u00e8re de soutien et de soins complexes \u00e0 la province d\u2019Ontario et les territoires du Nord, ainsi que des ressources sp\u00e9cialis\u00e9es pour la consultation et le traitement.<\/p>\t\t\t\t\t\t<\/div>\n\t\t\t\t<\/div>\n\t\t\t\t\t<\/div>\n\t\t<\/div>\n\t\t\t\t<div class=\"elementor-column elementor-col-50 elementor-top-column elementor-element elementor-element-a10a09f\" data-id=\"a10a09f\" data-element_type=\"column\">\n\t\t\t<div class=\"elementor-widget-wrap elementor-element-populated\">\n\t\t\t\t\t\t<div class=\"elementor-element elementor-element-1358ff6 elementor-widget elementor-widget-image\" data-id=\"1358ff6\" data-element_type=\"widget\" data-widget_type=\"image.default\">\n\t\t\t\t<div class=\"elementor-widget-container\">\n\t\t\t\t\t\t\t\t\t\t\t\t\t<img fetchpriority=\"high\" decoding=\"async\" width=\"800\" height=\"276\" src=\"https:\/\/www.clhmidland.on.ca\/wp-content\/uploads\/CNSC-Logo.png\" class=\"attachment-large size-large wp-image-4783\" alt=\"Logo du R\u00e9seau Communautaire de Soins Sp\u00e9cialis\u00e9s du Centre-Est.\" srcset=\"https:\/\/www.clhmidland.on.ca\/wp-content\/uploads\/CNSC-Logo.png 900w, https:\/\/www.clhmidland.on.ca\/wp-content\/uploads\/CNSC-Logo-300x104.png 300w, https:\/\/www.clhmidland.on.ca\/wp-content\/uploads\/CNSC-Logo-768x265.png 768w\" sizes=\"(max-width: 800px) 100vw, 800px\" \/>\t\t\t\t\t\t\t\t\t\t\t\t\t<\/div>\n\t\t\t\t<\/div>\n\t\t\t\t\t<\/div>\n\t\t<\/div>\n\t\t\t\t\t<\/div>\n\t\t<\/section>\n\t\t\t\t<section class=\"elementor-section elementor-top-section elementor-element elementor-element-7c9fb85 elementor-section-boxed elementor-section-height-default elementor-section-height-default\" data-id=\"7c9fb85\" data-element_type=\"section\" data-settings=\"{&quot;background_background&quot;:&quot;classic&quot;}\">\n\t\t\t\t\t\t<div class=\"elementor-container elementor-column-gap-default\">\n\t\t\t\t\t<div class=\"elementor-column elementor-col-100 elementor-top-column elementor-element elementor-element-9b8d948\" data-id=\"9b8d948\" data-element_type=\"column\">\n\t\t\t<div class=\"elementor-widget-wrap elementor-element-populated\">\n\t\t\t\t\t\t<div class=\"elementor-element elementor-element-054a4c2 elementor-widget elementor-widget-heading\" data-id=\"054a4c2\" data-element_type=\"widget\" data-widget_type=\"heading.default\">\n\t\t\t\t<div class=\"elementor-widget-container\">\n\t\t\t<h2 class=\"elementor-heading-title elementor-size-default\">Le Mandat du CCSN-CE<\/h2>\t\t<\/div>\n\t\t\t\t<\/div>\n\t\t\t\t<div class=\"elementor-element elementor-element-0403767 elementor-widget elementor-widget-text-editor\" data-id=\"0403767\" data-element_type=\"widget\" data-widget_type=\"text-editor.default\">\n\t\t\t\t<div class=\"elementor-widget-container\">\n\t\t\t\t\t\t\t<p>Le mandat du CCSN-CE est de fournir des ressources suppl\u00e9mentaires qui aideront \u00e0 combler les lacunes dans le syst\u00e8me de services en :<\/p>\n<ul>\n<li>Coordonnant le soutien et les services en assurant une coordination de soutien complexe pour les personnes et en agissant comme ressource aupr\u00e8s des organismes de services, de Services aux Personnes ayant une D\u00e9ficience Intellectuelle Ontario et des bureaux de planification des syst\u00e8mes locaux (y compris les interventions d\u2019urgence et la solution de service\/r\u00e9solution de cas).<\/li>\n<li>Renfor\u00e7ant les capacit\u00e9s par l\u2019\u00e9ducation, le mentorat et le soutien aux autres gestionnaires de cas et organismes de services.<\/li>\n<li>Assurant la coordination provinciale des ressources sp\u00e9cialis\u00e9es en vid\u00e9oconf\u00e9rence et en fran\u00e7ais.<\/li>\n<\/ul>\n<p>Pour remplir ce mandat, le CCSN-CE utilise les quatre fonctions suivantes :<\/p>\n<ol>\n<li>Coordination Clinique de Soutien Complexe<\/li>\n<li>Coordination Clinique de la Justice en cas de Double Diagnostic<\/li>\n<li class=\"elementtoproof\"><span style=\"color: #000000; font-size: 12pt;\">Consultation Clinique en soins de Sant\u00e9<\/span><\/li>\n<li>Ressources du Syst\u00e8me de Service<\/li>\n<\/ol>\n<p>Si vous avez d\u2019autres questions au sujet du programme de formation continue du CCSN-CE, veuillez communiquer avec <a href=\"mailto:clhmid@clhmidland.on.ca?Subject=CNSC%20-%20CE\">la bo\u00eete aux lettres g\u00e9n\u00e9rale<\/a><\/p>\t\t\t\t\t\t<\/div>\n\t\t\t\t<\/div>\n\t\t\t\t<div class=\"elementor-element elementor-element-0a4777d elementor-widget elementor-widget-button\" data-id=\"0a4777d\" data-element_type=\"widget\" data-widget_type=\"button.default\">\n\t\t\t\t<div class=\"elementor-widget-container\">\n\t\t\t\t\t<div class=\"elementor-button-wrapper\">\n\t\t\t<a class=\"elementor-button elementor-button-link elementor-size-sm\" href=\"http:\/\/reseaux-communautaires.ca\/\" target=\"_blank\">\n\t\t\t\t\t\t<span class=\"elementor-button-content-wrapper\">\n\t\t\t\t\t\t\t\t\t<span class=\"elementor-button-text\">Le site des R\u00e9seaux Communautaires de Soins Sp\u00e9cialis\u00e9s<\/span>\n\t\t\t\t\t<\/span>\n\t\t\t\t\t<\/a>\n\t\t<\/div>\n\t\t\t\t<\/div>\n\t\t\t\t<\/div>\n\t\t\t\t\t<\/div>\n\t\t<\/div>\n\t\t\t\t\t<\/div>\n\t\t<\/section>\n\t\t\t\t<section class=\"elementor-section elementor-top-section elementor-element elementor-element-b3506ce elementor-section-content-middle elementor-section-boxed elementor-section-height-default elementor-section-height-default\" data-id=\"b3506ce\" data-element_type=\"section\" data-settings=\"{&quot;background_background&quot;:&quot;classic&quot;}\">\n\t\t\t\t\t\t<div class=\"elementor-container elementor-column-gap-default\">\n\t\t\t\t\t<div class=\"elementor-column elementor-col-100 elementor-top-column elementor-element elementor-element-f012b1b\" data-id=\"f012b1b\" data-element_type=\"column\">\n\t\t\t<div class=\"elementor-widget-wrap elementor-element-populated\">\n\t\t\t\t\t\t<section class=\"elementor-section elementor-inner-section elementor-element elementor-element-35c4d47 elementor-section-content-middle elementor-section-boxed elementor-section-height-default elementor-section-height-default\" data-id=\"35c4d47\" data-element_type=\"section\">\n\t\t\t\t\t\t<div class=\"elementor-container elementor-column-gap-default\">\n\t\t\t\t\t<div class=\"elementor-column elementor-col-50 elementor-inner-column elementor-element elementor-element-d3baf03\" data-id=\"d3baf03\" data-element_type=\"column\">\n\t\t\t<div class=\"elementor-widget-wrap elementor-element-populated\">\n\t\t\t\t\t\t<div class=\"elementor-element elementor-element-b09034e elementor-view-default elementor-widget elementor-widget-icon\" data-id=\"b09034e\" data-element_type=\"widget\" data-widget_type=\"icon.default\">\n\t\t\t\t<div class=\"elementor-widget-container\">\n\t\t\t\t\t<div class=\"elementor-icon-wrapper\">\n\t\t\t<div class=\"elementor-icon\">\n\t\t\t<i aria-hidden=\"true\" class=\"far fa-lightbulb\"><\/i>\t\t\t<\/div>\n\t\t<\/div>\n\t\t\t\t<\/div>\n\t\t\t\t<\/div>\n\t\t\t\t\t<\/div>\n\t\t<\/div>\n\t\t\t\t<div class=\"elementor-column elementor-col-50 elementor-inner-column elementor-element elementor-element-aee2fc9\" data-id=\"aee2fc9\" data-element_type=\"column\">\n\t\t\t<div class=\"elementor-widget-wrap elementor-element-populated\">\n\t\t\t\t\t\t<div class=\"elementor-element elementor-element-42a1142 elementor-widget__width-auto elementor-widget elementor-widget-heading\" data-id=\"42a1142\" data-element_type=\"widget\" data-widget_type=\"heading.default\">\n\t\t\t\t<div class=\"elementor-widget-container\">\n\t\t\t<h2 class=\"elementor-heading-title elementor-size-default\">Pour faire une demande d\u2019acc\u00e8s au CCSN-CE, communiquez avec les Services aux Personnes ayant une D\u00e9ficience Intellectuelle de la R\u00e9gion du Centre-Est de l\u2019Ontario au 1-855-277-2121.<\/h2>\t\t<\/div>\n\t\t\t\t<\/div>\n\t\t\t\t\t<\/div>\n\t\t<\/div>\n\t\t\t\t\t<\/div>\n\t\t<\/section>\n\t\t\t\t\t<\/div>\n\t\t<\/div>\n\t\t\t\t\t<\/div>\n\t\t<\/section>\n\t\t\t\t<section class=\"elementor-section elementor-top-section elementor-element elementor-element-9f6ce41 elementor-section-boxed elementor-section-height-default elementor-section-height-default\" data-id=\"9f6ce41\" data-element_type=\"section\">\n\t\t\t\t\t\t<div class=\"elementor-container elementor-column-gap-default\">\n\t\t\t\t\t<div class=\"elementor-column elementor-col-100 elementor-top-column elementor-element elementor-element-078fd17\" data-id=\"078fd17\" data-element_type=\"column\">\n\t\t\t<div class=\"elementor-widget-wrap elementor-element-populated\">\n\t\t\t\t\t\t<div class=\"elementor-element elementor-element-ed2dbee elementor-widget elementor-widget-heading\" data-id=\"ed2dbee\" data-element_type=\"widget\" data-widget_type=\"heading.default\">\n\t\t\t\t<div class=\"elementor-widget-container\">\n\t\t\t<h2 class=\"elementor-heading-title elementor-size-default\">PROGRAMMES DE SOUTIEN POUR ADULTES CONNEXES<\/h2>\t\t<\/div>\n\t\t\t\t<\/div>\n\t\t\t\t\t<\/div>\n\t\t<\/div>\n\t\t\t\t\t<\/div>\n\t\t<\/section>\n\t\t\t\t<section class=\"elementor-section elementor-top-section elementor-element elementor-element-d71d343 elementor-section-boxed elementor-section-height-default elementor-section-height-default\" data-id=\"d71d343\" data-element_type=\"section\" data-settings=\"{&quot;background_background&quot;:&quot;classic&quot;}\">\n\t\t\t\t\t\t<div class=\"elementor-container elementor-column-gap-default\">\n\t\t\t\t\t<div class=\"elementor-column elementor-col-33 elementor-top-column elementor-element elementor-element-5bb9c61\" data-id=\"5bb9c61\" data-element_type=\"column\">\n\t\t\t<div class=\"elementor-widget-wrap elementor-element-populated\">\n\t\t\t\t\t\t<div class=\"elementor-element elementor-element-eb6202c elementor-widget elementor-widget-image\" data-id=\"eb6202c\" data-element_type=\"widget\" data-widget_type=\"image.default\">\n\t\t\t\t<div class=\"elementor-widget-container\">\n\t\t\t\t\t\t\t\t\t\t\t\t\t<img decoding=\"async\" width=\"408\" height=\"298\" src=\"https:\/\/www.clhmidland.on.ca\/wp-content\/uploads\/supported-independent-living.png\" class=\"attachment-large size-large wp-image-2921\" alt=\"Une femme portant des lunettes et un tablier ray\u00e9 travaille dans la cuisine.\" srcset=\"https:\/\/www.clhmidland.on.ca\/wp-content\/uploads\/supported-independent-living.png 408w, https:\/\/www.clhmidland.on.ca\/wp-content\/uploads\/supported-independent-living-300x219.png 300w\" sizes=\"(max-width: 408px) 100vw, 408px\" \/>\t\t\t\t\t\t\t\t\t\t\t\t\t<\/div>\n\t\t\t\t<\/div>\n\t\t\t\t<div class=\"elementor-element elementor-element-9d52305 elementor-absolute elementor-widget elementor-widget-heading\" data-id=\"9d52305\" data-element_type=\"widget\" data-settings=\"{&quot;_position&quot;:&quot;absolute&quot;}\" data-widget_type=\"heading.default\">\n\t\t\t\t<div class=\"elementor-widget-container\">\n\t\t\t<h2 class=\"elementor-heading-title elementor-size-default\"><a href=\"https:\/\/www.clhmidland.on.ca\/fr\/services-pour-adultes\/vie-autonome-assistee-sil\" aria-label=\"Vie Autonome Assist\u00e9e\">Vie Autonome <br>Assist\u00e9e<br> (SIL)<\/a><\/h2>\t\t<\/div>\n\t\t\t\t<\/div>\n\t\t\t\t\t<\/div>\n\t\t<\/div>\n\t\t\t\t<div class=\"elementor-column elementor-col-33 elementor-top-column elementor-element elementor-element-e462ff2\" data-id=\"e462ff2\" data-element_type=\"column\">\n\t\t\t<div class=\"elementor-widget-wrap elementor-element-populated\">\n\t\t\t\t\t\t<div class=\"elementor-element elementor-element-9598c1d elementor-widget elementor-widget-image\" data-id=\"9598c1d\" data-element_type=\"widget\" data-widget_type=\"image.default\">\n\t\t\t\t<div class=\"elementor-widget-container\">\n\t\t\t\t\t\t\t\t\t\t\t\t\t<img decoding=\"async\" width=\"408\" height=\"298\" src=\"https:\/\/www.clhmidland.on.ca\/wp-content\/uploads\/family-home-prog.png\" class=\"attachment-large size-large wp-image-2922\" alt=\"Deux femmes jouent avec un chien brun et blanc.\" srcset=\"https:\/\/www.clhmidland.on.ca\/wp-content\/uploads\/family-home-prog.png 408w, https:\/\/www.clhmidland.on.ca\/wp-content\/uploads\/family-home-prog-300x219.png 300w\" sizes=\"(max-width: 408px) 100vw, 408px\" \/>\t\t\t\t\t\t\t\t\t\t\t\t\t<\/div>\n\t\t\t\t<\/div>\n\t\t\t\t<div class=\"elementor-element elementor-element-88c413f elementor-absolute elementor-widget elementor-widget-heading\" data-id=\"88c413f\" data-element_type=\"widget\" data-settings=\"{&quot;_position&quot;:&quot;absolute&quot;}\" data-widget_type=\"heading.default\">\n\t\t\t\t<div class=\"elementor-widget-container\">\n\t\t\t<h2 class=\"elementor-heading-title elementor-size-default\"><a href=\"https:\/\/www.clhmidland.on.ca\/fr\/services-pour-adultes\/programme-passeport\" aria-label=\"Programme Passeport\">Passeport<br>Programme<\/a><\/h2>\t\t<\/div>\n\t\t\t\t<\/div>\n\t\t\t\t\t<\/div>\n\t\t<\/div>\n\t\t\t\t<div class=\"elementor-column elementor-col-33 elementor-top-column elementor-element elementor-element-779410d\" data-id=\"779410d\" data-element_type=\"column\">\n\t\t\t<div class=\"elementor-widget-wrap elementor-element-populated\">\n\t\t\t\t\t\t<div class=\"elementor-element elementor-element-2f4ac3a elementor-widget elementor-widget-image\" data-id=\"2f4ac3a\" data-element_type=\"widget\" data-widget_type=\"image.default\">\n\t\t\t\t<div class=\"elementor-widget-container\">\n\t\t\t\t\t\t\t\t\t\t\t\t\t<img loading=\"lazy\" decoding=\"async\" width=\"408\" height=\"298\" src=\"https:\/\/www.clhmidland.on.ca\/wp-content\/uploads\/community-participation.png\" class=\"attachment-large size-large wp-image-2920\" alt=\"Des volontaires chargent des sacs de papier marron.\" srcset=\"https:\/\/www.clhmidland.on.ca\/wp-content\/uploads\/community-participation.png 408w, https:\/\/www.clhmidland.on.ca\/wp-content\/uploads\/community-participation-300x219.png 300w\" sizes=\"(max-width: 408px) 100vw, 408px\" \/>\t\t\t\t\t\t\t\t\t\t\t\t\t<\/div>\n\t\t\t\t<\/div>\n\t\t\t\t<div class=\"elementor-element elementor-element-6b12106 elementor-absolute elementor-widget elementor-widget-heading\" data-id=\"6b12106\" data-element_type=\"widget\" data-settings=\"{&quot;_position&quot;:&quot;absolute&quot;}\" data-widget_type=\"heading.default\">\n\t\t\t\t<div class=\"elementor-widget-container\">\n\t\t\t<h2 class=\"elementor-heading-title elementor-size-default\"><a href=\"https:\/\/www.clhmidland.on.ca\/fr\/services-pour-adultes\/famille-daccueil-hfp\" aria-label=\"Famille d&#039;Accueil\">FAMILLE<br>D'ACCUEIL<\/a><\/h2>\t\t<\/div>\n\t\t\t\t<\/div>\n\t\t\t\t\t<\/div>\n\t\t<\/div>\n\t\t\t\t\t<\/div>\n\t\t<\/section>\n\t\t\t\t<section class=\"elementor-section elementor-top-section elementor-element elementor-element-bafb5ff elementor-section-boxed elementor-section-height-default elementor-section-height-default\" data-id=\"bafb5ff\" data-element_type=\"section\">\n\t\t\t\t\t\t<div class=\"elementor-container elementor-column-gap-default\">\n\t\t\t\t\t<div class=\"elementor-column elementor-col-100 elementor-top-column elementor-element elementor-element-b5990f8\" data-id=\"b5990f8\" data-element_type=\"column\">\n\t\t\t<div class=\"elementor-widget-wrap\">\n\t\t\t\t\t\t\t<\/div>\n\t\t<\/div>\n\t\t\t\t\t<\/div>\n\t\t<\/section>\n\t\t\t\t<section class=\"elementor-section elementor-top-section elementor-element elementor-element-76e99e0 elementor-section-height-min-height elementor-hidden-mobile_extra elementor-hidden-mobile elementor-section-boxed elementor-section-height-default elementor-section-items-middle\" data-id=\"76e99e0\" data-element_type=\"section\" data-settings=\"{&quot;background_background&quot;:&quot;classic&quot;}\">\n\t\t\t\t\t\t<div class=\"elementor-container elementor-column-gap-default\">\n\t\t\t\t\t<div class=\"elementor-column elementor-col-100 elementor-top-column elementor-element elementor-element-7892459\" data-id=\"7892459\" data-element_type=\"column\">\n\t\t\t<div class=\"elementor-widget-wrap\">\n\t\t\t\t\t\t\t<\/div>\n\t\t<\/div>\n\t\t\t\t\t<\/div>\n\t\t<\/section>\n\t\t\t\t<\/div>\n\t\t","protected":false},"excerpt":{"rendered":"<p>R\u00e9seaux Communautaires de Soins Sp\u00e9cialis\u00e9s (CCSN-CE) Offrir un Soutien Clinique Sp\u00e9cialis\u00e9 et des liens aux Personnes ayant un Double Diagnostic CLH Services de Soutien au D\u00e9veloppement est l\u2019organisme responsable des [&hellip;]<\/p>\n","protected":false},"author":1,"featured_media":0,"parent":3032,"menu_order":0,"comment_status":"closed","ping_status":"closed","template":"elementor_header_footer","meta":{"_exactmetrics_skip_tracking":false,"_exactmetrics_sitenote_active":false,"_exactmetrics_sitenote_note":"","_exactmetrics_sitenote_category":0,"_price":"","_stock":"","_tribe_ticket_header":"","_tribe_default_ticket_provider":"","_tribe_ticket_capacity":"0","_ticket_start_date":"","_ticket_end_date":"","_tribe_ticket_show_description":"","_tribe_ticket_show_not_going":false,"_tribe_ticket_use_global_stock":"","_tribe_ticket_global_stock_level":"","_global_stock_mode":"","_global_stock_cap":"","_tribe_rsvp_for_event":"","_tribe_ticket_going_count":"","_tribe_ticket_not_going_count":"","_tribe_tickets_list":"[]","_tribe_ticket_has_attendee_info_fields":false,"footnotes":"","_tec_slr_enabled":"","_tec_slr_layout":""},"class_list":["post-3042","page","type-page","status-publish","hentry"],"aioseo_notices":[],"ticketed":false,"_links":{"self":[{"href":"https:\/\/www.clhmidland.on.ca\/fr\/wp-json\/wp\/v2\/pages\/3042","targetHints":{"allow":["GET"]}}],"collection":[{"href":"https:\/\/www.clhmidland.on.ca\/fr\/wp-json\/wp\/v2\/pages"}],"about":[{"href":"https:\/\/www.clhmidland.on.ca\/fr\/wp-json\/wp\/v2\/types\/page"}],"author":[{"embeddable":true,"href":"https:\/\/www.clhmidland.on.ca\/fr\/wp-json\/wp\/v2\/users\/1"}],"replies":[{"embeddable":true,"href":"https:\/\/www.clhmidland.on.ca\/fr\/wp-json\/wp\/v2\/comments?post=3042"}],"version-history":[{"count":88,"href":"https:\/\/www.clhmidland.on.ca\/fr\/wp-json\/wp\/v2\/pages\/3042\/revisions"}],"predecessor-version":[{"id":10425,"href":"https:\/\/www.clhmidland.on.ca\/fr\/wp-json\/wp\/v2\/pages\/3042\/revisions\/10425"}],"up":[{"embeddable":true,"href":"https:\/\/www.clhmidland.on.ca\/fr\/wp-json\/wp\/v2\/pages\/3032"}],"wp:attachment":[{"href":"https:\/\/www.clhmidland.on.ca\/fr\/wp-json\/wp\/v2\/media?parent=3042"}],"curies":[{"name":"wp","href":"https:\/\/api.w.org\/{rel}","templated":true}]}}