{"id":3062,"date":"2022-06-14T13:41:35","date_gmt":"2022-06-14T17:41:35","guid":{"rendered":"https:\/\/www.clhmidland.on.ca\/services-pour-adultes\/famille-daccueil-hfp"},"modified":"2023-03-07T16:41:23","modified_gmt":"2023-03-07T21:41:23","slug":"famille-daccueil-hfp","status":"publish","type":"page","link":"https:\/\/www.clhmidland.on.ca\/fr\/services-pour-adultes\/famille-daccueil-hfp","title":{"rendered":"Famille d&#8217;Accueil (HFP)"},"content":{"rendered":"\t\t<div data-elementor-type=\"wp-page\" data-elementor-id=\"3062\" class=\"elementor elementor-3062 elementor-898\" data-elementor-post-type=\"page\">\n\t\t\t\t\t\t<section class=\"elementor-section elementor-top-section elementor-element elementor-element-2894f37 elementor-section-boxed elementor-section-height-default elementor-section-height-default\" data-id=\"2894f37\" data-element_type=\"section\" data-settings=\"{&quot;background_background&quot;:&quot;classic&quot;}\">\n\t\t\t\t\t\t\t<div class=\"elementor-background-overlay\"><\/div>\n\t\t\t\t\t\t\t<div class=\"elementor-container elementor-column-gap-default\">\n\t\t\t\t\t<div class=\"elementor-column elementor-col-100 elementor-top-column elementor-element elementor-element-2c9aa90\" data-id=\"2c9aa90\" data-element_type=\"column\">\n\t\t\t<div class=\"elementor-widget-wrap elementor-element-populated\">\n\t\t\t\t\t\t<div class=\"elementor-element elementor-element-60c8611 elementor-widget elementor-widget-heading\" data-id=\"60c8611\" data-element_type=\"widget\" data-widget_type=\"heading.default\">\n\t\t\t\t<div class=\"elementor-widget-container\">\n\t\t\t<h1 class=\"elementor-heading-title elementor-size-default\">Famille d'Accueil<\/h1>\t\t<\/div>\n\t\t\t\t<\/div>\n\t\t\t\t\t<\/div>\n\t\t<\/div>\n\t\t\t\t\t<\/div>\n\t\t<\/section>\n\t\t\t\t<section class=\"elementor-section elementor-top-section elementor-element elementor-element-748aa98 elementor-section-boxed elementor-section-height-default elementor-section-height-default\" data-id=\"748aa98\" data-element_type=\"section\">\n\t\t\t\t\t\t<div class=\"elementor-container elementor-column-gap-default\">\n\t\t\t\t\t<div class=\"elementor-column elementor-col-100 elementor-top-column elementor-element elementor-element-7e50692\" data-id=\"7e50692\" data-element_type=\"column\">\n\t\t\t<div class=\"elementor-widget-wrap elementor-element-populated\">\n\t\t\t\t\t\t<div class=\"elementor-element elementor-element-96719e1 elementor-widget elementor-widget-heading\" data-id=\"96719e1\" data-element_type=\"widget\" data-widget_type=\"heading.default\">\n\t\t\t\t<div class=\"elementor-widget-container\">\n\t\t\t<h2 class=\"elementor-heading-title elementor-size-default\">Partie de la Famille (d'Accueil)<\/h2>\t\t<\/div>\n\t\t\t\t<\/div>\n\t\t\t\t\t<\/div>\n\t\t<\/div>\n\t\t\t\t\t<\/div>\n\t\t<\/section>\n\t\t\t\t<section class=\"elementor-section elementor-top-section elementor-element elementor-element-3b00a16 elementor-section-boxed elementor-section-height-default elementor-section-height-default\" data-id=\"3b00a16\" data-element_type=\"section\">\n\t\t\t\t\t\t<div class=\"elementor-container elementor-column-gap-default\">\n\t\t\t\t\t<div class=\"elementor-column elementor-col-100 elementor-top-column elementor-element elementor-element-e811ff6\" data-id=\"e811ff6\" data-element_type=\"column\">\n\t\t\t<div class=\"elementor-widget-wrap elementor-element-populated\">\n\t\t\t\t\t\t<div class=\"elementor-element elementor-element-14ba0e5 elementor-widget elementor-widget-text-editor\" data-id=\"14ba0e5\" data-element_type=\"widget\" data-widget_type=\"text-editor.default\">\n\t\t\t\t<div class=\"elementor-widget-container\">\n\t\t\t\t\t\t\t<p>La Famille d\u2019Accueil offre une option d\u2019h\u00e9bergement aux adultes ayant des besoins de soutien au d\u00e9veloppement qui, pour diverses raisons, ne peuvent pas ou ne veulent pas vivre avec leur famille. Le programme Fournisseur de Famille d\u2019Accueil est con\u00e7u pour permettre \u00e0 une personne de vivre en tant que membre \u00e0 part enti\u00e8re d\u2019un milieu familial alternatif et est appuy\u00e9 par une Famille d\u2019Accueil agr\u00e9\u00e9e. Dans la mesure du possible, la relation de la personne avec sa famille naturelle est encourag\u00e9e et appuy\u00e9e par le programme.<\/p>\n<p>Le programme adopte une approche centr\u00e9e sur la personne pour fournir des soutiens et des services qui permettent d\u2019atteindre des r\u00e9sultats significatifs. Tous les placements sont surveill\u00e9s et supervis\u00e9s par le personnel d\u00e9sign\u00e9 de CLH SSD pour s\u2019assurer que les besoins de la personne sont satisfaits. Le Fournisseur de Famille d\u2019Accueil re\u00e7oit une orientation, une formation continue et du soutien de CLH SSD.<\/p>\t\t\t\t\t\t<\/div>\n\t\t\t\t<\/div>\n\t\t\t\t<div class=\"elementor-element elementor-element-aa42d45 elementor-widget elementor-widget-heading\" data-id=\"aa42d45\" data-element_type=\"widget\" data-widget_type=\"heading.default\">\n\t\t\t\t<div class=\"elementor-widget-container\">\n\t\t\t<h2 class=\"elementor-heading-title elementor-size-default\">Vous souhaitez devenir un Fournisseur de Famille d\u2019Accueil ?<\/h2>\t\t<\/div>\n\t\t\t\t<\/div>\n\t\t\t\t<div class=\"elementor-element elementor-element-455a923 elementor-widget elementor-widget-text-editor\" data-id=\"455a923\" data-element_type=\"widget\" data-widget_type=\"text-editor.default\">\n\t\t\t\t<div class=\"elementor-widget-container\">\n\t\t\t\t\t\t\t<p>Vous envisagez d\u2019ouvrir votre maison \u00e0 un adulte ayant des besoins de soutien au d\u00e9veloppement ? Alors, nous voulons vous parler ! Les candidats qui sont approuv\u00e9s et jumel\u00e9s recevront une formation, une r\u00e9mun\u00e9ration, un soutien, un r\u00e9pit et une formation personnalis\u00e9e. L\u2019exp\u00e9rience dans les services de d\u00e9veloppement est un atout, mais n\u2019est pas requise. Si vous \u00eates int\u00e9ress\u00e9, veuillez communiquer avec <a href=\"mailto:clhmid@clhmidland.on.ca?subject=Host%20Family%20Provider\">la bo\u00eete de courriel g\u00e9n\u00e9rale<\/a>.<\/p>\n\t\t\t\t\t\t<\/div>\n\t\t\t\t<\/div>\n\t\t\t\t\t<\/div>\n\t\t<\/div>\n\t\t\t\t\t<\/div>\n\t\t<\/section>\n\t\t\t\t<section class=\"elementor-section elementor-top-section elementor-element elementor-element-b3506ce elementor-section-content-middle elementor-section-boxed elementor-section-height-default elementor-section-height-default\" data-id=\"b3506ce\" data-element_type=\"section\" data-settings=\"{&quot;background_background&quot;:&quot;classic&quot;}\">\n\t\t\t\t\t\t<div class=\"elementor-container elementor-column-gap-default\">\n\t\t\t\t\t<div class=\"elementor-column elementor-col-100 elementor-top-column elementor-element elementor-element-53a1203\" data-id=\"53a1203\" data-element_type=\"column\">\n\t\t\t<div class=\"elementor-widget-wrap elementor-element-populated\">\n\t\t\t\t\t\t<section class=\"elementor-section elementor-inner-section elementor-element elementor-element-18ae881 elementor-section-boxed elementor-section-height-default elementor-section-height-default\" data-id=\"18ae881\" data-element_type=\"section\">\n\t\t\t\t\t\t<div class=\"elementor-container elementor-column-gap-default\">\n\t\t\t\t\t<div class=\"elementor-column elementor-col-50 elementor-inner-column elementor-element elementor-element-cb2bc27\" data-id=\"cb2bc27\" data-element_type=\"column\">\n\t\t\t<div class=\"elementor-widget-wrap elementor-element-populated\">\n\t\t\t\t\t\t<div class=\"elementor-element elementor-element-b09034e elementor-view-default elementor-widget elementor-widget-icon\" data-id=\"b09034e\" data-element_type=\"widget\" data-widget_type=\"icon.default\">\n\t\t\t\t<div class=\"elementor-widget-container\">\n\t\t\t\t\t<div class=\"elementor-icon-wrapper\">\n\t\t\t<div class=\"elementor-icon\">\n\t\t\t<i aria-hidden=\"true\" class=\"far fa-lightbulb\"><\/i>\t\t\t<\/div>\n\t\t<\/div>\n\t\t\t\t<\/div>\n\t\t\t\t<\/div>\n\t\t\t\t\t<\/div>\n\t\t<\/div>\n\t\t\t\t<div class=\"elementor-column elementor-col-50 elementor-inner-column elementor-element elementor-element-481cbf3\" data-id=\"481cbf3\" data-element_type=\"column\">\n\t\t\t<div class=\"elementor-widget-wrap elementor-element-populated\">\n\t\t\t\t\t\t<div class=\"elementor-element elementor-element-42a1142 elementor-widget__width-auto elementor-widget elementor-widget-heading\" data-id=\"42a1142\" data-element_type=\"widget\" data-widget_type=\"heading.default\">\n\t\t\t\t<div class=\"elementor-widget-container\">\n\t\t\t<h2 class=\"elementor-heading-title elementor-size-default\">Les services de Fournisseurs de Famille d\u2019Accueil sont accessibles par l\u2019entremise des Services aux Personnes ayant une D\u00e9ficience Intellectuelle Ontario <br>(1-855-277-2121).<\/h2>\t\t<\/div>\n\t\t\t\t<\/div>\n\t\t\t\t\t<\/div>\n\t\t<\/div>\n\t\t\t\t\t<\/div>\n\t\t<\/section>\n\t\t\t\t\t<\/div>\n\t\t<\/div>\n\t\t\t\t\t<\/div>\n\t\t<\/section>\n\t\t\t\t<section class=\"elementor-section elementor-top-section elementor-element elementor-element-085d5c9 elementor-section-boxed elementor-section-height-default elementor-section-height-default\" data-id=\"085d5c9\" data-element_type=\"section\">\n\t\t\t\t\t\t<div class=\"elementor-container elementor-column-gap-default\">\n\t\t\t\t\t<div class=\"elementor-column elementor-col-100 elementor-top-column elementor-element elementor-element-7e1bfeb\" data-id=\"7e1bfeb\" data-element_type=\"column\">\n\t\t\t<div class=\"elementor-widget-wrap elementor-element-populated\">\n\t\t\t\t\t\t<div class=\"elementor-element elementor-element-1466d2c elementor-widget elementor-widget-heading\" data-id=\"1466d2c\" data-element_type=\"widget\" data-widget_type=\"heading.default\">\n\t\t\t\t<div class=\"elementor-widget-container\">\n\t\t\t<h2 class=\"elementor-heading-title elementor-size-default\">PROGRAMMES DE SOUTIEN POUR ADULTES CONNEXES<\/h2>\t\t<\/div>\n\t\t\t\t<\/div>\n\t\t\t\t\t<\/div>\n\t\t<\/div>\n\t\t\t\t\t<\/div>\n\t\t<\/section>\n\t\t\t\t<section class=\"elementor-section elementor-top-section elementor-element elementor-element-d0adb7f elementor-section-boxed elementor-section-height-default elementor-section-height-default\" data-id=\"d0adb7f\" data-element_type=\"section\" data-settings=\"{&quot;background_background&quot;:&quot;classic&quot;}\">\n\t\t\t\t\t\t<div class=\"elementor-container elementor-column-gap-default\">\n\t\t\t\t\t<div class=\"elementor-column elementor-col-33 elementor-top-column elementor-element elementor-element-8a1aaa1\" data-id=\"8a1aaa1\" data-element_type=\"column\">\n\t\t\t<div class=\"elementor-widget-wrap elementor-element-populated\">\n\t\t\t\t\t\t<div class=\"elementor-element elementor-element-5c87f7c elementor-widget elementor-widget-image\" data-id=\"5c87f7c\" data-element_type=\"widget\" data-widget_type=\"image.default\">\n\t\t\t\t<div class=\"elementor-widget-container\">\n\t\t\t\t\t\t\t\t\t\t\t\t\t<img fetchpriority=\"high\" decoding=\"async\" width=\"408\" height=\"298\" src=\"https:\/\/www.clhmidland.on.ca\/wp-content\/uploads\/supported-living-homes.png\" class=\"attachment-large size-large wp-image-2924\" alt=\"Deux hommes rient. L\u2019un a les bras autour des \u00e9paules de l&#039;autre.\" srcset=\"https:\/\/www.clhmidland.on.ca\/wp-content\/uploads\/supported-living-homes.png 408w, https:\/\/www.clhmidland.on.ca\/wp-content\/uploads\/supported-living-homes-300x219.png 300w\" sizes=\"(max-width: 408px) 100vw, 408px\" \/>\t\t\t\t\t\t\t\t\t\t\t\t\t<\/div>\n\t\t\t\t<\/div>\n\t\t\t\t<div class=\"elementor-element elementor-element-3eefddd elementor-absolute elementor-widget elementor-widget-heading\" data-id=\"3eefddd\" data-element_type=\"widget\" data-settings=\"{&quot;_position&quot;:&quot;absolute&quot;}\" data-widget_type=\"heading.default\">\n\t\t\t\t<div class=\"elementor-widget-container\">\n\t\t\t<h2 class=\"elementor-heading-title elementor-size-default\"><a href=\"https:\/\/www.clhmidland.on.ca\/fr\/services-pour-adultes\/programmes-demploi-assiste-sep\" aria-label=\"Programme d&#039;Emploi Assist\u00e9\">Programme <br>d'Emploi Assist\u00e9 (SEP)<\/a><\/h2>\t\t<\/div>\n\t\t\t\t<\/div>\n\t\t\t\t\t<\/div>\n\t\t<\/div>\n\t\t\t\t<div class=\"elementor-column elementor-col-33 elementor-top-column elementor-element elementor-element-d00ca95\" data-id=\"d00ca95\" data-element_type=\"column\">\n\t\t\t<div class=\"elementor-widget-wrap elementor-element-populated\">\n\t\t\t\t\t\t<div class=\"elementor-element elementor-element-b3ba9f6 elementor-widget elementor-widget-image\" data-id=\"b3ba9f6\" data-element_type=\"widget\" data-widget_type=\"image.default\">\n\t\t\t\t<div class=\"elementor-widget-container\">\n\t\t\t\t\t\t\t\t\t\t\t\t\t<img decoding=\"async\" width=\"408\" height=\"298\" src=\"https:\/\/www.clhmidland.on.ca\/wp-content\/uploads\/supported-independent-living.png\" class=\"attachment-large size-large wp-image-2921\" alt=\"Une femme portant des lunettes et un tablier ray\u00e9 travaille dans la cuisine.\" srcset=\"https:\/\/www.clhmidland.on.ca\/wp-content\/uploads\/supported-independent-living.png 408w, https:\/\/www.clhmidland.on.ca\/wp-content\/uploads\/supported-independent-living-300x219.png 300w\" sizes=\"(max-width: 408px) 100vw, 408px\" \/>\t\t\t\t\t\t\t\t\t\t\t\t\t<\/div>\n\t\t\t\t<\/div>\n\t\t\t\t<div class=\"elementor-element elementor-element-358430a elementor-absolute elementor-widget elementor-widget-heading\" data-id=\"358430a\" data-element_type=\"widget\" data-settings=\"{&quot;_position&quot;:&quot;absolute&quot;}\" data-widget_type=\"heading.default\">\n\t\t\t\t<div class=\"elementor-widget-container\">\n\t\t\t<h2 class=\"elementor-heading-title elementor-size-default\"><a href=\"https:\/\/www.clhmidland.on.ca\/fr\/services-pour-adultes\/programme-passeport\" aria-label=\"Programme Passeport\">Passeport<br>Programme<\/a><\/h2>\t\t<\/div>\n\t\t\t\t<\/div>\n\t\t\t\t\t<\/div>\n\t\t<\/div>\n\t\t\t\t<div class=\"elementor-column elementor-col-33 elementor-top-column elementor-element elementor-element-6183720\" data-id=\"6183720\" data-element_type=\"column\">\n\t\t\t<div class=\"elementor-widget-wrap elementor-element-populated\">\n\t\t\t\t\t\t<div class=\"elementor-element elementor-element-5f2df20 elementor-widget elementor-widget-image\" data-id=\"5f2df20\" data-element_type=\"widget\" data-widget_type=\"image.default\">\n\t\t\t\t<div class=\"elementor-widget-container\">\n\t\t\t\t\t\t\t\t\t\t\t\t\t<img decoding=\"async\" width=\"408\" height=\"298\" src=\"https:\/\/www.clhmidland.on.ca\/wp-content\/uploads\/community-participation.png\" class=\"attachment-large size-large wp-image-2920\" alt=\"Des volontaires chargent des sacs de papier marron.\" srcset=\"https:\/\/www.clhmidland.on.ca\/wp-content\/uploads\/community-participation.png 408w, https:\/\/www.clhmidland.on.ca\/wp-content\/uploads\/community-participation-300x219.png 300w\" sizes=\"(max-width: 408px) 100vw, 408px\" \/>\t\t\t\t\t\t\t\t\t\t\t\t\t<\/div>\n\t\t\t\t<\/div>\n\t\t\t\t<div class=\"elementor-element elementor-element-eec0eba elementor-absolute elementor-widget elementor-widget-heading\" data-id=\"eec0eba\" data-element_type=\"widget\" data-settings=\"{&quot;_position&quot;:&quot;absolute&quot;}\" data-widget_type=\"heading.default\">\n\t\t\t\t<div class=\"elementor-widget-container\">\n\t\t\t<h2 class=\"elementor-heading-title elementor-size-default\"><a href=\"https:\/\/www.clhmidland.on.ca\/fr\/services-pour-adultes\/cnsc-ce\" aria-label=\"R\u00e9seaux Communautaires de Soins Sp\u00e9cialis\u00e9s\">R\u00e9seaux Communautaires de Soins Sp\u00e9cialis\u00e9s <br \/>(CCSN \u2013 CE)<\/a><\/h2>\t\t<\/div>\n\t\t\t\t<\/div>\n\t\t\t\t\t<\/div>\n\t\t<\/div>\n\t\t\t\t\t<\/div>\n\t\t<\/section>\n\t\t\t\t<section class=\"elementor-section elementor-top-section elementor-element elementor-element-db3eb9c elementor-section-boxed elementor-section-height-default elementor-section-height-default\" data-id=\"db3eb9c\" data-element_type=\"section\">\n\t\t\t\t\t\t<div class=\"elementor-container elementor-column-gap-default\">\n\t\t\t\t\t<div class=\"elementor-column elementor-col-100 elementor-top-column elementor-element elementor-element-13cec1e\" data-id=\"13cec1e\" data-element_type=\"column\">\n\t\t\t<div class=\"elementor-widget-wrap\">\n\t\t\t\t\t\t\t<\/div>\n\t\t<\/div>\n\t\t\t\t\t<\/div>\n\t\t<\/section>\n\t\t\t\t<section class=\"elementor-section elementor-top-section elementor-element elementor-element-97efe13 elementor-section-height-min-height elementor-hidden-mobile_extra elementor-hidden-mobile elementor-section-boxed elementor-section-height-default elementor-section-items-middle\" data-id=\"97efe13\" data-element_type=\"section\" data-settings=\"{&quot;background_background&quot;:&quot;classic&quot;}\">\n\t\t\t\t\t\t<div class=\"elementor-container elementor-column-gap-default\">\n\t\t\t\t\t<div class=\"elementor-column elementor-col-100 elementor-top-column elementor-element elementor-element-5bd8b7a\" data-id=\"5bd8b7a\" data-element_type=\"column\">\n\t\t\t<div class=\"elementor-widget-wrap\">\n\t\t\t\t\t\t\t<\/div>\n\t\t<\/div>\n\t\t\t\t\t<\/div>\n\t\t<\/section>\n\t\t\t\t<\/div>\n\t\t","protected":false},"excerpt":{"rendered":"<p>Famille d&#8217;Accueil Partie de la Famille (d&#8217;Accueil) La Famille d\u2019Accueil offre une option d\u2019h\u00e9bergement aux adultes ayant des besoins de soutien au d\u00e9veloppement qui, pour diverses raisons, ne peuvent pas [&hellip;]<\/p>\n","protected":false},"author":1,"featured_media":0,"parent":3032,"menu_order":0,"comment_status":"closed","ping_status":"closed","template":"elementor_header_footer","meta":{"_exactmetrics_skip_tracking":false,"_exactmetrics_sitenote_active":false,"_exactmetrics_sitenote_note":"","_exactmetrics_sitenote_category":0,"_price":"","_stock":"","_tribe_ticket_header":"","_tribe_default_ticket_provider":"","_tribe_ticket_capacity":"0","_ticket_start_date":"","_ticket_end_date":"","_tribe_ticket_show_description":"","_tribe_ticket_show_not_going":false,"_tribe_ticket_use_global_stock":"","_tribe_ticket_global_stock_level":"","_global_stock_mode":"","_global_stock_cap":"","_tribe_rsvp_for_event":"","_tribe_ticket_going_count":"","_tribe_ticket_not_going_count":"","_tribe_tickets_list":"[]","_tribe_ticket_has_attendee_info_fields":false,"footnotes":"","_tec_slr_enabled":"","_tec_slr_layout":""},"class_list":["post-3062","page","type-page","status-publish","hentry"],"aioseo_notices":[],"ticketed":false,"_links":{"self":[{"href":"https:\/\/www.clhmidland.on.ca\/fr\/wp-json\/wp\/v2\/pages\/3062","targetHints":{"allow":["GET"]}}],"collection":[{"href":"https:\/\/www.clhmidland.on.ca\/fr\/wp-json\/wp\/v2\/pages"}],"about":[{"href":"https:\/\/www.clhmidland.on.ca\/fr\/wp-json\/wp\/v2\/types\/page"}],"author":[{"embeddable":true,"href":"https:\/\/www.clhmidland.on.ca\/fr\/wp-json\/wp\/v2\/users\/1"}],"replies":[{"embeddable":true,"href":"https:\/\/www.clhmidland.on.ca\/fr\/wp-json\/wp\/v2\/comments?post=3062"}],"version-history":[{"count":72,"href":"https:\/\/www.clhmidland.on.ca\/fr\/wp-json\/wp\/v2\/pages\/3062\/revisions"}],"predecessor-version":[{"id":6875,"href":"https:\/\/www.clhmidland.on.ca\/fr\/wp-json\/wp\/v2\/pages\/3062\/revisions\/6875"}],"up":[{"embeddable":true,"href":"https:\/\/www.clhmidland.on.ca\/fr\/wp-json\/wp\/v2\/pages\/3032"}],"wp:attachment":[{"href":"https:\/\/www.clhmidland.on.ca\/fr\/wp-json\/wp\/v2\/media?parent=3062"}],"curies":[{"name":"wp","href":"https:\/\/api.w.org\/{rel}","templated":true}]}}