{"id":3072,"date":"2022-06-14T13:46:22","date_gmt":"2022-06-14T17:46:22","guid":{"rendered":"https:\/\/www.clhmidland.on.ca\/services-pour-adultes\/vie-autonome-assistee-sil"},"modified":"2023-03-07T16:50:38","modified_gmt":"2023-03-07T21:50:38","slug":"vie-autonome-assistee-sil","status":"publish","type":"page","link":"https:\/\/www.clhmidland.on.ca\/fr\/services-pour-adultes\/vie-autonome-assistee-sil","title":{"rendered":"Vie Autonome Assist\u00e9e (SIL)"},"content":{"rendered":"\t\t<div data-elementor-type=\"wp-page\" data-elementor-id=\"3072\" class=\"elementor elementor-3072 elementor-903\" data-elementor-post-type=\"page\">\n\t\t\t\t\t\t<section class=\"elementor-section elementor-top-section elementor-element elementor-element-2894f37 elementor-section-boxed elementor-section-height-default elementor-section-height-default\" data-id=\"2894f37\" data-element_type=\"section\" data-settings=\"{&quot;background_background&quot;:&quot;classic&quot;}\">\n\t\t\t\t\t\t\t<div class=\"elementor-background-overlay\"><\/div>\n\t\t\t\t\t\t\t<div class=\"elementor-container elementor-column-gap-default\">\n\t\t\t\t\t<div class=\"elementor-column elementor-col-100 elementor-top-column elementor-element elementor-element-2c9aa90\" data-id=\"2c9aa90\" data-element_type=\"column\">\n\t\t\t<div class=\"elementor-widget-wrap elementor-element-populated\">\n\t\t\t\t\t\t<div class=\"elementor-element elementor-element-60c8611 elementor-widget elementor-widget-heading\" data-id=\"60c8611\" data-element_type=\"widget\" data-widget_type=\"heading.default\">\n\t\t\t\t<div class=\"elementor-widget-container\">\n\t\t\t<h1 class=\"elementor-heading-title elementor-size-default\">Vie Autonome Assist\u00e9e<\/h1>\t\t<\/div>\n\t\t\t\t<\/div>\n\t\t\t\t\t<\/div>\n\t\t<\/div>\n\t\t\t\t\t<\/div>\n\t\t<\/section>\n\t\t\t\t<section class=\"elementor-section elementor-top-section elementor-element elementor-element-3966cf9 elementor-section-boxed elementor-section-height-default elementor-section-height-default\" data-id=\"3966cf9\" data-element_type=\"section\">\n\t\t\t\t\t\t<div class=\"elementor-container elementor-column-gap-default\">\n\t\t\t\t\t<div class=\"elementor-column elementor-col-100 elementor-top-column elementor-element elementor-element-6a896e1\" data-id=\"6a896e1\" data-element_type=\"column\">\n\t\t\t<div class=\"elementor-widget-wrap elementor-element-populated\">\n\t\t\t\t\t\t<div class=\"elementor-element elementor-element-96719e1 elementor-widget elementor-widget-heading\" data-id=\"96719e1\" data-element_type=\"widget\" data-widget_type=\"heading.default\">\n\t\t\t\t<div class=\"elementor-widget-container\">\n\t\t\t<h2 class=\"elementor-heading-title elementor-size-default\">Pour les Personnes Vivant de fa\u00e7on Autonome dans la Communaut\u00e9<\/h2>\t\t<\/div>\n\t\t\t\t<\/div>\n\t\t\t\t\t<\/div>\n\t\t<\/div>\n\t\t\t\t\t<\/div>\n\t\t<\/section>\n\t\t\t\t<section class=\"elementor-section elementor-top-section elementor-element elementor-element-3b00a16 elementor-section-boxed elementor-section-height-default elementor-section-height-default\" data-id=\"3b00a16\" data-element_type=\"section\">\n\t\t\t\t\t\t<div class=\"elementor-container elementor-column-gap-default\">\n\t\t\t\t\t<div class=\"elementor-column elementor-col-50 elementor-top-column elementor-element elementor-element-e811ff6\" data-id=\"e811ff6\" data-element_type=\"column\">\n\t\t\t<div class=\"elementor-widget-wrap elementor-element-populated\">\n\t\t\t\t\t\t<div class=\"elementor-element elementor-element-14ba0e5 elementor-widget elementor-widget-text-editor\" data-id=\"14ba0e5\" data-element_type=\"widget\" data-widget_type=\"text-editor.default\">\n\t\t\t\t<div class=\"elementor-widget-container\">\n\t\t\t\t\t\t\t<p>Le programme Vie Autonome Assist\u00e9e (SIL) est offert aux adultes ayant des besoins de soutien au d\u00e9veloppement qui vivent de fa\u00e7on autonome dans la Communaut\u00e9 de Simcoe Nord. Les soutiens sont bas\u00e9s sur les besoins individuels de chaque personne. Le personnel de SIL offre des soutiens avec tous les aspects requis de la vie quotidienne.<\/p>\n<p>Ces services sont offerts par Services aux Personnes ayant une D\u00e9ficience Intellectuelle Ontario. Si vous souhaitez en savoir plus sur le Programme Vie Autonome Assist\u00e9e et sur son fonctionnement, veuillez communiquer avec <a href=\"mailto:clhmid@clhmidland.on.ca?subject=Vie Autonome Assist\u00e9e\">la bo\u00eete aux lettres g\u00e9n\u00e9rale<\/a>.<\/p>\t\t\t\t\t\t<\/div>\n\t\t\t\t<\/div>\n\t\t\t\t\t<\/div>\n\t\t<\/div>\n\t\t\t\t<div class=\"elementor-column elementor-col-50 elementor-top-column elementor-element elementor-element-a10a09f\" data-id=\"a10a09f\" data-element_type=\"column\">\n\t\t\t<div class=\"elementor-widget-wrap elementor-element-populated\">\n\t\t\t\t\t\t<div class=\"elementor-element elementor-element-dd0bfef no_margin_bottom elementor-widget elementor-widget-image\" data-id=\"dd0bfef\" data-element_type=\"widget\" data-widget_type=\"image.default\">\n\t\t\t\t<div class=\"elementor-widget-container\">\n\t\t\t\t\t\t\t\t\t\t\t\t\t<img fetchpriority=\"high\" decoding=\"async\" width=\"800\" height=\"533\" src=\"https:\/\/www.clhmidland.on.ca\/wp-content\/uploads\/front-view-smiley-woman-with-book.jpg\" class=\"attachment-large size-large wp-image-4712\" alt=\"Une femme mate de peau, assise \u00e0 une table, tenant une tasse de caf\u00e9 et regardant un livre.\" srcset=\"https:\/\/www.clhmidland.on.ca\/wp-content\/uploads\/front-view-smiley-woman-with-book.jpg 900w, https:\/\/www.clhmidland.on.ca\/wp-content\/uploads\/front-view-smiley-woman-with-book-300x200.jpg 300w, https:\/\/www.clhmidland.on.ca\/wp-content\/uploads\/front-view-smiley-woman-with-book-768x512.jpg 768w\" sizes=\"(max-width: 800px) 100vw, 800px\" \/>\t\t\t\t\t\t\t\t\t\t\t\t\t<\/div>\n\t\t\t\t<\/div>\n\t\t\t\t<section class=\"elementor-section elementor-inner-section elementor-element elementor-element-faa2e03 elementor-section-boxed elementor-section-height-default elementor-section-height-default\" data-id=\"faa2e03\" data-element_type=\"section\">\n\t\t\t\t\t\t<div class=\"elementor-container elementor-column-gap-default\">\n\t\t\t\t\t<div class=\"elementor-column elementor-col-50 elementor-inner-column elementor-element elementor-element-8e2e42d\" data-id=\"8e2e42d\" data-element_type=\"column\">\n\t\t\t<div class=\"elementor-widget-wrap elementor-element-populated\">\n\t\t\t\t\t\t<div class=\"elementor-element elementor-element-e010ba9 elementor-widget elementor-widget-image\" data-id=\"e010ba9\" data-element_type=\"widget\" data-widget_type=\"image.default\">\n\t\t\t\t<div class=\"elementor-widget-container\">\n\t\t\t\t\t\t\t\t\t\t\t\t\t<img decoding=\"async\" width=\"450\" height=\"563\" src=\"https:\/\/www.clhmidland.on.ca\/wp-content\/uploads\/adult-man-drawing-workshop.jpg\" class=\"attachment-large size-large wp-image-4708\" alt=\"Un homme souriant, portant un pull-over bleu, assis \u00e0 une table avec des fournitures de peinture et de dessin.\" srcset=\"https:\/\/www.clhmidland.on.ca\/wp-content\/uploads\/adult-man-drawing-workshop.jpg 450w, https:\/\/www.clhmidland.on.ca\/wp-content\/uploads\/adult-man-drawing-workshop-240x300.jpg 240w\" sizes=\"(max-width: 450px) 100vw, 450px\" \/>\t\t\t\t\t\t\t\t\t\t\t\t\t<\/div>\n\t\t\t\t<\/div>\n\t\t\t\t\t<\/div>\n\t\t<\/div>\n\t\t\t\t<div class=\"elementor-column elementor-col-50 elementor-inner-column elementor-element elementor-element-f0566b0\" data-id=\"f0566b0\" data-element_type=\"column\">\n\t\t\t<div class=\"elementor-widget-wrap elementor-element-populated\">\n\t\t\t\t\t\t<div class=\"elementor-element elementor-element-123b800 elementor-widget elementor-widget-image\" data-id=\"123b800\" data-element_type=\"widget\" data-widget_type=\"image.default\">\n\t\t\t\t<div class=\"elementor-widget-container\">\n\t\t\t\t\t\t\t\t\t\t\t\t\t<img decoding=\"async\" width=\"450\" height=\"562\" src=\"https:\/\/www.clhmidland.on.ca\/wp-content\/uploads\/focused-reading-information-packaging.jpg\" class=\"attachment-large size-large wp-image-4710\" alt=\"Un homme, en chemise bleue dans un magasin, lisant l\u2019\u00e9tiquette d&#039;un article.\" srcset=\"https:\/\/www.clhmidland.on.ca\/wp-content\/uploads\/focused-reading-information-packaging.jpg 450w, https:\/\/www.clhmidland.on.ca\/wp-content\/uploads\/focused-reading-information-packaging-240x300.jpg 240w\" sizes=\"(max-width: 450px) 100vw, 450px\" \/>\t\t\t\t\t\t\t\t\t\t\t\t\t<\/div>\n\t\t\t\t<\/div>\n\t\t\t\t\t<\/div>\n\t\t<\/div>\n\t\t\t\t\t<\/div>\n\t\t<\/section>\n\t\t\t\t\t<\/div>\n\t\t<\/div>\n\t\t\t\t\t<\/div>\n\t\t<\/section>\n\t\t\t\t<section class=\"elementor-section elementor-top-section elementor-element elementor-element-b3506ce elementor-section-content-middle elementor-section-boxed elementor-section-height-default elementor-section-height-default\" data-id=\"b3506ce\" data-element_type=\"section\" data-settings=\"{&quot;background_background&quot;:&quot;classic&quot;}\">\n\t\t\t\t\t\t<div class=\"elementor-container elementor-column-gap-default\">\n\t\t\t\t\t<div class=\"elementor-column elementor-col-100 elementor-top-column elementor-element elementor-element-763a29c\" data-id=\"763a29c\" data-element_type=\"column\">\n\t\t\t<div class=\"elementor-widget-wrap elementor-element-populated\">\n\t\t\t\t\t\t<section class=\"elementor-section elementor-inner-section elementor-element elementor-element-4b2f859 elementor-section-content-middle elementor-section-boxed elementor-section-height-default elementor-section-height-default\" data-id=\"4b2f859\" data-element_type=\"section\">\n\t\t\t\t\t\t<div class=\"elementor-container elementor-column-gap-default\">\n\t\t\t\t\t<div class=\"elementor-column elementor-col-50 elementor-inner-column elementor-element elementor-element-22eb854\" data-id=\"22eb854\" data-element_type=\"column\">\n\t\t\t<div class=\"elementor-widget-wrap elementor-element-populated\">\n\t\t\t\t\t\t<div class=\"elementor-element elementor-element-b09034e elementor-view-default elementor-widget elementor-widget-icon\" data-id=\"b09034e\" data-element_type=\"widget\" data-widget_type=\"icon.default\">\n\t\t\t\t<div class=\"elementor-widget-container\">\n\t\t\t\t\t<div class=\"elementor-icon-wrapper\">\n\t\t\t<div class=\"elementor-icon\">\n\t\t\t<i aria-hidden=\"true\" class=\"far fa-lightbulb\"><\/i>\t\t\t<\/div>\n\t\t<\/div>\n\t\t\t\t<\/div>\n\t\t\t\t<\/div>\n\t\t\t\t\t<\/div>\n\t\t<\/div>\n\t\t\t\t<div class=\"elementor-column elementor-col-50 elementor-inner-column elementor-element elementor-element-54f2527\" data-id=\"54f2527\" data-element_type=\"column\">\n\t\t\t<div class=\"elementor-widget-wrap elementor-element-populated\">\n\t\t\t\t\t\t<div class=\"elementor-element elementor-element-42a1142 elementor-widget elementor-widget-heading\" data-id=\"42a1142\" data-element_type=\"widget\" data-widget_type=\"heading.default\">\n\t\t\t\t<div class=\"elementor-widget-container\">\n\t\t\t<h2 class=\"elementor-heading-title elementor-size-default\">Les services SIL sont accessibles par l\u2019entremise de Services aux personnes ayant une d\u00e9ficience intellectuelle Ontario (1-855-277-2121). <\/h2>\t\t<\/div>\n\t\t\t\t<\/div>\n\t\t\t\t\t<\/div>\n\t\t<\/div>\n\t\t\t\t\t<\/div>\n\t\t<\/section>\n\t\t\t\t\t<\/div>\n\t\t<\/div>\n\t\t\t\t\t<\/div>\n\t\t<\/section>\n\t\t\t\t<section class=\"elementor-section elementor-top-section elementor-element elementor-element-f61c855 elementor-section-boxed elementor-section-height-default elementor-section-height-default\" data-id=\"f61c855\" data-element_type=\"section\">\n\t\t\t\t\t\t<div class=\"elementor-container elementor-column-gap-default\">\n\t\t\t\t\t<div class=\"elementor-column elementor-col-100 elementor-top-column elementor-element elementor-element-5cca8fe\" data-id=\"5cca8fe\" data-element_type=\"column\">\n\t\t\t<div class=\"elementor-widget-wrap elementor-element-populated\">\n\t\t\t\t\t\t<div class=\"elementor-element elementor-element-7e96edd elementor-widget elementor-widget-heading\" data-id=\"7e96edd\" data-element_type=\"widget\" data-widget_type=\"heading.default\">\n\t\t\t\t<div class=\"elementor-widget-container\">\n\t\t\t<h2 class=\"elementor-heading-title elementor-size-default\">PROGRAMMES DE SOUTIEN POUR ADULTES CONNEXES<\/h2>\t\t<\/div>\n\t\t\t\t<\/div>\n\t\t\t\t\t<\/div>\n\t\t<\/div>\n\t\t\t\t\t<\/div>\n\t\t<\/section>\n\t\t\t\t<section class=\"elementor-section elementor-top-section elementor-element elementor-element-904a16c elementor-section-boxed elementor-section-height-default elementor-section-height-default\" data-id=\"904a16c\" data-element_type=\"section\" data-settings=\"{&quot;background_background&quot;:&quot;classic&quot;}\">\n\t\t\t\t\t\t<div class=\"elementor-container elementor-column-gap-default\">\n\t\t\t\t\t<div class=\"elementor-column elementor-col-33 elementor-top-column elementor-element elementor-element-921a79d\" data-id=\"921a79d\" data-element_type=\"column\">\n\t\t\t<div class=\"elementor-widget-wrap elementor-element-populated\">\n\t\t\t\t\t\t<div class=\"elementor-element elementor-element-e81f05d elementor-widget elementor-widget-image\" data-id=\"e81f05d\" data-element_type=\"widget\" data-widget_type=\"image.default\">\n\t\t\t\t<div class=\"elementor-widget-container\">\n\t\t\t\t\t\t\t\t\t\t\t\t\t<img loading=\"lazy\" decoding=\"async\" width=\"408\" height=\"298\" src=\"https:\/\/www.clhmidland.on.ca\/wp-content\/uploads\/supported-living-homes.png\" class=\"attachment-large size-large wp-image-2924\" alt=\"Deux hommes rient. L\u2019un a les bras autour des \u00e9paules de l&#039;autre.\" srcset=\"https:\/\/www.clhmidland.on.ca\/wp-content\/uploads\/supported-living-homes.png 408w, https:\/\/www.clhmidland.on.ca\/wp-content\/uploads\/supported-living-homes-300x219.png 300w\" sizes=\"(max-width: 408px) 100vw, 408px\" \/>\t\t\t\t\t\t\t\t\t\t\t\t\t<\/div>\n\t\t\t\t<\/div>\n\t\t\t\t<div class=\"elementor-element elementor-element-b3cf5f9 elementor-absolute elementor-widget elementor-widget-heading\" data-id=\"b3cf5f9\" data-element_type=\"widget\" data-settings=\"{&quot;_position&quot;:&quot;absolute&quot;}\" data-widget_type=\"heading.default\">\n\t\t\t\t<div class=\"elementor-widget-container\">\n\t\t\t<h2 class=\"elementor-heading-title elementor-size-default\"><a href=\"https:\/\/www.clhmidland.on.ca\/fr\/services-pour-adultes\/programmes-demploi-assiste-sep\" aria-label=\"Programme d&#039;Emploi Assist\u00e9\">Programme <br>d'Emploi Assist\u00e9 (SEP)<\/a><\/h2>\t\t<\/div>\n\t\t\t\t<\/div>\n\t\t\t\t\t<\/div>\n\t\t<\/div>\n\t\t\t\t<div class=\"elementor-column elementor-col-33 elementor-top-column elementor-element elementor-element-d454d1d\" data-id=\"d454d1d\" data-element_type=\"column\">\n\t\t\t<div class=\"elementor-widget-wrap elementor-element-populated\">\n\t\t\t\t\t\t<div class=\"elementor-element elementor-element-a343f9c elementor-widget elementor-widget-image\" data-id=\"a343f9c\" data-element_type=\"widget\" data-widget_type=\"image.default\">\n\t\t\t\t<div class=\"elementor-widget-container\">\n\t\t\t\t\t\t\t\t\t\t\t\t\t<img loading=\"lazy\" decoding=\"async\" width=\"408\" height=\"298\" src=\"https:\/\/www.clhmidland.on.ca\/wp-content\/uploads\/family-home-prog.png\" class=\"attachment-large size-large wp-image-2922\" alt=\"Deux femmes jouent avec un chien brun et blanc.\" srcset=\"https:\/\/www.clhmidland.on.ca\/wp-content\/uploads\/family-home-prog.png 408w, https:\/\/www.clhmidland.on.ca\/wp-content\/uploads\/family-home-prog-300x219.png 300w\" sizes=\"(max-width: 408px) 100vw, 408px\" \/>\t\t\t\t\t\t\t\t\t\t\t\t\t<\/div>\n\t\t\t\t<\/div>\n\t\t\t\t<div class=\"elementor-element elementor-element-82bd4fe elementor-absolute elementor-widget elementor-widget-heading\" data-id=\"82bd4fe\" data-element_type=\"widget\" data-settings=\"{&quot;_position&quot;:&quot;absolute&quot;}\" data-widget_type=\"heading.default\">\n\t\t\t\t<div class=\"elementor-widget-container\">\n\t\t\t<h2 class=\"elementor-heading-title elementor-size-default\"><a href=\"https:\/\/www.clhmidland.on.ca\/fr\/services-pour-adultes\/soutiens-a-la-participation-communautaire-cps\" aria-label=\"Programme de Soutien \u00e0 la Participation Communautaire\">Soutiens \u00e0 la <br>Participation Communautaire (CPS)<\/a><\/h2>\t\t<\/div>\n\t\t\t\t<\/div>\n\t\t\t\t\t<\/div>\n\t\t<\/div>\n\t\t\t\t<div class=\"elementor-column elementor-col-33 elementor-top-column elementor-element elementor-element-9c9a64d\" data-id=\"9c9a64d\" data-element_type=\"column\">\n\t\t\t<div class=\"elementor-widget-wrap elementor-element-populated\">\n\t\t\t\t\t\t<div class=\"elementor-element elementor-element-ac6f1f2 elementor-widget elementor-widget-image\" data-id=\"ac6f1f2\" data-element_type=\"widget\" data-widget_type=\"image.default\">\n\t\t\t\t<div class=\"elementor-widget-container\">\n\t\t\t\t\t\t\t\t\t\t\t\t\t<img loading=\"lazy\" decoding=\"async\" width=\"408\" height=\"298\" src=\"https:\/\/www.clhmidland.on.ca\/wp-content\/uploads\/community-participation.png\" class=\"attachment-large size-large wp-image-2920\" alt=\"Des volontaires chargent des sacs de papier marron.\" srcset=\"https:\/\/www.clhmidland.on.ca\/wp-content\/uploads\/community-participation.png 408w, https:\/\/www.clhmidland.on.ca\/wp-content\/uploads\/community-participation-300x219.png 300w\" sizes=\"(max-width: 408px) 100vw, 408px\" \/>\t\t\t\t\t\t\t\t\t\t\t\t\t<\/div>\n\t\t\t\t<\/div>\n\t\t\t\t<div class=\"elementor-element elementor-element-f964af9 elementor-absolute elementor-widget elementor-widget-heading\" data-id=\"f964af9\" data-element_type=\"widget\" data-settings=\"{&quot;_position&quot;:&quot;absolute&quot;}\" data-widget_type=\"heading.default\">\n\t\t\t\t<div class=\"elementor-widget-container\">\n\t\t\t<h2 class=\"elementor-heading-title elementor-size-default\"><a href=\"https:\/\/www.clhmidland.on.ca\/fr\/services-pour-adultes\/famille-daccueil-hfp\" aria-label=\"Programme Famille d&#039;Accueil\">Programme de <br>Famille d'Accueil (HFP)<\/a><\/h2>\t\t<\/div>\n\t\t\t\t<\/div>\n\t\t\t\t\t<\/div>\n\t\t<\/div>\n\t\t\t\t\t<\/div>\n\t\t<\/section>\n\t\t\t\t<section class=\"elementor-section elementor-top-section elementor-element elementor-element-e8ae9a6 elementor-section-height-min-height elementor-hidden-mobile_extra elementor-hidden-mobile elementor-section-boxed elementor-section-height-default elementor-section-items-middle\" data-id=\"e8ae9a6\" data-element_type=\"section\" data-settings=\"{&quot;background_background&quot;:&quot;classic&quot;}\">\n\t\t\t\t\t\t<div class=\"elementor-container elementor-column-gap-default\">\n\t\t\t\t\t<div class=\"elementor-column elementor-col-100 elementor-top-column elementor-element elementor-element-a868946\" data-id=\"a868946\" data-element_type=\"column\">\n\t\t\t<div class=\"elementor-widget-wrap\">\n\t\t\t\t\t\t\t<\/div>\n\t\t<\/div>\n\t\t\t\t\t<\/div>\n\t\t<\/section>\n\t\t\t\t<\/div>\n\t\t","protected":false},"excerpt":{"rendered":"<p>Vie Autonome Assist\u00e9e Pour les Personnes Vivant de fa\u00e7on Autonome dans la Communaut\u00e9 Le programme Vie Autonome Assist\u00e9e (SIL) est offert aux adultes ayant des besoins de soutien au d\u00e9veloppement [&hellip;]<\/p>\n","protected":false},"author":1,"featured_media":0,"parent":3032,"menu_order":0,"comment_status":"closed","ping_status":"closed","template":"elementor_header_footer","meta":{"_exactmetrics_skip_tracking":false,"_exactmetrics_sitenote_active":false,"_exactmetrics_sitenote_note":"","_exactmetrics_sitenote_category":0,"_price":"","_stock":"","_tribe_ticket_header":"","_tribe_default_ticket_provider":"","_tribe_ticket_capacity":"0","_ticket_start_date":"","_ticket_end_date":"","_tribe_ticket_show_description":"","_tribe_ticket_show_not_going":false,"_tribe_ticket_use_global_stock":"","_tribe_ticket_global_stock_level":"","_global_stock_mode":"","_global_stock_cap":"","_tribe_rsvp_for_event":"","_tribe_ticket_going_count":"","_tribe_ticket_not_going_count":"","_tribe_tickets_list":"[]","_tribe_ticket_has_attendee_info_fields":false,"footnotes":"","_tec_slr_enabled":"","_tec_slr_layout":""},"class_list":["post-3072","page","type-page","status-publish","hentry"],"aioseo_notices":[],"ticketed":false,"_links":{"self":[{"href":"https:\/\/www.clhmidland.on.ca\/fr\/wp-json\/wp\/v2\/pages\/3072","targetHints":{"allow":["GET"]}}],"collection":[{"href":"https:\/\/www.clhmidland.on.ca\/fr\/wp-json\/wp\/v2\/pages"}],"about":[{"href":"https:\/\/www.clhmidland.on.ca\/fr\/wp-json\/wp\/v2\/types\/page"}],"author":[{"embeddable":true,"href":"https:\/\/www.clhmidland.on.ca\/fr\/wp-json\/wp\/v2\/users\/1"}],"replies":[{"embeddable":true,"href":"https:\/\/www.clhmidland.on.ca\/fr\/wp-json\/wp\/v2\/comments?post=3072"}],"version-history":[{"count":56,"href":"https:\/\/www.clhmidland.on.ca\/fr\/wp-json\/wp\/v2\/pages\/3072\/revisions"}],"predecessor-version":[{"id":6887,"href":"https:\/\/www.clhmidland.on.ca\/fr\/wp-json\/wp\/v2\/pages\/3072\/revisions\/6887"}],"up":[{"embeddable":true,"href":"https:\/\/www.clhmidland.on.ca\/fr\/wp-json\/wp\/v2\/pages\/3032"}],"wp:attachment":[{"href":"https:\/\/www.clhmidland.on.ca\/fr\/wp-json\/wp\/v2\/media?parent=3072"}],"curies":[{"name":"wp","href":"https:\/\/api.w.org\/{rel}","templated":true}]}}