{"id":3106,"date":"2022-06-14T19:50:37","date_gmt":"2022-06-14T23:50:37","guid":{"rendered":"https:\/\/www.clhmidland.on.ca\/services-a-lenfance\/debuts-scolaires"},"modified":"2024-12-03T09:11:23","modified_gmt":"2024-12-03T14:11:23","slug":"debuts-scolaires","status":"publish","type":"page","link":"https:\/\/www.clhmidland.on.ca\/fr\/services-aux-enfants\/debuts-scolaires","title":{"rendered":"D\u00e9buts Scolaires"},"content":{"rendered":"\t\t<div data-elementor-type=\"wp-page\" data-elementor-id=\"3106\" class=\"elementor elementor-3106 elementor-1018\" data-elementor-post-type=\"page\">\n\t\t\t\t\t\t<section class=\"elementor-section elementor-top-section elementor-element elementor-element-2894f37 elementor-section-boxed elementor-section-height-default elementor-section-height-default\" data-id=\"2894f37\" data-element_type=\"section\" data-settings=\"{&quot;background_background&quot;:&quot;classic&quot;}\">\n\t\t\t\t\t\t\t<div class=\"elementor-background-overlay\"><\/div>\n\t\t\t\t\t\t\t<div class=\"elementor-container elementor-column-gap-default\">\n\t\t\t\t\t<div class=\"elementor-column elementor-col-100 elementor-top-column elementor-element elementor-element-2c9aa90\" data-id=\"2c9aa90\" data-element_type=\"column\">\n\t\t\t<div class=\"elementor-widget-wrap elementor-element-populated\">\n\t\t\t\t\t\t<div class=\"elementor-element elementor-element-60c8611 elementor-widget elementor-widget-heading\" data-id=\"60c8611\" data-element_type=\"widget\" data-widget_type=\"heading.default\">\n\t\t\t\t<div class=\"elementor-widget-container\">\n\t\t\t<h1 class=\"elementor-heading-title elementor-size-default\">Pr\u00e9paration aux D\u00e9buts Scolaires<\/h1>\t\t<\/div>\n\t\t\t\t<\/div>\n\t\t\t\t\t<\/div>\n\t\t<\/div>\n\t\t\t\t\t<\/div>\n\t\t<\/section>\n\t\t\t\t<section class=\"elementor-section elementor-top-section elementor-element elementor-element-7b0fbed elementor-section-boxed elementor-section-height-default elementor-section-height-default\" data-id=\"7b0fbed\" data-element_type=\"section\">\n\t\t\t\t\t\t<div class=\"elementor-container elementor-column-gap-default\">\n\t\t\t\t\t<div class=\"elementor-column elementor-col-100 elementor-top-column elementor-element elementor-element-450b5b0\" data-id=\"450b5b0\" data-element_type=\"column\">\n\t\t\t<div class=\"elementor-widget-wrap elementor-element-populated\">\n\t\t\t\t\t\t<div class=\"elementor-element elementor-element-151fe1b elementor-widget-tablet__width-initial elementor-widget elementor-widget-heading\" data-id=\"151fe1b\" data-element_type=\"widget\" data-widget_type=\"heading.default\">\n\t\t\t\t<div class=\"elementor-widget-container\">\n\t\t\t<h2 class=\"elementor-heading-title elementor-size-default\">Programme Ontarien des Services en Mati\u00e8re d\u2019Autisme - Pr\u00e9paration aux D\u00e9buts Scolaires<\/h2>\t\t<\/div>\n\t\t\t\t<\/div>\n\t\t\t\t\t<\/div>\n\t\t<\/div>\n\t\t\t\t\t<\/div>\n\t\t<\/section>\n\t\t\t\t<section class=\"elementor-section elementor-top-section elementor-element elementor-element-3eb7725 elementor-section-content-middle elementor-section-boxed elementor-section-height-default elementor-section-height-default\" data-id=\"3eb7725\" data-element_type=\"section\" data-settings=\"{&quot;background_background&quot;:&quot;classic&quot;}\">\n\t\t\t\t\t\t<div class=\"elementor-container elementor-column-gap-default\">\n\t\t\t\t\t<div class=\"elementor-column elementor-col-50 elementor-top-column elementor-element elementor-element-5043b3e countdown-block\" data-id=\"5043b3e\" data-element_type=\"column\">\n\t\t\t<div class=\"elementor-widget-wrap elementor-element-populated\">\n\t\t\t\t\t\t<div class=\"elementor-element elementor-element-c4858ba elementor-widget elementor-widget-heading\" data-id=\"c4858ba\" data-element_type=\"widget\" data-widget_type=\"heading.default\">\n\t\t\t\t<div class=\"elementor-widget-container\">\n\t\t\t<h3 class=\"elementor-heading-title elementor-size-default\">Qu\u2019est-ce que le programme Pr\u00e9paration aux D\u00e9buts Scolaires ?<\/h3>\t\t<\/div>\n\t\t\t\t<\/div>\n\t\t\t\t<div class=\"elementor-element elementor-element-e981731 elementor-widget elementor-widget-text-editor\" data-id=\"e981731\" data-element_type=\"widget\" data-widget_type=\"text-editor.default\">\n\t\t\t\t<div class=\"elementor-widget-container\">\n\t\t\t\t\t\t\t<p>Ce programme de groupe de six mois visera \u00e0 aider les enfants \u00e0 acqu\u00e9rir des comp\u00e9tences en pr\u00e9paration \u00e0 l\u2019\u00e9cole dans les domaines suivants :<\/p>\n<ul>\n<li>Communication<\/li>\n<li>Jeu<\/li>\n<li>Interaction sociale<\/li>\n<li>Comportement<\/li>\n<li>Autogestion<\/li>\n<li>Apprentissage et concentration de l\u2019attention<\/li>\n<\/ul>\n<p>\u00c0 la fin du programme de groupe, les enfants recevront un soutien de transition individuel \u00e0 leur entr\u00e9e \u00e0 l\u2019\u00e9cole, y compris des consultations cibl\u00e9es avec le personnel du programme d\u2019entr\u00e9e \u00e0 l\u2019\u00e9cole pendant leurs six premiers mois \u00e0 l\u2019\u00e9cole, au besoin.<\/p>\t\t\t\t\t\t<\/div>\n\t\t\t\t<\/div>\n\t\t\t\t\t<\/div>\n\t\t<\/div>\n\t\t\t\t<div class=\"elementor-column elementor-col-50 elementor-top-column elementor-element elementor-element-dba0f6e countdown-block\" data-id=\"dba0f6e\" data-element_type=\"column\">\n\t\t\t<div class=\"elementor-widget-wrap elementor-element-populated\">\n\t\t\t\t\t\t<div class=\"elementor-element elementor-element-fbb7104 elementor-widget elementor-widget-image\" data-id=\"fbb7104\" data-element_type=\"widget\" data-widget_type=\"image.default\">\n\t\t\t\t<div class=\"elementor-widget-container\">\n\t\t\t\t\t\t\t\t\t\t\t\t\t<img fetchpriority=\"high\" decoding=\"async\" width=\"907\" height=\"554\" src=\"https:\/\/www.clhmidland.on.ca\/wp-content\/uploads\/resources-for-childcare.png\" class=\"attachment-full size-full wp-image-2934\" alt=\"Deux femmes et trois enfants r\u00e9unis autour d\u2019une petite table avec des jouets color\u00e9s.\" srcset=\"https:\/\/www.clhmidland.on.ca\/wp-content\/uploads\/resources-for-childcare.png 907w, https:\/\/www.clhmidland.on.ca\/wp-content\/uploads\/resources-for-childcare-300x183.png 300w, https:\/\/www.clhmidland.on.ca\/wp-content\/uploads\/resources-for-childcare-768x469.png 768w\" sizes=\"(max-width: 907px) 100vw, 907px\" \/>\t\t\t\t\t\t\t\t\t\t\t\t\t<\/div>\n\t\t\t\t<\/div>\n\t\t\t\t\t<\/div>\n\t\t<\/div>\n\t\t\t\t\t<\/div>\n\t\t<\/section>\n\t\t\t\t<section class=\"elementor-section elementor-top-section elementor-element elementor-element-076374e elementor-section-boxed elementor-section-height-default elementor-section-height-default\" data-id=\"076374e\" data-element_type=\"section\">\n\t\t\t\t\t\t<div class=\"elementor-container elementor-column-gap-default\">\n\t\t\t\t\t<div class=\"elementor-column elementor-col-100 elementor-top-column elementor-element elementor-element-d8f6684\" data-id=\"d8f6684\" data-element_type=\"column\">\n\t\t\t<div class=\"elementor-widget-wrap elementor-element-populated\">\n\t\t\t\t\t\t<div class=\"elementor-element elementor-element-418f91e no_margin_bottom elementor-widget elementor-widget-heading\" data-id=\"418f91e\" data-element_type=\"widget\" data-widget_type=\"heading.default\">\n\t\t\t\t<div class=\"elementor-widget-container\">\n\t\t\t<h3 class=\"elementor-heading-title elementor-size-default\">Qui est admissible ?<\/h3>\t\t<\/div>\n\t\t\t\t<\/div>\n\t\t\t\t<div class=\"elementor-element elementor-element-3e1db62 elementor-widget elementor-widget-text-editor\" data-id=\"3e1db62\" data-element_type=\"widget\" data-widget_type=\"text-editor.default\">\n\t\t\t\t<div class=\"elementor-widget-container\">\n\t\t\t\t\t\t\t<p>Le programme de pr\u00e9paration aux d\u00e9buts scolaires soutient les enfants atteints du TSA (trouble du spectre de l&#8217;autisme) \u00e2g\u00e9s de troix \u00e0 six ans qui entrent \u00e0 l&#8217;\u00e9cole (maternelle ou premi\u00e8re ann\u00e9e) pour la premi\u00e8re fois.\u00a0<\/p>\t\t\t\t\t\t<\/div>\n\t\t\t\t<\/div>\n\t\t\t\t<div class=\"elementor-element elementor-element-8379952 no_margin_bottom elementor-widget elementor-widget-heading\" data-id=\"8379952\" data-element_type=\"widget\" data-widget_type=\"heading.default\">\n\t\t\t\t<div class=\"elementor-widget-container\">\n\t\t\t<h3 class=\"elementor-heading-title elementor-size-default\">Comment puis-je inscrire mon enfant au programme Pr\u00e9paration aux D\u00e9buts Scolaires par l\u2019interm\u00e9diaire de YSAN ?<\/h3>\t\t<\/div>\n\t\t\t\t<\/div>\n\t\t\t\t<div class=\"elementor-element elementor-element-233254b elementor-widget-tablet__width-initial elementor-widget elementor-widget-text-editor\" data-id=\"233254b\" data-element_type=\"widget\" data-widget_type=\"text-editor.default\">\n\t\t\t\t<div class=\"elementor-widget-container\">\n\t\t\t\t\t\t\t<p>Les enfants doivent \u00eatre inscrits au Programme Ontarien des Services en Mati\u00e8re d\u2019Autisme (POSA) et avoir un num\u00e9ro de POSA. Les familles admissibles recevront une lettre du POSA les invitant \u00e0 participer au programme Pr\u00e9paration aux D\u00e9buts Scolaires.<br \/>Pour vous inscrire au programme Pr\u00e9paration aux D\u00e9buts Scolaires par l\u2019entremise de York Simcoe Autism Network (YSAN), veuillez envoyer un courriel \u00e0<span style=\"color: #000000; background-color: #ffffff;\"> OAPintake@ctnsy.ca, <\/span>appelez le 1-866-377-0286 ou <a href=\"https:\/\/gccrm-ctn.goldcareonline.net\/ctncrmlive\/YSAN\/\" target=\"_blank\" rel=\"noopener\">le site Web ici<\/a><\/p>\t\t\t\t\t\t<\/div>\n\t\t\t\t<\/div>\n\t\t\t\t<div class=\"elementor-element elementor-element-2726ac4 elementor-widget elementor-widget-heading\" data-id=\"2726ac4\" data-element_type=\"widget\" data-widget_type=\"heading.default\">\n\t\t\t\t<div class=\"elementor-widget-container\">\n\t\t\t<h1 class=\"elementor-heading-title elementor-size-default\">Pr\u00e9paration aux Dbuts Scolaires<\/h1>\t\t<\/div>\n\t\t\t\t<\/div>\n\t\t\t\t<div class=\"elementor-element elementor-element-ecf9530 elementor-widget elementor-widget-heading\" data-id=\"ecf9530\" data-element_type=\"widget\" data-widget_type=\"heading.default\">\n\t\t\t\t<div class=\"elementor-widget-container\">\n\t\t\t<h1 class=\"elementor-heading-title elementor-size-default\">Pr\u00e9paration aux D\u00e9buts Scolaires<\/h1>\t\t<\/div>\n\t\t\t\t<\/div>\n\t\t\t\t\t<\/div>\n\t\t<\/div>\n\t\t\t\t\t<\/div>\n\t\t<\/section>\n\t\t\t\t<section class=\"elementor-section elementor-top-section elementor-element elementor-element-ef54c74 elementor-section-boxed elementor-section-height-default elementor-section-height-default\" data-id=\"ef54c74\" data-element_type=\"section\" data-settings=\"{&quot;background_background&quot;:&quot;classic&quot;}\">\n\t\t\t\t\t\t<div class=\"elementor-container elementor-column-gap-default\">\n\t\t\t\t\t<div class=\"elementor-column elementor-col-100 elementor-top-column elementor-element elementor-element-df73b59\" data-id=\"df73b59\" data-element_type=\"column\">\n\t\t\t<div class=\"elementor-widget-wrap elementor-element-populated\">\n\t\t\t\t\t\t<div class=\"elementor-element elementor-element-09f41e0 no_margin_bottom elementor-widget elementor-widget-text-editor\" data-id=\"09f41e0\" data-element_type=\"widget\" data-widget_type=\"text-editor.default\">\n\t\t\t\t<div class=\"elementor-widget-container\">\n\t\t\t\t\t\t\t<p>Si vous souhaitez obtenir de plus amples renseignements sur le programme D\u00e9buts Scolaires offert par CLH SSD, <a href=\"mailto:clhmid@clhmidland.on.ca?Subject=D\u00e9buts Scolaires\">veuillez communiquer avec la bo\u00eete aux lettres g\u00e9n\u00e9rale<\/a>.<\/p>\t\t\t\t\t\t<\/div>\n\t\t\t\t<\/div>\n\t\t\t\t\t<\/div>\n\t\t<\/div>\n\t\t\t\t\t<\/div>\n\t\t<\/section>\n\t\t\t\t<section class=\"elementor-section elementor-top-section elementor-element elementor-element-de450be elementor-section-boxed elementor-section-height-default elementor-section-height-default\" data-id=\"de450be\" data-element_type=\"section\" data-settings=\"{&quot;background_background&quot;:&quot;classic&quot;}\">\n\t\t\t\t\t\t<div class=\"elementor-container elementor-column-gap-default\">\n\t\t\t\t\t<div class=\"elementor-column elementor-col-100 elementor-top-column elementor-element elementor-element-9b32f40\" data-id=\"9b32f40\" data-element_type=\"column\">\n\t\t\t<div class=\"elementor-widget-wrap elementor-element-populated\">\n\t\t\t\t\t\t<div class=\"elementor-element elementor-element-1e5e50b elementor-widget elementor-widget-heading\" data-id=\"1e5e50b\" data-element_type=\"widget\" data-widget_type=\"heading.default\">\n\t\t\t\t<div class=\"elementor-widget-container\">\n\t\t\t<h2 class=\"elementor-heading-title elementor-size-default\">York Simcoe Autism Network (YSAN)<\/h2>\t\t<\/div>\n\t\t\t\t<\/div>\n\t\t\t\t<div class=\"elementor-element elementor-element-bd3b107 no_margin_bottom elementor-widget elementor-widget-text-editor\" data-id=\"bd3b107\" data-element_type=\"widget\" data-widget_type=\"text-editor.default\">\n\t\t\t\t<div class=\"elementor-widget-container\">\n\t\t\t\t\t\t\t<p>York Simcoe Autism Network (YSAN) est un groupe d\u2019organismes qui offre des services en mati\u00e8re d\u2019autisme dans la r\u00e9gion de York et dans le Comt\u00e9 de Simcoe et qui s\u2019engage \u00e0 travailler ensemble pour offrir des services accessibles et de grande qualit\u00e9 qui am\u00e9liorent les r\u00e9sultats pour les enfants et les jeunes atteints de Troubles du Spectre Autistique (TSA) et leur famille.\u00a0<\/p>\t\t\t\t\t\t<\/div>\n\t\t\t\t<\/div>\n\t\t\t\t<div class=\"elementor-element elementor-element-001a9fd elementor-widget elementor-widget-button\" data-id=\"001a9fd\" data-element_type=\"widget\" data-widget_type=\"button.default\">\n\t\t\t\t<div class=\"elementor-widget-container\">\n\t\t\t\t\t<div class=\"elementor-button-wrapper\">\n\t\t\t<a class=\"elementor-button elementor-button-link elementor-size-sm\" href=\"https:\/\/www.ysanetwork.ca\/\" target=\"_blank\" aria-label=\"Visitez le Site Web des R\u00e9seaux en Mati\u00e8re d&#039;Autisme de York Simcoe\">\n\t\t\t\t\t\t<span class=\"elementor-button-content-wrapper\">\n\t\t\t\t\t\t\t\t\t<span class=\"elementor-button-text\">Pour en savoir plus sur YSAN<\/span>\n\t\t\t\t\t<\/span>\n\t\t\t\t\t<\/a>\n\t\t<\/div>\n\t\t\t\t<\/div>\n\t\t\t\t<\/div>\n\t\t\t\t\t<\/div>\n\t\t<\/div>\n\t\t\t\t\t<\/div>\n\t\t<\/section>\n\t\t\t\t<section class=\"elementor-section elementor-top-section elementor-element elementor-element-07f1445 elementor-section-boxed elementor-section-height-default elementor-section-height-default\" data-id=\"07f1445\" data-element_type=\"section\" data-settings=\"{&quot;background_background&quot;:&quot;classic&quot;}\">\n\t\t\t\t\t\t<div class=\"elementor-container elementor-column-gap-default\">\n\t\t\t\t\t<div class=\"elementor-column elementor-col-100 elementor-top-column elementor-element elementor-element-45f0888\" data-id=\"45f0888\" data-element_type=\"column\">\n\t\t\t<div class=\"elementor-widget-wrap elementor-element-populated\">\n\t\t\t\t\t\t<section class=\"elementor-section elementor-inner-section elementor-element elementor-element-4d011c4 elementor-section-content-middle elementor-section-boxed elementor-section-height-default elementor-section-height-default\" data-id=\"4d011c4\" data-element_type=\"section\">\n\t\t\t\t\t\t<div class=\"elementor-container elementor-column-gap-default\">\n\t\t\t\t\t<div class=\"elementor-column elementor-col-50 elementor-inner-column elementor-element elementor-element-dfab75e\" data-id=\"dfab75e\" data-element_type=\"column\">\n\t\t\t<div class=\"elementor-widget-wrap elementor-element-populated\">\n\t\t\t\t\t\t<div class=\"elementor-element elementor-element-43d693e elementor-view-default elementor-widget elementor-widget-icon\" data-id=\"43d693e\" data-element_type=\"widget\" data-widget_type=\"icon.default\">\n\t\t\t\t<div class=\"elementor-widget-container\">\n\t\t\t\t\t<div class=\"elementor-icon-wrapper\">\n\t\t\t<div class=\"elementor-icon\">\n\t\t\t<i aria-hidden=\"true\" class=\"far fa-lightbulb\"><\/i>\t\t\t<\/div>\n\t\t<\/div>\n\t\t\t\t<\/div>\n\t\t\t\t<\/div>\n\t\t\t\t\t<\/div>\n\t\t<\/div>\n\t\t\t\t<div class=\"elementor-column elementor-col-50 elementor-inner-column elementor-element elementor-element-918d3e0\" data-id=\"918d3e0\" data-element_type=\"column\">\n\t\t\t<div class=\"elementor-widget-wrap elementor-element-populated\">\n\t\t\t\t\t\t<div class=\"elementor-element elementor-element-54d1bf4 elementor-widget__width-auto elementor-widget elementor-widget-heading\" data-id=\"54d1bf4\" data-element_type=\"widget\" data-widget_type=\"heading.default\">\n\t\t\t\t<div class=\"elementor-widget-container\">\n\t\t\t<h2 class=\"elementor-heading-title elementor-size-default\">Les enfants doivent \u00eatre inscrits au Programme Ontarien des s=Services en Aati\u00e8re d'Autisme (POSA) et avoir un num\u00e9ro POSA. Les familles admissibles recevront une lettre du POSA les invitant \u00e0 participer au programme de pr\u00e9paration aux d\u00e9buts scolaires.<\/h2>\t\t<\/div>\n\t\t\t\t<\/div>\n\t\t\t\t<div class=\"elementor-element elementor-element-9d5c100 elementor-widget elementor-widget-button\" data-id=\"9d5c100\" data-element_type=\"widget\" data-widget_type=\"button.default\">\n\t\t\t\t<div class=\"elementor-widget-container\">\n\t\t\t\t\t<div class=\"elementor-button-wrapper\">\n\t\t\t<a class=\"elementor-button elementor-button-link elementor-size-sm\" href=\"https:\/\/accessoap.ca\/fr\/\" target=\"_blank\" aria-label=\"Ouvrir le formulaire de demande du Programme Ontarien des Services en Mati\u00e8re d&#039;Autisme (POSA) pour inscrire votre enfant\">\n\t\t\t\t\t\t<span class=\"elementor-button-content-wrapper\">\n\t\t\t\t\t\t\t\t\t<span class=\"elementor-button-text\">Inscrivez Votre Enfant au POSA<\/span>\n\t\t\t\t\t<\/span>\n\t\t\t\t\t<\/a>\n\t\t<\/div>\n\t\t\t\t<\/div>\n\t\t\t\t<\/div>\n\t\t\t\t\t<\/div>\n\t\t<\/div>\n\t\t\t\t\t<\/div>\n\t\t<\/section>\n\t\t\t\t\t<\/div>\n\t\t<\/div>\n\t\t\t\t\t<\/div>\n\t\t<\/section>\n\t\t\t\t<section class=\"elementor-section elementor-top-section elementor-element elementor-element-324611b elementor-section-boxed elementor-section-height-default elementor-section-height-default\" data-id=\"324611b\" data-element_type=\"section\">\n\t\t\t\t\t\t<div class=\"elementor-container elementor-column-gap-default\">\n\t\t\t\t\t<div class=\"elementor-column elementor-col-100 elementor-top-column elementor-element elementor-element-29d6f83\" data-id=\"29d6f83\" data-element_type=\"column\">\n\t\t\t<div class=\"elementor-widget-wrap elementor-element-populated\">\n\t\t\t\t\t\t<div class=\"elementor-element elementor-element-339c205 elementor-widget elementor-widget-heading\" data-id=\"339c205\" data-element_type=\"widget\" data-widget_type=\"heading.default\">\n\t\t\t\t<div class=\"elementor-widget-container\">\n\t\t\t<h2 class=\"elementor-heading-title elementor-size-default\">PROGRAMMES DE SOUTIEN POUR LES ENFANTS CONNEXES<\/h2>\t\t<\/div>\n\t\t\t\t<\/div>\n\t\t\t\t\t<\/div>\n\t\t<\/div>\n\t\t\t\t\t<\/div>\n\t\t<\/section>\n\t\t\t\t<section class=\"elementor-section elementor-top-section elementor-element elementor-element-3774219 elementor-section-boxed elementor-section-height-default elementor-section-height-default\" data-id=\"3774219\" data-element_type=\"section\" data-settings=\"{&quot;background_background&quot;:&quot;classic&quot;}\">\n\t\t\t\t\t\t<div class=\"elementor-container elementor-column-gap-default\">\n\t\t\t\t\t<div class=\"elementor-column elementor-col-100 elementor-top-column elementor-element elementor-element-c7a2c36\" data-id=\"c7a2c36\" data-element_type=\"column\">\n\t\t\t<div class=\"elementor-widget-wrap elementor-element-populated\">\n\t\t\t\t\t\t<section class=\"elementor-section elementor-inner-section elementor-element elementor-element-61d1dc9 elementor-section-boxed elementor-section-height-default elementor-section-height-default\" data-id=\"61d1dc9\" data-element_type=\"section\">\n\t\t\t\t\t\t<div class=\"elementor-container elementor-column-gap-default\">\n\t\t\t\t\t<div class=\"elementor-column elementor-col-50 elementor-inner-column elementor-element elementor-element-bc0bacf\" data-id=\"bc0bacf\" data-element_type=\"column\">\n\t\t\t<div class=\"elementor-widget-wrap elementor-element-populated\">\n\t\t\t\t\t\t<div class=\"elementor-element elementor-element-061258e elementor-widget elementor-widget-image\" data-id=\"061258e\" data-element_type=\"widget\" data-widget_type=\"image.default\">\n\t\t\t\t<div class=\"elementor-widget-container\">\n\t\t\t\t\t\t\t\t\t\t\t\t\t<img decoding=\"async\" width=\"296\" height=\"197\" src=\"https:\/\/www.clhmidland.on.ca\/wp-content\/uploads\/Teen-Camp.png\" class=\"attachment-large size-large wp-image-2894\" alt=\"Deux adolescentes \u00e0 l\u2019ext\u00e9rieur portant des sacs \u00e0 dos et en lisant des instructions sur papier.\" \/>\t\t\t\t\t\t\t\t\t\t\t\t\t<\/div>\n\t\t\t\t<\/div>\n\t\t\t\t<div class=\"elementor-element elementor-element-b85c860 top-centre elementor-widget elementor-widget-heading\" data-id=\"b85c860\" data-element_type=\"widget\" data-widget_type=\"heading.default\">\n\t\t\t\t<div class=\"elementor-widget-container\">\n\t\t\t<h2 class=\"elementor-heading-title elementor-size-default\"><a href=\"https:\/\/www.clhmidland.on.ca\/fr\/lcc\/\" target=\"_blank\" aria-label=\"Visitez le Site Web des Services de Soutien Inclusifs de Qualit\u00e9\">Services de Soutien <br>Inclusifs de Qualit\u00e9<\/a><\/h2>\t\t<\/div>\n\t\t\t\t<\/div>\n\t\t\t\t\t<\/div>\n\t\t<\/div>\n\t\t\t\t<div class=\"elementor-column elementor-col-50 elementor-inner-column elementor-element elementor-element-1a08b76\" data-id=\"1a08b76\" data-element_type=\"column\">\n\t\t\t<div class=\"elementor-widget-wrap elementor-element-populated\">\n\t\t\t\t\t\t<div class=\"elementor-element elementor-element-cb0d04d elementor-widget elementor-widget-image\" data-id=\"cb0d04d\" data-element_type=\"widget\" data-widget_type=\"image.default\">\n\t\t\t\t<div class=\"elementor-widget-container\">\n\t\t\t\t\t\t\t\t\t\t\t\t\t<img decoding=\"async\" width=\"296\" height=\"197\" src=\"https:\/\/www.clhmidland.on.ca\/wp-content\/uploads\/ON-Autism-program.png\" class=\"attachment-large size-large wp-image-2896\" alt=\"Une enseignante et un enfant qui apprennent le bonheur et la tristesse.\" \/>\t\t\t\t\t\t\t\t\t\t\t\t\t<\/div>\n\t\t\t\t<\/div>\n\t\t\t\t<div class=\"elementor-element elementor-element-d5b1ba0 top-centre elementor-widget elementor-widget-heading\" data-id=\"d5b1ba0\" data-element_type=\"widget\" data-widget_type=\"heading.default\">\n\t\t\t\t<div class=\"elementor-widget-container\">\n\t\t\t<h2 class=\"elementor-heading-title elementor-size-default\"><a href=\"https:\/\/www.clhmidland.on.ca\/fr\/scrcs\/\" target=\"_blank\" aria-label=\"Visitez le Site Web des Services de Consultantes en Ressources\">Services de Consultantes <br>en Ressources du Comt\u00e9 <br>de Simcoe<\/a><\/h2>\t\t<\/div>\n\t\t\t\t<\/div>\n\t\t\t\t\t<\/div>\n\t\t<\/div>\n\t\t\t\t\t<\/div>\n\t\t<\/section>\n\t\t\t\t\t<\/div>\n\t\t<\/div>\n\t\t\t\t\t<\/div>\n\t\t<\/section>\n\t\t\t\t<\/div>\n\t\t","protected":false},"excerpt":{"rendered":"<p>Pr\u00e9paration aux D\u00e9buts Scolaires Programme Ontarien des Services en Mati\u00e8re d\u2019Autisme &#8211; Pr\u00e9paration aux D\u00e9buts Scolaires Qu\u2019est-ce que le programme Pr\u00e9paration aux D\u00e9buts Scolaires ? Ce programme de groupe de [&hellip;]<\/p>\n","protected":false},"author":1,"featured_media":0,"parent":3079,"menu_order":0,"comment_status":"closed","ping_status":"closed","template":"elementor_header_footer","meta":{"_exactmetrics_skip_tracking":false,"_exactmetrics_sitenote_active":false,"_exactmetrics_sitenote_note":"","_exactmetrics_sitenote_category":0,"_price":"","_stock":"","_tribe_ticket_header":"","_tribe_default_ticket_provider":"","_tribe_ticket_capacity":"0","_ticket_start_date":"","_ticket_end_date":"","_tribe_ticket_show_description":"","_tribe_ticket_show_not_going":false,"_tribe_ticket_use_global_stock":"","_tribe_ticket_global_stock_level":"","_global_stock_mode":"","_global_stock_cap":"","_tribe_rsvp_for_event":"","_tribe_ticket_going_count":"","_tribe_ticket_not_going_count":"","_tribe_tickets_list":"[]","_tribe_ticket_has_attendee_info_fields":false,"footnotes":"","_tec_slr_enabled":"","_tec_slr_layout":""},"class_list":["post-3106","page","type-page","status-publish","hentry"],"aioseo_notices":[],"ticketed":false,"_links":{"self":[{"href":"https:\/\/www.clhmidland.on.ca\/fr\/wp-json\/wp\/v2\/pages\/3106","targetHints":{"allow":["GET"]}}],"collection":[{"href":"https:\/\/www.clhmidland.on.ca\/fr\/wp-json\/wp\/v2\/pages"}],"about":[{"href":"https:\/\/www.clhmidland.on.ca\/fr\/wp-json\/wp\/v2\/types\/page"}],"author":[{"embeddable":true,"href":"https:\/\/www.clhmidland.on.ca\/fr\/wp-json\/wp\/v2\/users\/1"}],"replies":[{"embeddable":true,"href":"https:\/\/www.clhmidland.on.ca\/fr\/wp-json\/wp\/v2\/comments?post=3106"}],"version-history":[{"count":83,"href":"https:\/\/www.clhmidland.on.ca\/fr\/wp-json\/wp\/v2\/pages\/3106\/revisions"}],"predecessor-version":[{"id":10134,"href":"https:\/\/www.clhmidland.on.ca\/fr\/wp-json\/wp\/v2\/pages\/3106\/revisions\/10134"}],"up":[{"embeddable":true,"href":"https:\/\/www.clhmidland.on.ca\/fr\/wp-json\/wp\/v2\/pages\/3079"}],"wp:attachment":[{"href":"https:\/\/www.clhmidland.on.ca\/fr\/wp-json\/wp\/v2\/media?parent=3106"}],"curies":[{"name":"wp","href":"https:\/\/api.w.org\/{rel}","templated":true}]}}