{"id":3153,"date":"2022-12-08T13:20:05","date_gmt":"2022-12-08T18:20:05","guid":{"rendered":"https:\/\/www.clhmidland.on.ca\/clh-leadership\/gerante-des-reseaux"},"modified":"2023-07-25T09:44:49","modified_gmt":"2023-07-25T13:44:49","slug":"gerante-des-reseaux","status":"publish","type":"page","link":"https:\/\/www.clhmidland.on.ca\/fr\/clh-leadership\/gerante-des-reseaux","title":{"rendered":"G\u00e9rante des R\u00e9seaux"},"content":{"rendered":"\t\t<div data-elementor-type=\"wp-page\" data-elementor-id=\"3153\" class=\"elementor elementor-3153 elementor-2294\" data-elementor-post-type=\"page\">\n\t\t\t\t\t\t<section class=\"elementor-section elementor-top-section elementor-element elementor-element-9630721 elementor-section-boxed elementor-section-height-default elementor-section-height-default\" data-id=\"9630721\" data-element_type=\"section\" data-settings=\"{&quot;background_background&quot;:&quot;classic&quot;}\">\n\t\t\t\t\t\t<div class=\"elementor-container elementor-column-gap-default\">\n\t\t\t\t\t<div class=\"elementor-column elementor-col-100 elementor-top-column elementor-element elementor-element-8fcea5f\" data-id=\"8fcea5f\" data-element_type=\"column\">\n\t\t\t<div class=\"elementor-widget-wrap elementor-element-populated\">\n\t\t\t\t\t\t<div class=\"elementor-element elementor-element-f11dafe elementor-widget elementor-widget-heading\" data-id=\"f11dafe\" data-element_type=\"widget\" data-widget_type=\"heading.default\">\n\t\t\t\t<div class=\"elementor-widget-container\">\n\t\t\t<h1 class=\"elementor-heading-title elementor-size-default\">G\u00e9rante des R\u00e9seaux<\/h1>\t\t<\/div>\n\t\t\t\t<\/div>\n\t\t\t\t\t<\/div>\n\t\t<\/div>\n\t\t\t\t\t<\/div>\n\t\t<\/section>\n\t\t\t\t<section class=\"elementor-section elementor-top-section elementor-element elementor-element-fbc63ba elementor-section-boxed elementor-section-height-default elementor-section-height-default\" data-id=\"fbc63ba\" data-element_type=\"section\">\n\t\t\t\t\t\t<div class=\"elementor-container elementor-column-gap-default\">\n\t\t\t\t\t<div class=\"elementor-column elementor-col-100 elementor-top-column elementor-element elementor-element-07c5a4e\" data-id=\"07c5a4e\" data-element_type=\"column\">\n\t\t\t<div class=\"elementor-widget-wrap elementor-element-populated\">\n\t\t\t\t\t\t<div class=\"elementor-element elementor-element-edee9c1 elementor-widget elementor-widget-heading\" data-id=\"edee9c1\" data-element_type=\"widget\" data-widget_type=\"heading.default\">\n\t\t\t\t<div class=\"elementor-widget-container\">\n\t\t\t<h2 class=\"elementor-heading-title elementor-size-default\">Conseil des Auto-Repr\u00e9sentants<\/h2>\t\t<\/div>\n\t\t\t\t<\/div>\n\t\t\t\t\t<\/div>\n\t\t<\/div>\n\t\t\t\t\t<\/div>\n\t\t<\/section>\n\t\t\t\t<section class=\"elementor-section elementor-top-section elementor-element elementor-element-d978f19 elementor-section-boxed elementor-section-height-default elementor-section-height-default\" data-id=\"d978f19\" data-element_type=\"section\">\n\t\t\t\t\t\t<div class=\"elementor-container elementor-column-gap-default\">\n\t\t\t\t\t<div class=\"elementor-column elementor-col-50 elementor-top-column elementor-element elementor-element-09f0a65\" data-id=\"09f0a65\" data-element_type=\"column\">\n\t\t\t<div class=\"elementor-widget-wrap elementor-element-populated\">\n\t\t\t\t\t\t<div class=\"elementor-element elementor-element-f8ea4d5 elementor-widget elementor-widget-text-editor\" data-id=\"f8ea4d5\" data-element_type=\"widget\" data-widget_type=\"text-editor.default\">\n\t\t\t\t<div class=\"elementor-widget-container\">\n\t\t\t\t\t\t\t<p>Le Conseil des Auto-Repr\u00e9sentantsi de CLH Services de Soutien au D\u00e9veloppement a \u00e9t\u00e9 form\u00e9 en juillet 2013. L\u2019adh\u00e9sion est ouverte \u00e0 toute personne soutenue par CLH SSD (le personnel est \u00e9galement le bienvenu). Les r\u00e9unions ont lieu virtuellement tous les 3e jeudis \u00e0 13 h, de septembre \u00e0 juin.<\/p>\t\t\t\t\t\t<\/div>\n\t\t\t\t<\/div>\n\t\t\t\t<div class=\"elementor-element elementor-element-50f0065 no_margin_bottom elementor-view-default elementor-widget elementor-widget-icon\" data-id=\"50f0065\" data-element_type=\"widget\" data-widget_type=\"icon.default\">\n\t\t\t\t<div class=\"elementor-widget-container\">\n\t\t\t\t\t<div class=\"elementor-icon-wrapper\">\n\t\t\t<div class=\"elementor-icon\">\n\t\t\t<i aria-hidden=\"true\" class=\"far fa-eye\"><\/i>\t\t\t<\/div>\n\t\t<\/div>\n\t\t\t\t<\/div>\n\t\t\t\t<\/div>\n\t\t\t\t<div class=\"elementor-element elementor-element-3c261d5 elementor-widget elementor-widget-heading\" data-id=\"3c261d5\" data-element_type=\"widget\" data-widget_type=\"heading.default\">\n\t\t\t\t<div class=\"elementor-widget-container\">\n\t\t\t<h3 class=\"elementor-heading-title elementor-size-default\">Vision du Conseil <br>des Auto-Repr\u00e9sentants<\/h3>\t\t<\/div>\n\t\t\t\t<\/div>\n\t\t\t\t<div class=\"elementor-element elementor-element-1ffaa02 elementor-widget elementor-widget-text-editor\" data-id=\"1ffaa02\" data-element_type=\"widget\" data-widget_type=\"text-editor.default\">\n\t\t\t\t<div class=\"elementor-widget-container\">\n\t\t\t\t\t\t\t<p>Le Conseil des Auto-Repr\u00e9sentants a pour vision de d\u00e9fendre nos int\u00e9r\u00eats et ceux d\u2019autres adultes au sujet des questions qui touchent nos vies. Nous nous engageons \u00e0 sensibiliser les gens \u00e0 leurs droits et \u00e0 comprendre leur capacit\u00e9 \u00e0 faire une diff\u00e9rence en ce qui concerne les soutiens et les services offerts par CLH Services de Soutien au D\u00e9veloppement.<\/p>\n\t\t\t\t\t\t<\/div>\n\t\t\t\t<\/div>\n\t\t\t\t\t<\/div>\n\t\t<\/div>\n\t\t\t\t<div class=\"elementor-column elementor-col-50 elementor-top-column elementor-element elementor-element-76c5434\" data-id=\"76c5434\" data-element_type=\"column\">\n\t\t\t<div class=\"elementor-widget-wrap elementor-element-populated\">\n\t\t\t\t\t\t<div class=\"elementor-element elementor-element-98a0b9f no_margin_bottom elementor-widget elementor-widget-image\" data-id=\"98a0b9f\" data-element_type=\"widget\" data-widget_type=\"image.default\">\n\t\t\t\t<div class=\"elementor-widget-container\">\n\t\t\t\t\t\t\t\t\t\t<figure class=\"wp-caption\">\n\t\t\t\t\t\t\t\t\t\t<img fetchpriority=\"high\" decoding=\"async\" width=\"628\" height=\"399\" src=\"https:\/\/www.clhmidland.on.ca\/wp-content\/uploads\/self-advocates.jpg\" class=\"attachment-large size-large wp-image-2923\" alt=\"Un groupe de personnes soutenues et des aidants sur la plage posent pour la photo.\" srcset=\"https:\/\/www.clhmidland.on.ca\/wp-content\/uploads\/self-advocates.jpg 628w, https:\/\/www.clhmidland.on.ca\/wp-content\/uploads\/self-advocates-300x191.jpg 300w\" sizes=\"(max-width: 628px) 100vw, 628px\" \/>\t\t\t\t\t\t\t\t\t\t\t<figcaption class=\"widget-image-caption wp-caption-text\">Conseil des Auto-Repr\u00e9sentants - 2012<\/figcaption>\n\t\t\t\t\t\t\t\t\t\t<\/figure>\n\t\t\t\t\t\t\t<\/div>\n\t\t\t\t<\/div>\n\t\t\t\t\t<\/div>\n\t\t<\/div>\n\t\t\t\t\t<\/div>\n\t\t<\/section>\n\t\t\t\t<section class=\"elementor-section elementor-top-section elementor-element elementor-element-7887ea5 elementor-section-boxed elementor-section-height-default elementor-section-height-default\" data-id=\"7887ea5\" data-element_type=\"section\" id=\"missionVisionValue\" data-settings=\"{&quot;background_background&quot;:&quot;classic&quot;}\">\n\t\t\t\t\t\t<div class=\"elementor-container elementor-column-gap-default\">\n\t\t\t\t\t<div class=\"elementor-column elementor-col-50 elementor-top-column elementor-element elementor-element-fb5ab7c\" data-id=\"fb5ab7c\" data-element_type=\"column\">\n\t\t\t<div class=\"elementor-widget-wrap elementor-element-populated\">\n\t\t\t\t\t\t<div class=\"elementor-element elementor-element-fb565d2 elementor-widget elementor-widget-heading\" data-id=\"fb565d2\" data-element_type=\"widget\" data-widget_type=\"heading.default\">\n\t\t\t\t<div class=\"elementor-widget-container\">\n\t\t\t<h3 class=\"elementor-heading-title elementor-size-default\">Auto-Repr\u00e9sentants<\/h3>\t\t<\/div>\n\t\t\t\t<\/div>\n\t\t\t\t<div class=\"elementor-element elementor-element-703ac92 elementor-widget elementor-widget-text-editor\" data-id=\"703ac92\" data-element_type=\"widget\" data-widget_type=\"text-editor.default\">\n\t\t\t\t<div class=\"elementor-widget-container\">\n\t\t\t\t\t\t\t<ul>\n<li>Parler pour nous-m\u00eames et pour les autres<\/li>\n<li>Veiller \u00e0 ce que nos id\u00e9es soient entendues<\/li>\n<li>Fournir de l\u2019\u00e9ducation et de l\u2019information sur les enjeux actuels<\/li>\n<li>Promouvoir la Pens\u00e9e et le Soutien Centr\u00e9s sur la Personne<\/li>\n<li>Soutenir les initiatives de financement existantes<\/li>\n<li>Soutenir la communaut\u00e9 en participant \u00e0 des activit\u00e9s parascolaires et \u00e0 d\u2019autres activit\u00e9s caritatives<\/li>\n<\/ul>\t\t\t\t\t\t<\/div>\n\t\t\t\t<\/div>\n\t\t\t\t\t<\/div>\n\t\t<\/div>\n\t\t\t\t<div class=\"elementor-column elementor-col-50 elementor-top-column elementor-element elementor-element-d2d7f56\" data-id=\"d2d7f56\" data-element_type=\"column\">\n\t\t\t<div class=\"elementor-widget-wrap elementor-element-populated\">\n\t\t\t\t\t\t<div class=\"elementor-element elementor-element-cfe6c98 elementor-widget elementor-widget-heading\" data-id=\"cfe6c98\" data-element_type=\"widget\" data-widget_type=\"heading.default\">\n\t\t\t\t<div class=\"elementor-widget-container\">\n\t\t\t<h3 class=\"elementor-heading-title elementor-size-default\">Mentorat entre Pairs<\/h3>\t\t<\/div>\n\t\t\t\t<\/div>\n\t\t\t\t<div class=\"elementor-element elementor-element-b39f71f elementor-widget elementor-widget-text-editor\" data-id=\"b39f71f\" data-element_type=\"widget\" data-widget_type=\"text-editor.default\">\n\t\t\t\t<div class=\"elementor-widget-container\">\n\t\t\t\t\t\t\t<p>Le mentorat entre pairs est une relation sp\u00e9ciale qui a habituellement lieu entre une personne qui a v\u00e9cu une exp\u00e9rience particuli\u00e8re et une personne qui est en train de vivre cette m\u00eame exp\u00e9rience. Voici quelques exemples de mentorat de CLH SSD :<\/p>\n<ul>\n<li>Aider quelqu\u2019un \u00e0 rencontrer de nouvelles personnes<\/li>\n<li>Aider \u00e0 connecter un nouvel arrivant \u00e0 sa communaut\u00e9<\/li>\n<li>Partage d\u2019un int\u00e9r\u00eat commun<\/li>\n<li>Enseigner une nouvelle comp\u00e9tence<\/li>\n<li>Soutenir quelqu\u2019un pendant la transition, par exemple passer des services scolaires aux services destin\u00e9s aux adultes, emm\u00e9nager dans un foyer de groupe.<\/li>\n<\/ul>\t\t\t\t\t\t<\/div>\n\t\t\t\t<\/div>\n\t\t\t\t\t<\/div>\n\t\t<\/div>\n\t\t\t\t\t<\/div>\n\t\t<\/section>\n\t\t\t\t<section class=\"elementor-section elementor-top-section elementor-element elementor-element-c6fbfc0 elementor-section-boxed elementor-section-height-default elementor-section-height-default\" data-id=\"c6fbfc0\" data-element_type=\"section\" data-settings=\"{&quot;background_background&quot;:&quot;classic&quot;}\">\n\t\t\t\t\t\t<div class=\"elementor-container elementor-column-gap-default\">\n\t\t\t\t\t<div class=\"elementor-column elementor-col-100 elementor-top-column elementor-element elementor-element-aba01fc\" data-id=\"aba01fc\" data-element_type=\"column\">\n\t\t\t<div class=\"elementor-widget-wrap elementor-element-populated\">\n\t\t\t\t\t\t<section class=\"elementor-section elementor-inner-section elementor-element elementor-element-36f7ed9 elementor-section-boxed elementor-section-height-default elementor-section-height-default\" data-id=\"36f7ed9\" data-element_type=\"section\">\n\t\t\t\t\t\t<div class=\"elementor-container elementor-column-gap-default\">\n\t\t\t\t\t<div class=\"elementor-column elementor-col-50 elementor-inner-column elementor-element elementor-element-5d427f4\" data-id=\"5d427f4\" data-element_type=\"column\">\n\t\t\t<div class=\"elementor-widget-wrap elementor-element-populated\">\n\t\t\t\t\t\t<div class=\"elementor-element elementor-element-af12898 elementor-widget__width-auto elementor-widget-mobile__width-inherit elementor-view-default elementor-widget elementor-widget-icon\" data-id=\"af12898\" data-element_type=\"widget\" data-widget_type=\"icon.default\">\n\t\t\t\t<div class=\"elementor-widget-container\">\n\t\t\t\t\t<div class=\"elementor-icon-wrapper\">\n\t\t\t<div class=\"elementor-icon\">\n\t\t\t<i aria-hidden=\"true\" class=\"far fa-lightbulb\"><\/i>\t\t\t<\/div>\n\t\t<\/div>\n\t\t\t\t<\/div>\n\t\t\t\t<\/div>\n\t\t\t\t\t<\/div>\n\t\t<\/div>\n\t\t\t\t<div class=\"elementor-column elementor-col-50 elementor-inner-column elementor-element elementor-element-dbec596\" data-id=\"dbec596\" data-element_type=\"column\">\n\t\t\t<div class=\"elementor-widget-wrap elementor-element-populated\">\n\t\t\t\t\t\t<div class=\"elementor-element elementor-element-c591e78 elementor-widget__width-auto elementor-widget elementor-widget-heading\" data-id=\"c591e78\" data-element_type=\"widget\" data-widget_type=\"heading.default\">\n\t\t\t\t<div class=\"elementor-widget-container\">\n\t\t\t<h2 class=\"elementor-heading-title elementor-size-default\">Pour obtenir de plus amples renseignements sur comment devenir mentor ou pour demander un mentor, veuillez communiquer avec <a href=\"mailto:clhmid@clhmidland.on.ca?subject=G\u00e9rante des R\u00e9seaux\">la bo\u00eete aux lettres g\u00e9n\u00e9rale.<\/a> <\/h2>\t\t<\/div>\n\t\t\t\t<\/div>\n\t\t\t\t\t<\/div>\n\t\t<\/div>\n\t\t\t\t\t<\/div>\n\t\t<\/section>\n\t\t\t\t\t<\/div>\n\t\t<\/div>\n\t\t\t\t\t<\/div>\n\t\t<\/section>\n\t\t\t\t<section class=\"elementor-section elementor-top-section elementor-element elementor-element-c958706 elementor-section-boxed elementor-section-height-default elementor-section-height-default\" data-id=\"c958706\" data-element_type=\"section\">\n\t\t\t\t\t\t<div class=\"elementor-container elementor-column-gap-default\">\n\t\t\t\t\t<div class=\"elementor-column elementor-col-100 elementor-top-column elementor-element elementor-element-e56f327\" data-id=\"e56f327\" data-element_type=\"column\">\n\t\t\t<div class=\"elementor-widget-wrap elementor-element-populated\">\n\t\t\t\t\t\t<div class=\"elementor-element elementor-element-39241e8 elementor-widget elementor-widget-heading\" data-id=\"39241e8\" data-element_type=\"widget\" data-widget_type=\"heading.default\">\n\t\t\t\t<div class=\"elementor-widget-container\">\n\t\t\t<h2 class=\"elementor-heading-title elementor-size-default\">Comit\u00e9 Consultatif des Droits<\/h2>\t\t<\/div>\n\t\t\t\t<\/div>\n\t\t\t\t<div class=\"elementor-element elementor-element-c012857 elementor-widget elementor-widget-text-editor\" data-id=\"c012857\" data-element_type=\"widget\" data-widget_type=\"text-editor.default\">\n\t\t\t\t<div class=\"elementor-widget-container\">\n\t\t\t\t\t\t\t<p>Le Comit\u00e9 Consultatif des Droits est compos\u00e9 de personnes qui ne sont pas des employ\u00e9s de l\u2019agence. Ce sont des personnes qui ont envie d\u2019aider les personnes soutenues par CLH Services de Soutien au D\u00e9veloppement \u00e0 \u00eatre aussi s\u00fbres que possible tout en ayant le moins de restrictions de leurs droits possible.<\/p>\n\t\t\t\t\t\t<\/div>\n\t\t\t\t<\/div>\n\t\t\t\t\t<\/div>\n\t\t<\/div>\n\t\t\t\t\t<\/div>\n\t\t<\/section>\n\t\t\t\t<section class=\"elementor-section elementor-top-section elementor-element elementor-element-d442820 elementor-section-boxed elementor-section-height-default elementor-section-height-default\" data-id=\"d442820\" data-element_type=\"section\">\n\t\t\t\t\t\t<div class=\"elementor-container elementor-column-gap-default\">\n\t\t\t\t\t<div class=\"elementor-column elementor-col-50 elementor-top-column elementor-element elementor-element-12db3d5\" data-id=\"12db3d5\" data-element_type=\"column\">\n\t\t\t<div class=\"elementor-widget-wrap elementor-element-populated\">\n\t\t\t\t\t\t<div class=\"elementor-element elementor-element-1b7cac6 elementor-widget elementor-widget-heading\" data-id=\"1b7cac6\" data-element_type=\"widget\" data-widget_type=\"heading.default\">\n\t\t\t\t<div class=\"elementor-widget-container\">\n\t\t\t<h2 class=\"elementor-heading-title elementor-size-default\">Comment Demander de l\u2019Aide au Comit\u00e9 Consultatif des Droits ?<\/h2>\t\t<\/div>\n\t\t\t\t<\/div>\n\t\t\t\t<div class=\"elementor-element elementor-element-2d466ea elementor-widget elementor-widget-text-editor\" data-id=\"2d466ea\" data-element_type=\"widget\" data-widget_type=\"text-editor.default\">\n\t\t\t\t<div class=\"elementor-widget-container\">\n\t\t\t\t\t\t\t<p>Si vous estimez que vos droits ont \u00e9t\u00e9 restreints, vous pouvez d\u2019abord en discuter avec un ami, un membre de votre famille, un conseiller de confiance ou un membre du personnel. Si vous voulez continuer, vous pouvez remplir un Formulaire de Restriction des Droits et le transmettre \u00e0 la Gestionnaire de la Planification et soutien individualis\u00e9s, <a href=\"mailto:amanda.rouleau@clhmidland.on.ca?subject=G\u00e9rante des R\u00e9seaux\">Amanda Rouleau, par courriel.<\/a> Si votre pr\u00e9occupation n\u2019est pas r\u00e9solue, elle sera soumise au Comit\u00e9 Consultatif des Droits pour qu\u2019il l\u2019examine et formule des recommandations et des d\u00e9cisions.<\/p>\t\t\t\t\t\t<\/div>\n\t\t\t\t<\/div>\n\t\t\t\t<div class=\"elementor-element elementor-element-dadac53 elementor-widget elementor-widget-button\" data-id=\"dadac53\" data-element_type=\"widget\" data-widget_type=\"button.default\">\n\t\t\t\t<div class=\"elementor-widget-container\">\n\t\t\t\t\t<div class=\"elementor-button-wrapper\">\n\t\t\t<a class=\"elementor-button elementor-button-link elementor-size-sm\" href=\"mailto:amanda.rouleau@clhmidland.on.ca?subject=G\u00e9rante%20des%20R\u00e9seaux\">\n\t\t\t\t\t\t<span class=\"elementor-button-content-wrapper\">\n\t\t\t\t\t\t<span class=\"elementor-button-icon\">\n\t\t\t\t<i aria-hidden=\"true\" class=\"far fa-envelope\"><\/i>\t\t\t<\/span>\n\t\t\t\t\t\t\t\t\t<span class=\"elementor-button-text\">Envoyer un courriel \u00e0 Amanda<\/span>\n\t\t\t\t\t<\/span>\n\t\t\t\t\t<\/a>\n\t\t<\/div>\n\t\t\t\t<\/div>\n\t\t\t\t<\/div>\n\t\t\t\t\t<\/div>\n\t\t<\/div>\n\t\t\t\t<div class=\"elementor-column elementor-col-50 elementor-top-column elementor-element elementor-element-567b7ef\" data-id=\"567b7ef\" data-element_type=\"column\">\n\t\t\t<div class=\"elementor-widget-wrap elementor-element-populated\">\n\t\t\t\t\t\t<div class=\"elementor-element elementor-element-323f252 elementor-widget elementor-widget-heading\" data-id=\"323f252\" data-element_type=\"widget\" data-widget_type=\"heading.default\">\n\t\t\t\t<div class=\"elementor-widget-container\">\n\t\t\t<h2 class=\"elementor-heading-title elementor-size-default\">Que peut Faire le Comit\u00e9 Consultatif des Droits ?<\/h2>\t\t<\/div>\n\t\t\t\t<\/div>\n\t\t\t\t<div class=\"elementor-element elementor-element-dfc1cf5 elementor-widget elementor-widget-text-editor\" data-id=\"dfc1cf5\" data-element_type=\"widget\" data-widget_type=\"text-editor.default\">\n\t\t\t\t<div class=\"elementor-widget-container\">\n\t\t\t\t\t\t\t<p>Le comit\u00e9 examinera les informations disponibles sur vos soutiens ainsi que votre plan de soutien et prendra une des d\u00e9cisions suivantes:<\/p>\n<ul>\n<li>Il pourra \u00eatre d\u2019accord de garder les supports identiques et vous en donner les raisons<\/li>\n<li>Il pourra \u00eatre d\u2019accord avec la d\u00e9cision de maintenir votre soutien, de r\u00e9viser votre plan de soutien et\/ou peut-\u00eatre sugg\u00e9rer quelques changements.<\/li>\n<li>Il pourra sugg\u00e9rer que le soutien n\u2019est pas n\u00e9cessaire et expliquer pourquoi.<\/li>\n<li>Il pourra trouver qu\u2019il n\u2019y a pas assez d\u2019informations pour passer en revue vos soutiens et alors reporter la d\u00e9cision jusqu\u2019\u00e0 la prochaine r\u00e9union.<\/li>\n<\/ul>\t\t\t\t\t\t<\/div>\n\t\t\t\t<\/div>\n\t\t\t\t<div class=\"elementor-element elementor-element-c8ec6a4 no_margin_bottom elementor-widget elementor-widget-heading\" data-id=\"c8ec6a4\" data-element_type=\"widget\" data-widget_type=\"heading.default\">\n\t\t\t\t<div class=\"elementor-widget-container\">\n\t\t\t<h3 class=\"elementor-heading-title elementor-size-default\">Que Sont des Droits ?<\/h3>\t\t<\/div>\n\t\t\t\t<\/div>\n\t\t\t\t<div class=\"elementor-element elementor-element-a0d9af6 elementor-widget elementor-widget-text-editor\" data-id=\"a0d9af6\" data-element_type=\"widget\" data-widget_type=\"text-editor.default\">\n\t\t\t\t<div class=\"elementor-widget-container\">\n\t\t\t\t\t\t\t<p>Les Droits sont des r\u00e8gles qui aident \u00e0 rendre les gens \u00e9gaux. Vous avez droit aux m\u00eames droits en vertu de la loi que tous les autres parce que vous \u00eates une personne et un citoyen.<br \/>Certains droits sont les v\u00f4tres \u00e0 la naissance. On les appelle souvent \u00ab droits de la personne \u00bb, parce que chaque \u00eatre humain en a. Certains droits sont les v\u00f4tres lorsque vous arrivez \u00e0 un certain \u00e2ge. Certains droits sont les v\u00f4tres parce que vous vivez au Canada. Il existe des lois pour veiller \u00e0 ce que personne ne vous enl\u00e8ve vos droits. Les Droits qui sont garantis par des lois sont appel\u00e9s \u00ab droits l\u00e9gaux \u00bb.<\/p>\t\t\t\t\t\t<\/div>\n\t\t\t\t<\/div>\n\t\t\t\t\t<\/div>\n\t\t<\/div>\n\t\t\t\t\t<\/div>\n\t\t<\/section>\n\t\t\t\t<section class=\"elementor-section elementor-top-section elementor-element elementor-element-fa0db73 elementor-section-boxed elementor-section-height-default elementor-section-height-default\" data-id=\"fa0db73\" data-element_type=\"section\" data-settings=\"{&quot;background_background&quot;:&quot;classic&quot;}\">\n\t\t\t\t\t\t<div class=\"elementor-container elementor-column-gap-default\">\n\t\t\t\t\t<div class=\"elementor-column elementor-col-33 elementor-top-column elementor-element elementor-element-cbb17e3 elementor-hidden-mobile\" data-id=\"cbb17e3\" data-element_type=\"column\">\n\t\t\t<div class=\"elementor-widget-wrap\">\n\t\t\t\t\t\t\t<\/div>\n\t\t<\/div>\n\t\t\t\t<div class=\"elementor-column elementor-col-33 elementor-top-column elementor-element elementor-element-11fb4b3\" data-id=\"11fb4b3\" data-element_type=\"column\">\n\t\t\t<div class=\"elementor-widget-wrap elementor-element-populated\">\n\t\t\t\t\t\t<div class=\"elementor-element elementor-element-c32704d elementor-widget elementor-widget-heading\" data-id=\"c32704d\" data-element_type=\"widget\" data-widget_type=\"heading.default\">\n\t\t\t\t<div class=\"elementor-widget-container\">\n\t\t\t<h2 class=\"elementor-heading-title elementor-size-default\">Charte des Droits de CLH Services de Soutien au D\u00e9veloppement<\/h2>\t\t<\/div>\n\t\t\t\t<\/div>\n\t\t\t\t<div class=\"elementor-element elementor-element-3b915cf elementor-widget elementor-widget-text-editor\" data-id=\"3b915cf\" data-element_type=\"widget\" data-widget_type=\"text-editor.default\">\n\t\t\t\t<div class=\"elementor-widget-container\">\n\t\t\t\t\t\t\t<ol style=\"margin-bottom: 0;\">\n<li>J\u2019ai le droit d\u2019\u00eatre en s\u00e9curit\u00e9<\/li>\n<li>J\u2019ai droit \u00e0 la vie priv\u00e9e<\/li>\n<li>J\u2019ai le droit d\u2019\u00eatre respect\u00e9e<\/li>\n<li>J\u2019ai le droit d\u2019acc\u00e9der \u00e0 ma communaut\u00e9<\/li>\n<li>J\u2019ai droit \u00e0 du soutien dirig\u00e9 par la personne<\/li>\n<li>J\u2019ai le droit d\u2019\u00eatre entendue<\/li>\n<li>J\u2019ai le droit de choisir mes propres relations<\/li>\n<li>J\u2019ai le droit d\u2019avoir un emploi<\/li>\n<li>J\u2019ai le droit de g\u00e9rer mon propre argent<\/li>\n<li>J\u2019ai droit \u00e0 un espace personnel<\/li>\n<\/ol>\t\t\t\t\t\t<\/div>\n\t\t\t\t<\/div>\n\t\t\t\t\t<\/div>\n\t\t<\/div>\n\t\t\t\t<div class=\"elementor-column elementor-col-33 elementor-top-column elementor-element elementor-element-9c5cf08 elementor-hidden-mobile\" data-id=\"9c5cf08\" data-element_type=\"column\">\n\t\t\t<div class=\"elementor-widget-wrap\">\n\t\t\t\t\t\t\t<\/div>\n\t\t<\/div>\n\t\t\t\t\t<\/div>\n\t\t<\/section>\n\t\t\t\t<\/div>\n\t\t","protected":false},"excerpt":{"rendered":"<p>G\u00e9rante des R\u00e9seaux Conseil des Auto-Repr\u00e9sentants Le Conseil des Auto-Repr\u00e9sentantsi de CLH Services de Soutien au D\u00e9veloppement a \u00e9t\u00e9 form\u00e9 en juillet 2013. L\u2019adh\u00e9sion est ouverte \u00e0 toute personne soutenue [&hellip;]<\/p>\n","protected":false},"author":1,"featured_media":0,"parent":3110,"menu_order":3,"comment_status":"closed","ping_status":"closed","template":"elementor_header_footer","meta":{"_exactmetrics_skip_tracking":false,"_exactmetrics_sitenote_active":false,"_exactmetrics_sitenote_note":"","_exactmetrics_sitenote_category":0,"_price":"","_stock":"","_tribe_ticket_header":"","_tribe_default_ticket_provider":"","_tribe_ticket_capacity":"0","_ticket_start_date":"","_ticket_end_date":"","_tribe_ticket_show_description":"","_tribe_ticket_show_not_going":false,"_tribe_ticket_use_global_stock":"","_tribe_ticket_global_stock_level":"","_global_stock_mode":"","_global_stock_cap":"","_tribe_rsvp_for_event":"","_tribe_ticket_going_count":"","_tribe_ticket_not_going_count":"","_tribe_tickets_list":"[]","_tribe_ticket_has_attendee_info_fields":false,"footnotes":"","_tec_slr_enabled":"","_tec_slr_layout":""},"class_list":["post-3153","page","type-page","status-publish","hentry"],"aioseo_notices":[],"ticketed":false,"_links":{"self":[{"href":"https:\/\/www.clhmidland.on.ca\/fr\/wp-json\/wp\/v2\/pages\/3153","targetHints":{"allow":["GET"]}}],"collection":[{"href":"https:\/\/www.clhmidland.on.ca\/fr\/wp-json\/wp\/v2\/pages"}],"about":[{"href":"https:\/\/www.clhmidland.on.ca\/fr\/wp-json\/wp\/v2\/types\/page"}],"author":[{"embeddable":true,"href":"https:\/\/www.clhmidland.on.ca\/fr\/wp-json\/wp\/v2\/users\/1"}],"replies":[{"embeddable":true,"href":"https:\/\/www.clhmidland.on.ca\/fr\/wp-json\/wp\/v2\/comments?post=3153"}],"version-history":[{"count":73,"href":"https:\/\/www.clhmidland.on.ca\/fr\/wp-json\/wp\/v2\/pages\/3153\/revisions"}],"predecessor-version":[{"id":7184,"href":"https:\/\/www.clhmidland.on.ca\/fr\/wp-json\/wp\/v2\/pages\/3153\/revisions\/7184"}],"up":[{"embeddable":true,"href":"https:\/\/www.clhmidland.on.ca\/fr\/wp-json\/wp\/v2\/pages\/3110"}],"wp:attachment":[{"href":"https:\/\/www.clhmidland.on.ca\/fr\/wp-json\/wp\/v2\/media?parent=3153"}],"curies":[{"name":"wp","href":"https:\/\/api.w.org\/{rel}","templated":true}]}}