{"id":3169,"date":"2022-06-29T15:18:58","date_gmt":"2022-06-29T19:18:58","guid":{"rendered":"https:\/\/www.clhmidland.on.ca\/rejoignez-notre-equipe"},"modified":"2023-03-08T12:42:16","modified_gmt":"2023-03-08T17:42:16","slug":"rejoignez-notre-equipe","status":"publish","type":"page","link":"https:\/\/www.clhmidland.on.ca\/fr\/rejoignez-notre-equipe","title":{"rendered":"Rejoignez Notre \u00c9quipe"},"content":{"rendered":"\t\t<div data-elementor-type=\"wp-page\" data-elementor-id=\"3169\" class=\"elementor elementor-3169 elementor-1192\" data-elementor-post-type=\"page\">\n\t\t\t\t\t\t<section class=\"elementor-section elementor-top-section elementor-element elementor-element-2894f37 elementor-section-boxed elementor-section-height-default elementor-section-height-default\" data-id=\"2894f37\" data-element_type=\"section\" data-settings=\"{&quot;background_background&quot;:&quot;classic&quot;}\">\n\t\t\t\t\t\t\t<div class=\"elementor-background-overlay\"><\/div>\n\t\t\t\t\t\t\t<div class=\"elementor-container elementor-column-gap-default\">\n\t\t\t\t\t<div class=\"elementor-column elementor-col-100 elementor-top-column elementor-element elementor-element-2c9aa90\" data-id=\"2c9aa90\" data-element_type=\"column\">\n\t\t\t<div class=\"elementor-widget-wrap elementor-element-populated\">\n\t\t\t\t\t\t<div class=\"elementor-element elementor-element-60c8611 elementor-widget elementor-widget-heading\" data-id=\"60c8611\" data-element_type=\"widget\" data-widget_type=\"heading.default\">\n\t\t\t\t<div class=\"elementor-widget-container\">\n\t\t\t<h1 class=\"elementor-heading-title elementor-size-default\">Rejoignez Notre \u00c9quipe<\/h1>\t\t<\/div>\n\t\t\t\t<\/div>\n\t\t\t\t\t<\/div>\n\t\t<\/div>\n\t\t\t\t\t<\/div>\n\t\t<\/section>\n\t\t\t\t<section class=\"elementor-section elementor-top-section elementor-element elementor-element-ce93099 elementor-section-boxed elementor-section-height-default elementor-section-height-default\" data-id=\"ce93099\" data-element_type=\"section\">\n\t\t\t\t\t\t<div class=\"elementor-container elementor-column-gap-default\">\n\t\t\t\t\t<div class=\"elementor-column elementor-col-100 elementor-top-column elementor-element elementor-element-ca5b11a\" data-id=\"ca5b11a\" data-element_type=\"column\">\n\t\t\t<div class=\"elementor-widget-wrap elementor-element-populated\">\n\t\t\t\t\t\t<div class=\"elementor-element elementor-element-0e7380f elementor-widget elementor-widget-heading\" data-id=\"0e7380f\" data-element_type=\"widget\" data-widget_type=\"heading.default\">\n\t\t\t\t<div class=\"elementor-widget-container\">\n\t\t\t<h2 class=\"elementor-heading-title elementor-size-default\">Travaillons Ensemble !<\/h2>\t\t<\/div>\n\t\t\t\t<\/div>\n\t\t\t\t\t<\/div>\n\t\t<\/div>\n\t\t\t\t\t<\/div>\n\t\t<\/section>\n\t\t\t\t<section class=\"elementor-section elementor-top-section elementor-element elementor-element-3b00a16 elementor-section-boxed elementor-section-height-default elementor-section-height-default\" data-id=\"3b00a16\" data-element_type=\"section\">\n\t\t\t\t\t\t<div class=\"elementor-container elementor-column-gap-default\">\n\t\t\t\t\t<div class=\"elementor-column elementor-col-100 elementor-top-column elementor-element elementor-element-e811ff6\" data-id=\"e811ff6\" data-element_type=\"column\">\n\t\t\t<div class=\"elementor-widget-wrap elementor-element-populated\">\n\t\t\t\t\t\t<div class=\"elementor-element elementor-element-14ba0e5 elementor-widget elementor-widget-text-editor\" data-id=\"14ba0e5\" data-element_type=\"widget\" data-widget_type=\"text-editor.default\">\n\t\t\t\t<div class=\"elementor-widget-container\">\n\t\t\t\t\t\t\t<p>C&#8217;est l&#8217;occasion de d\u00e9fendre le choix et l\u2019inclusion, et de b\u00e2tir une communaut\u00e9 d\u2019appartenance. Si vous cherchez une carri\u00e8re, un placement ou l\u2019opportunit\u00e9 de faire du b\u00e9n\u00e9volat qui compte, ne cherchez pas plus loin ! CLH Services de Soutien au D\u00e9veloppement est un des meilleurs employeurs dans le Comt\u00e9 de Simcoe, avec des racines \u00e0 York, Durham, Haliburton, Kawartha et Pine Ridge. Des soutiens sont fournis aux enfants, aux jeunes et aux adultes &#8211; CLH SSD assure un niveau \u00e9lev\u00e9 de soins pour les personnes ayant des besoins de soutien au d\u00e9veloppement de tous \u00e2ges.<\/p>\n<p>Chez CLH SSD, vous b\u00e9n\u00e9ficiez d\u2019une vari\u00e9t\u00e9 d\u2019horaires, de possibilit\u00e9s de formation et de perfectionnement, d\u2019une atmosph\u00e8re de travail d\u2019\u00e9quipe et de diversit\u00e9. Jetez un coup d\u2019\u0153il aux trois fa\u00e7ons que vous avez pour faire partie de l\u2019\u00e9quipe de CLH SSD ci-dessous !<\/p>\t\t\t\t\t\t<\/div>\n\t\t\t\t<\/div>\n\t\t\t\t\t<\/div>\n\t\t<\/div>\n\t\t\t\t\t<\/div>\n\t\t<\/section>\n\t\t\t\t<section class=\"elementor-section elementor-top-section elementor-element elementor-element-dac6652 elementor-section-boxed elementor-section-height-default elementor-section-height-default\" data-id=\"dac6652\" data-element_type=\"section\">\n\t\t\t\t\t\t<div class=\"elementor-container elementor-column-gap-default\">\n\t\t\t\t\t<div class=\"elementor-column elementor-col-33 elementor-top-column elementor-element elementor-element-2245e0a\" data-id=\"2245e0a\" data-element_type=\"column\" data-settings=\"{&quot;background_background&quot;:&quot;classic&quot;}\">\n\t\t\t<div class=\"elementor-widget-wrap elementor-element-populated\">\n\t\t\t\t\t\t<div class=\"elementor-element elementor-element-7e36829 no_margin_bottom elementor-widget elementor-widget-image\" data-id=\"7e36829\" data-element_type=\"widget\" data-widget_type=\"image.default\">\n\t\t\t\t<div class=\"elementor-widget-container\">\n\t\t\t\t\t\t\t\t\t\t\t\t\t<img fetchpriority=\"high\" decoding=\"async\" width=\"800\" height=\"533\" src=\"https:\/\/www.clhmidland.on.ca\/wp-content\/uploads\/Careers.jpg\" class=\"attachment-large size-large wp-image-4610\" alt=\"Deux femmes regardant des plantes dans un jardin vert vif.\" srcset=\"https:\/\/www.clhmidland.on.ca\/wp-content\/uploads\/Careers.jpg 900w, https:\/\/www.clhmidland.on.ca\/wp-content\/uploads\/Careers-300x200.jpg 300w, https:\/\/www.clhmidland.on.ca\/wp-content\/uploads\/Careers-768x512.jpg 768w\" sizes=\"(max-width: 800px) 100vw, 800px\" \/>\t\t\t\t\t\t\t\t\t\t\t\t\t<\/div>\n\t\t\t\t<\/div>\n\t\t\t\t<div class=\"elementor-element elementor-element-2da432a programs_25 elementor-widget elementor-widget-heading\" data-id=\"2da432a\" data-element_type=\"widget\" data-widget_type=\"heading.default\">\n\t\t\t\t<div class=\"elementor-widget-container\">\n\t\t\t<h2 class=\"elementor-heading-title elementor-size-default\">Carri\u00e8res<\/h2>\t\t<\/div>\n\t\t\t\t<\/div>\n\t\t\t\t<div class=\"elementor-element elementor-element-e7e0d0f elementor-widget elementor-widget-text-editor\" data-id=\"e7e0d0f\" data-element_type=\"widget\" data-widget_type=\"text-editor.default\">\n\t\t\t\t<div class=\"elementor-widget-container\">\n\t\t\t\t\t\t\t<p>Avez-vous des ant\u00e9c\u00e9dents ou un int\u00e9r\u00eat dans les domaines des services aux personnes ayant une d\u00e9ficience intellectuelle ou des services aux enfants ? <\/p>\n\t\t\t\t\t\t<\/div>\n\t\t\t\t<\/div>\n\t\t\t\t<div class=\"elementor-element elementor-element-a970f3b elementor-align-center elementor-widget elementor-widget-button\" data-id=\"a970f3b\" data-element_type=\"widget\" data-widget_type=\"button.default\">\n\t\t\t\t<div class=\"elementor-widget-container\">\n\t\t\t\t\t<div class=\"elementor-button-wrapper\">\n\t\t\t<a class=\"elementor-button elementor-button-link elementor-size-sm\" href=\"https:\/\/www.clhmidland.on.ca\/fr\/rejoignez-notre-equipe\/carrieres\" aria-label=\"Visitez la page des carri\u00e8res\">\n\t\t\t\t\t\t<span class=\"elementor-button-content-wrapper\">\n\t\t\t\t\t\t\t\t\t<span class=\"elementor-button-text\">Carri\u00e8res<\/span>\n\t\t\t\t\t<\/span>\n\t\t\t\t\t<\/a>\n\t\t<\/div>\n\t\t\t\t<\/div>\n\t\t\t\t<\/div>\n\t\t\t\t\t<\/div>\n\t\t<\/div>\n\t\t\t\t<div class=\"elementor-column elementor-col-33 elementor-top-column elementor-element elementor-element-390ecff\" data-id=\"390ecff\" data-element_type=\"column\" data-settings=\"{&quot;background_background&quot;:&quot;classic&quot;}\">\n\t\t\t<div class=\"elementor-widget-wrap elementor-element-populated\">\n\t\t\t\t\t\t<div class=\"elementor-element elementor-element-a0f9e23 no_margin_bottom elementor-widget elementor-widget-image\" data-id=\"a0f9e23\" data-element_type=\"widget\" data-widget_type=\"image.default\">\n\t\t\t\t<div class=\"elementor-widget-container\">\n\t\t\t\t\t\t\t\t\t\t\t\t\t<img decoding=\"async\" width=\"800\" height=\"533\" src=\"https:\/\/www.clhmidland.on.ca\/wp-content\/uploads\/Volunteer.jpg\" class=\"attachment-large size-large wp-image-4612\" alt=\"Deux hommes dans un parc, un en fauteuil roulant, souriant \u00e0 l&#039;appareil photo.Deux hommes dans un parc, un en fauteuil roulant, souriant \u00e0 l&#039;appareil photo.\" srcset=\"https:\/\/www.clhmidland.on.ca\/wp-content\/uploads\/Volunteer.jpg 900w, https:\/\/www.clhmidland.on.ca\/wp-content\/uploads\/Volunteer-300x200.jpg 300w, https:\/\/www.clhmidland.on.ca\/wp-content\/uploads\/Volunteer-768x512.jpg 768w\" sizes=\"(max-width: 800px) 100vw, 800px\" \/>\t\t\t\t\t\t\t\t\t\t\t\t\t<\/div>\n\t\t\t\t<\/div>\n\t\t\t\t<div class=\"elementor-element elementor-element-d3f9429 programs_25 elementor-widget elementor-widget-heading\" data-id=\"d3f9429\" data-element_type=\"widget\" data-widget_type=\"heading.default\">\n\t\t\t\t<div class=\"elementor-widget-container\">\n\t\t\t<h2 class=\"elementor-heading-title elementor-size-default\">B\u00e9n\u00e9volat <\/h2>\t\t<\/div>\n\t\t\t\t<\/div>\n\t\t\t\t<div class=\"elementor-element elementor-element-28b0623 elementor-widget elementor-widget-text-editor\" data-id=\"28b0623\" data-element_type=\"widget\" data-widget_type=\"text-editor.default\">\n\t\t\t\t<div class=\"elementor-widget-container\">\n\t\t\t\t\t\t\t<p><span data-sheets-value=\"{\"1\":2,\"2\":\"Are you a compassionate person looking volunteer in your community? Click here!\"}\" data-sheets-userformat=\"{\"2\":15233,\"3\":{\"1\":0},\"10\":0,\"11\":4,\"12\":0,\"14\":{\"1\":2,\"2\":0},\"15\":\"Proxima Nova\",\"16\":12}\">\u00cates-vous une personne compatissante qui cherche \u00e0 faire du b\u00e9n\u00e9volat dans votre collectivit\u00e9 ? <\/span><\/p>\n\t\t\t\t\t\t<\/div>\n\t\t\t\t<\/div>\n\t\t\t\t<div class=\"elementor-element elementor-element-77f1506 elementor-align-center elementor-absolute elementor-widget elementor-widget-button\" data-id=\"77f1506\" data-element_type=\"widget\" data-settings=\"{&quot;_position&quot;:&quot;absolute&quot;}\" data-widget_type=\"button.default\">\n\t\t\t\t<div class=\"elementor-widget-container\">\n\t\t\t\t\t<div class=\"elementor-button-wrapper\">\n\t\t\t<a class=\"elementor-button elementor-button-link elementor-size-sm\" href=\"https:\/\/www.clhmidland.on.ca\/fr\/rejoignez-notre-equipe\/restez-connectes\" aria-label=\"En savoir plus sur les possibilit\u00e9s de b\u00e9n\u00e9volat \u00e0 CLH\">\n\t\t\t\t\t\t<span class=\"elementor-button-content-wrapper\">\n\t\t\t\t\t\t\t\t\t<span class=\"elementor-button-text\">Opportunit\u00e9s<\/span>\n\t\t\t\t\t<\/span>\n\t\t\t\t\t<\/a>\n\t\t<\/div>\n\t\t\t\t<\/div>\n\t\t\t\t<\/div>\n\t\t\t\t\t<\/div>\n\t\t<\/div>\n\t\t\t\t<div class=\"elementor-column elementor-col-33 elementor-top-column elementor-element elementor-element-cf945ec\" data-id=\"cf945ec\" data-element_type=\"column\" data-settings=\"{&quot;background_background&quot;:&quot;classic&quot;}\">\n\t\t\t<div class=\"elementor-widget-wrap elementor-element-populated\">\n\t\t\t\t\t\t<div class=\"elementor-element elementor-element-69b5684 no_margin_bottom elementor-widget elementor-widget-image\" data-id=\"69b5684\" data-element_type=\"widget\" data-widget_type=\"image.default\">\n\t\t\t\t<div class=\"elementor-widget-container\">\n\t\t\t\t\t\t\t\t\t\t\t\t\t<img decoding=\"async\" width=\"800\" height=\"533\" src=\"https:\/\/www.clhmidland.on.ca\/wp-content\/uploads\/Student-Placements.jpg\" class=\"attachment-large size-large wp-image-4614\" alt=\"Deux hommes sur une table de pique-nique. L\u2019un aide l\u2019autre qui \u00e9crit dans un cahier.\" srcset=\"https:\/\/www.clhmidland.on.ca\/wp-content\/uploads\/Student-Placements.jpg 900w, https:\/\/www.clhmidland.on.ca\/wp-content\/uploads\/Student-Placements-300x200.jpg 300w, https:\/\/www.clhmidland.on.ca\/wp-content\/uploads\/Student-Placements-768x512.jpg 768w\" sizes=\"(max-width: 800px) 100vw, 800px\" \/>\t\t\t\t\t\t\t\t\t\t\t\t\t<\/div>\n\t\t\t\t<\/div>\n\t\t\t\t<div class=\"elementor-element elementor-element-eb38df3 programs_25 elementor-widget elementor-widget-heading\" data-id=\"eb38df3\" data-element_type=\"widget\" data-widget_type=\"heading.default\">\n\t\t\t\t<div class=\"elementor-widget-container\">\n\t\t\t<h2 class=\"elementor-heading-title elementor-size-default\">Placements<br>d'\u00c9tudiants<\/h2>\t\t<\/div>\n\t\t\t\t<\/div>\n\t\t\t\t<div class=\"elementor-element elementor-element-5c2e61f elementor-widget elementor-widget-text-editor\" data-id=\"5c2e61f\" data-element_type=\"widget\" data-widget_type=\"text-editor.default\">\n\t\t\t\t<div class=\"elementor-widget-container\">\n\t\t\t\t\t\t\t<p>\u00cates-vous un \u00e9tudiant DSW, PSW, ECE, SSW (ou autre) ? <\/p>\n\t\t\t\t\t\t<\/div>\n\t\t\t\t<\/div>\n\t\t\t\t<div class=\"elementor-element elementor-element-37a89d8 elementor-align-center elementor-absolute elementor-widget elementor-widget-button\" data-id=\"37a89d8\" data-element_type=\"widget\" data-settings=\"{&quot;_position&quot;:&quot;absolute&quot;}\" data-widget_type=\"button.default\">\n\t\t\t\t<div class=\"elementor-widget-container\">\n\t\t\t\t\t<div class=\"elementor-button-wrapper\">\n\t\t\t<a class=\"elementor-button elementor-button-link elementor-size-sm\" href=\"https:\/\/www.clhmidland.on.ca\/fr\/rejoignez-notre-equipe\/placements-etudiant\" aria-label=\"En savoir plus sur les stages d\u2019\u00e9tudiants \u00e0 CLH\">\n\t\t\t\t\t\t<span class=\"elementor-button-content-wrapper\">\n\t\t\t\t\t\t\t\t\t<span class=\"elementor-button-text\">Placements<\/span>\n\t\t\t\t\t<\/span>\n\t\t\t\t\t<\/a>\n\t\t<\/div>\n\t\t\t\t<\/div>\n\t\t\t\t<\/div>\n\t\t\t\t\t<\/div>\n\t\t<\/div>\n\t\t\t\t\t<\/div>\n\t\t<\/section>\n\t\t\t\t<\/div>\n\t\t","protected":false},"excerpt":{"rendered":"<p>Rejoignez Notre \u00c9quipe Travaillons Ensemble ! C&#8217;est l&#8217;occasion de d\u00e9fendre le choix et l\u2019inclusion, et de b\u00e2tir une communaut\u00e9 d\u2019appartenance. Si vous cherchez une carri\u00e8re, un placement ou l\u2019opportunit\u00e9 de [&hellip;]<\/p>\n","protected":false},"author":1,"featured_media":0,"parent":0,"menu_order":13,"comment_status":"closed","ping_status":"closed","template":"elementor_header_footer","meta":{"_exactmetrics_skip_tracking":false,"_exactmetrics_sitenote_active":false,"_exactmetrics_sitenote_note":"","_exactmetrics_sitenote_category":0,"_price":"","_stock":"","_tribe_ticket_header":"","_tribe_default_ticket_provider":"","_tribe_ticket_capacity":"0","_ticket_start_date":"","_ticket_end_date":"","_tribe_ticket_show_description":"","_tribe_ticket_show_not_going":false,"_tribe_ticket_use_global_stock":"","_tribe_ticket_global_stock_level":"","_global_stock_mode":"","_global_stock_cap":"","_tribe_rsvp_for_event":"","_tribe_ticket_going_count":"","_tribe_ticket_not_going_count":"","_tribe_tickets_list":"[]","_tribe_ticket_has_attendee_info_fields":false,"footnotes":"","_tec_slr_enabled":"","_tec_slr_layout":""},"class_list":["post-3169","page","type-page","status-publish","hentry"],"aioseo_notices":[],"ticketed":false,"_links":{"self":[{"href":"https:\/\/www.clhmidland.on.ca\/fr\/wp-json\/wp\/v2\/pages\/3169","targetHints":{"allow":["GET"]}}],"collection":[{"href":"https:\/\/www.clhmidland.on.ca\/fr\/wp-json\/wp\/v2\/pages"}],"about":[{"href":"https:\/\/www.clhmidland.on.ca\/fr\/wp-json\/wp\/v2\/types\/page"}],"author":[{"embeddable":true,"href":"https:\/\/www.clhmidland.on.ca\/fr\/wp-json\/wp\/v2\/users\/1"}],"replies":[{"embeddable":true,"href":"https:\/\/www.clhmidland.on.ca\/fr\/wp-json\/wp\/v2\/comments?post=3169"}],"version-history":[{"count":31,"href":"https:\/\/www.clhmidland.on.ca\/fr\/wp-json\/wp\/v2\/pages\/3169\/revisions"}],"predecessor-version":[{"id":6968,"href":"https:\/\/www.clhmidland.on.ca\/fr\/wp-json\/wp\/v2\/pages\/3169\/revisions\/6968"}],"wp:attachment":[{"href":"https:\/\/www.clhmidland.on.ca\/fr\/wp-json\/wp\/v2\/media?parent=3169"}],"curies":[{"name":"wp","href":"https:\/\/api.w.org\/{rel}","templated":true}]}}