{"id":3194,"date":"2022-12-06T11:59:14","date_gmt":"2022-12-06T16:59:14","guid":{"rendered":"https:\/\/www.clhmidland.on.ca\/rejoignez-notre-equipe\/carrieres"},"modified":"2023-08-16T22:49:48","modified_gmt":"2023-08-17T02:49:48","slug":"carrieres","status":"publish","type":"page","link":"https:\/\/www.clhmidland.on.ca\/fr\/rejoignez-notre-equipe\/carrieres","title":{"rendered":"Carri\u00e8res"},"content":{"rendered":"\t\t<div data-elementor-type=\"wp-page\" data-elementor-id=\"3194\" class=\"elementor elementor-3194 elementor-1747\" data-elementor-post-type=\"page\">\n\t\t\t\t\t\t<section class=\"elementor-section elementor-top-section elementor-element elementor-element-2894f37 elementor-section-boxed elementor-section-height-default elementor-section-height-default\" data-id=\"2894f37\" data-element_type=\"section\" data-settings=\"{&quot;background_background&quot;:&quot;classic&quot;}\">\n\t\t\t\t\t\t\t<div class=\"elementor-background-overlay\"><\/div>\n\t\t\t\t\t\t\t<div class=\"elementor-container elementor-column-gap-default\">\n\t\t\t\t\t<div class=\"elementor-column elementor-col-100 elementor-top-column elementor-element elementor-element-2c9aa90\" data-id=\"2c9aa90\" data-element_type=\"column\">\n\t\t\t<div class=\"elementor-widget-wrap elementor-element-populated\">\n\t\t\t\t\t\t<div class=\"elementor-element elementor-element-60c8611 elementor-widget elementor-widget-heading\" data-id=\"60c8611\" data-element_type=\"widget\" data-widget_type=\"heading.default\">\n\t\t\t\t<div class=\"elementor-widget-container\">\n\t\t\t<h1 class=\"elementor-heading-title elementor-size-default\">Carri\u00e8res<\/h1>\t\t<\/div>\n\t\t\t\t<\/div>\n\t\t\t\t\t<\/div>\n\t\t<\/div>\n\t\t\t\t\t<\/div>\n\t\t<\/section>\n\t\t\t\t<section class=\"elementor-section elementor-top-section elementor-element elementor-element-0ca1825 elementor-section-boxed elementor-section-height-default elementor-section-height-default\" data-id=\"0ca1825\" data-element_type=\"section\">\n\t\t\t\t\t\t<div class=\"elementor-container elementor-column-gap-default\">\n\t\t\t\t\t<div class=\"elementor-column elementor-col-100 elementor-top-column elementor-element elementor-element-586df0f\" data-id=\"586df0f\" data-element_type=\"column\">\n\t\t\t<div class=\"elementor-widget-wrap elementor-element-populated\">\n\t\t\t\t\t\t<div class=\"elementor-element elementor-element-b90ee1d elementor-widget elementor-widget-heading\" data-id=\"b90ee1d\" data-element_type=\"widget\" data-widget_type=\"heading.default\">\n\t\t\t\t<div class=\"elementor-widget-container\">\n\t\t\t<h2 class=\"elementor-heading-title elementor-size-default\">Nous sommes passionn\u00e9s de servir les autres !<\/h2>\t\t<\/div>\n\t\t\t\t<\/div>\n\t\t\t\t\t<\/div>\n\t\t<\/div>\n\t\t\t\t\t<\/div>\n\t\t<\/section>\n\t\t\t\t<section class=\"elementor-section elementor-top-section elementor-element elementor-element-ea5e2b1 elementor-section-content-top elementor-reverse-mobile elementor-reverse-mobile_extra elementor-section-boxed elementor-section-height-default elementor-section-height-default\" data-id=\"ea5e2b1\" data-element_type=\"section\">\n\t\t\t\t\t\t<div class=\"elementor-container elementor-column-gap-default\">\n\t\t\t\t\t<div class=\"elementor-column elementor-col-50 elementor-top-column elementor-element elementor-element-c32f5d1\" data-id=\"c32f5d1\" data-element_type=\"column\">\n\t\t\t<div class=\"elementor-widget-wrap elementor-element-populated\">\n\t\t\t\t\t\t<div class=\"elementor-element elementor-element-14ba0e5 elementor-widget elementor-widget-text-editor\" data-id=\"14ba0e5\" data-element_type=\"widget\" data-widget_type=\"text-editor.default\">\n\t\t\t\t<div class=\"elementor-widget-container\">\n\t\t\t\t\t\t\t<p>Si vous \u00eates \u00e0 la recherche d\u2019une carri\u00e8re enrichissante o\u00f9 vous d\u00e9fendez les int\u00e9r\u00eats des autres, avez une incidence positive sur votre communaut\u00e9 et \u00eates satisfait du travail que vous faites, ne cherchez pas plus loin. <br>CLH Services de Soutien au D\u00e9veloppement offre des services aux enfants et \u00e0 leur famille, aux jeunes et aux adultes ayant des besoins de soutien au d\u00e9veloppement. Employant plus de 300 employ\u00e9s dans la r\u00e9gion du Comt\u00e9 de Simcoe et ayant des racines \u00e0 York, Durham, Haliburton, Kawartha et Pine Ridge, CLH DSS offre un large \u00e9ventail de possibilit\u00e9s de carri\u00e8re :<\/p>\n<ul>\n<li>Direct Support Professional<\/li>\n<li>Resource Consultant<\/li>\n<li>Administration<\/li>\n<li>Ressources Humaines<\/li>\n<li>Finance<\/li>\n<\/ul>\n<p>Et plus encore !<\/p>\t\t\t\t\t\t<\/div>\n\t\t\t\t<\/div>\n\t\t\t\t\t<\/div>\n\t\t<\/div>\n\t\t\t\t<div class=\"elementor-column elementor-col-50 elementor-top-column elementor-element elementor-element-05e60da\" data-id=\"05e60da\" data-element_type=\"column\" data-settings=\"{&quot;background_background&quot;:&quot;classic&quot;}\">\n\t\t\t<div class=\"elementor-widget-wrap elementor-element-populated\">\n\t\t\t\t\t\t<div class=\"elementor-element elementor-element-5e6e918 img-cover elementor-widget elementor-widget-image\" data-id=\"5e6e918\" data-element_type=\"widget\" data-widget_type=\"image.default\">\n\t\t\t\t<div class=\"elementor-widget-container\">\n\t\t\t\t\t\t\t\t\t\t\t\t\t<img fetchpriority=\"high\" decoding=\"async\" width=\"800\" height=\"1000\" src=\"https:\/\/www.clhmidland.on.ca\/wp-content\/uploads\/Careers-Highlight-001.jpg\" class=\"attachment-large size-large wp-image-4575\" alt=\"Une femme en chemise jaune serre une main \u00e0 travers une table de paperasse.\" srcset=\"https:\/\/www.clhmidland.on.ca\/wp-content\/uploads\/Careers-Highlight-001.jpg 900w, https:\/\/www.clhmidland.on.ca\/wp-content\/uploads\/Careers-Highlight-001-240x300.jpg 240w, https:\/\/www.clhmidland.on.ca\/wp-content\/uploads\/Careers-Highlight-001-768x960.jpg 768w\" sizes=\"(max-width: 800px) 100vw, 800px\" \/>\t\t\t\t\t\t\t\t\t\t\t\t\t<\/div>\n\t\t\t\t<\/div>\n\t\t\t\t\t<\/div>\n\t\t<\/div>\n\t\t\t\t\t<\/div>\n\t\t<\/section>\n\t\t\t\t<section class=\"elementor-section elementor-top-section elementor-element elementor-element-3a0e149 elementor-section-boxed elementor-section-height-default elementor-section-height-default\" data-id=\"3a0e149\" data-element_type=\"section\">\n\t\t\t\t\t\t<div class=\"elementor-container elementor-column-gap-default\">\n\t\t\t\t\t<div class=\"elementor-column elementor-col-50 elementor-top-column elementor-element elementor-element-6d8c2d4\" data-id=\"6d8c2d4\" data-element_type=\"column\">\n\t\t\t<div class=\"elementor-widget-wrap elementor-element-populated\">\n\t\t\t\t\t\t<div class=\"elementor-element elementor-element-d077994 img-cover elementor-widget elementor-widget-image\" data-id=\"d077994\" data-element_type=\"widget\" data-widget_type=\"image.default\">\n\t\t\t\t<div class=\"elementor-widget-container\">\n\t\t\t\t\t\t\t\t\t\t\t\t\t<img decoding=\"async\" width=\"800\" height=\"1000\" src=\"https:\/\/www.clhmidland.on.ca\/wp-content\/uploads\/Careers-Highlight-002.jpg\" class=\"attachment-large size-large wp-image-4577\" alt=\"Une femme ag\u00e9e blonde, en chemise rouge, souriant et jouant avec quelqu\u2019un\" srcset=\"https:\/\/www.clhmidland.on.ca\/wp-content\/uploads\/Careers-Highlight-002.jpg 900w, https:\/\/www.clhmidland.on.ca\/wp-content\/uploads\/Careers-Highlight-002-240x300.jpg 240w, https:\/\/www.clhmidland.on.ca\/wp-content\/uploads\/Careers-Highlight-002-768x960.jpg 768w\" sizes=\"(max-width: 800px) 100vw, 800px\" \/>\t\t\t\t\t\t\t\t\t\t\t\t\t<\/div>\n\t\t\t\t<\/div>\n\t\t\t\t\t<\/div>\n\t\t<\/div>\n\t\t\t\t<div class=\"elementor-column elementor-col-50 elementor-top-column elementor-element elementor-element-d710f8b\" data-id=\"d710f8b\" data-element_type=\"column\">\n\t\t\t<div class=\"elementor-widget-wrap elementor-element-populated\">\n\t\t\t\t\t\t<div class=\"elementor-element elementor-element-1bb709e elementor-widget elementor-widget-text-editor\" data-id=\"1bb709e\" data-element_type=\"widget\" data-widget_type=\"text-editor.default\">\n\t\t\t\t<div class=\"elementor-widget-container\">\n\t\t\t\t\t\t\t<p>CLH DSS offre une vari\u00e9t\u00e9 d\u2019horaires de travail (mi-temps, temps partiel, temps plein), des possibilit\u00e9s de formation et de perfectionnement continus, ainsi que des salaires concurrentiels et des avantages sociaux complets comme :<\/p>\n<ul>\n<li>R\u00e9gime de soins de sant\u00e9 incluant les soins dentaires et les soins optiques<\/li>\n<li>Prestations d&#8217;invalidit\u00e9<\/li>\n<li>Assurance vie<\/li>\n<li>Cong\u00e9s de maladie pay\u00e9s<\/li>\n<li>Appariement REER<\/li>\n<li>Programme d\u2019Aide aux Employ\u00e9s<\/li>\n<li>Programme de Bien-\u00catre<\/li>\n<li>Parking inclus<\/li>\n<li>Tenue Vestimentaire d\u00e9contract\u00e9e<\/li>\n<\/ul>\n<p>*Certains avantages peuvent ne concerner que les employ\u00e9s \u00e0 temps partiel ou \u00e0 temps plein qui ont termin\u00e9 leur p\u00e9riode d\u2019essai.<\/p>\t\t\t\t\t\t<\/div>\n\t\t\t\t<\/div>\n\t\t\t\t\t<\/div>\n\t\t<\/div>\n\t\t\t\t\t<\/div>\n\t\t<\/section>\n\t\t\t\t<section class=\"elementor-section elementor-top-section elementor-element elementor-element-9bc9a26 elementor-section-boxed elementor-section-height-default elementor-section-height-default\" data-id=\"9bc9a26\" data-element_type=\"section\" data-settings=\"{&quot;background_background&quot;:&quot;classic&quot;}\">\n\t\t\t\t\t\t<div class=\"elementor-container elementor-column-gap-default\">\n\t\t\t\t\t<div class=\"elementor-column elementor-col-100 elementor-top-column elementor-element elementor-element-513c092\" data-id=\"513c092\" data-element_type=\"column\">\n\t\t\t<div class=\"elementor-widget-wrap elementor-element-populated\">\n\t\t\t\t\t\t<div class=\"elementor-element elementor-element-86de532 elementor-widget elementor-widget-heading\" data-id=\"86de532\" data-element_type=\"widget\" data-widget_type=\"heading.default\">\n\t\t\t\t<div class=\"elementor-widget-container\">\n\t\t\t<h2 class=\"elementor-heading-title elementor-size-default\">D\u00e9couvrez nos possibilit\u00e9s de carri\u00e8re actuelles :<\/h2>\t\t<\/div>\n\t\t\t\t<\/div>\n\t\t\t\t\t<\/div>\n\t\t<\/div>\n\t\t\t\t\t<\/div>\n\t\t<\/section>\n\t\t\t\t<section class=\"elementor-section elementor-top-section elementor-element elementor-element-90d4be1 elementor-section-boxed elementor-section-height-default elementor-section-height-default\" data-id=\"90d4be1\" data-element_type=\"section\">\n\t\t\t\t\t\t<div class=\"elementor-container elementor-column-gap-default\">\n\t\t\t\t\t<div class=\"elementor-column elementor-col-100 elementor-top-column elementor-element elementor-element-45cee87\" data-id=\"45cee87\" data-element_type=\"column\">\n\t\t\t<div class=\"elementor-widget-wrap elementor-element-populated\">\n\t\t\t\t\t\t<div class=\"elementor-element elementor-element-ffa0c16 elementor-widget elementor-widget-text-editor\" data-id=\"ffa0c16\" data-element_type=\"widget\" data-widget_type=\"text-editor.default\">\n\t\t\t\t<div class=\"elementor-widget-container\">\n\t\t\t\t\t\t\t<p>CLH Services de Soutien au D\u00e9veloppement (CLH) est un employeur \u00e0 chance \u00e9gale. Nous valorisons l\u2019importance de la diversit\u00e9, de la dignit\u00e9 et de la valeur de chaque personne au travail. Par cons\u00e9quent, CLH DSS offre des mesures d\u2019adaptation aux candidats handicap\u00e9s dans ses processus de recrutement. Si vous avez besoin de mesures d\u2019adaptation, veuillez communiquer avec le Service des Ressources Humaines afin que nous puissions nous assurer de prendre les mesures d\u2019adaptation n\u00e9cessaires.<\/p>\n<p>CLH DSS exigera comme condition d\u2019embauche pour tout nouvel employ\u00e9 qu\u2019il fournisse une preuve de vaccination compl\u00e8te contre la COVID-19 (sous r\u00e9serve de mesures d\u2019adaptation li\u00e9es aux droits de la personne, s\u2019il y a lieu) comme condition de l\u2019offre. A conditionally hired employee will have one week from the date of the offer to produce satisfactory proof of vaccination, failing which the offer will be withdrawn and the employee will not be hired.<\/p>\n\t\t\t\t\t\t<\/div>\n\t\t\t\t<\/div>\n\t\t\t\t\t<\/div>\n\t\t<\/div>\n\t\t\t\t\t<\/div>\n\t\t<\/section>\n\t\t\t\t<\/div>\n\t\t","protected":false},"excerpt":{"rendered":"<p>Carri\u00e8res Nous sommes passionn\u00e9s de servir les autres ! Si vous \u00eates \u00e0 la recherche d\u2019une carri\u00e8re enrichissante o\u00f9 vous d\u00e9fendez les int\u00e9r\u00eats des autres, avez une incidence positive sur [&hellip;]<\/p>\n","protected":false},"author":1,"featured_media":0,"parent":3169,"menu_order":0,"comment_status":"closed","ping_status":"closed","template":"elementor_header_footer","meta":{"_exactmetrics_skip_tracking":false,"_exactmetrics_sitenote_active":false,"_exactmetrics_sitenote_note":"","_exactmetrics_sitenote_category":0,"_price":"","_stock":"","_tribe_ticket_header":"","_tribe_default_ticket_provider":"","_tribe_ticket_capacity":"0","_ticket_start_date":"","_ticket_end_date":"","_tribe_ticket_show_description":"","_tribe_ticket_show_not_going":false,"_tribe_ticket_use_global_stock":"","_tribe_ticket_global_stock_level":"","_global_stock_mode":"","_global_stock_cap":"","_tribe_rsvp_for_event":"","_tribe_ticket_going_count":"","_tribe_ticket_not_going_count":"","_tribe_tickets_list":"[]","_tribe_ticket_has_attendee_info_fields":false,"footnotes":"","_tec_slr_enabled":"","_tec_slr_layout":""},"class_list":["post-3194","page","type-page","status-publish","hentry"],"aioseo_notices":[],"ticketed":false,"_links":{"self":[{"href":"https:\/\/www.clhmidland.on.ca\/fr\/wp-json\/wp\/v2\/pages\/3194","targetHints":{"allow":["GET"]}}],"collection":[{"href":"https:\/\/www.clhmidland.on.ca\/fr\/wp-json\/wp\/v2\/pages"}],"about":[{"href":"https:\/\/www.clhmidland.on.ca\/fr\/wp-json\/wp\/v2\/types\/page"}],"author":[{"embeddable":true,"href":"https:\/\/www.clhmidland.on.ca\/fr\/wp-json\/wp\/v2\/users\/1"}],"replies":[{"embeddable":true,"href":"https:\/\/www.clhmidland.on.ca\/fr\/wp-json\/wp\/v2\/comments?post=3194"}],"version-history":[{"count":56,"href":"https:\/\/www.clhmidland.on.ca\/fr\/wp-json\/wp\/v2\/pages\/3194\/revisions"}],"predecessor-version":[{"id":8678,"href":"https:\/\/www.clhmidland.on.ca\/fr\/wp-json\/wp\/v2\/pages\/3194\/revisions\/8678"}],"up":[{"embeddable":true,"href":"https:\/\/www.clhmidland.on.ca\/fr\/wp-json\/wp\/v2\/pages\/3169"}],"wp:attachment":[{"href":"https:\/\/www.clhmidland.on.ca\/fr\/wp-json\/wp\/v2\/media?parent=3194"}],"curies":[{"name":"wp","href":"https:\/\/api.w.org\/{rel}","templated":true}]}}