{"id":3196,"date":"2022-06-30T11:56:27","date_gmt":"2022-06-30T15:56:27","guid":{"rendered":"https:\/\/www.clhmidland.on.ca\/rejoignez-notre-equipe\/placements-etudiant"},"modified":"2023-07-19T14:02:10","modified_gmt":"2023-07-19T18:02:10","slug":"placements-etudiant","status":"publish","type":"page","link":"https:\/\/www.clhmidland.on.ca\/fr\/rejoignez-notre-equipe\/placements-etudiant","title":{"rendered":"Placements \u00c9tudiant"},"content":{"rendered":"\t\t<div data-elementor-type=\"wp-page\" data-elementor-id=\"3196\" class=\"elementor elementor-3196 elementor-1229\" data-elementor-post-type=\"page\">\n\t\t\t\t\t\t<section class=\"elementor-section elementor-top-section elementor-element elementor-element-2894f37 elementor-section-boxed elementor-section-height-default elementor-section-height-default\" data-id=\"2894f37\" data-element_type=\"section\" data-settings=\"{&quot;background_background&quot;:&quot;classic&quot;}\">\n\t\t\t\t\t\t\t<div class=\"elementor-background-overlay\"><\/div>\n\t\t\t\t\t\t\t<div class=\"elementor-container elementor-column-gap-default\">\n\t\t\t\t\t<div class=\"elementor-column elementor-col-100 elementor-top-column elementor-element elementor-element-2c9aa90\" data-id=\"2c9aa90\" data-element_type=\"column\">\n\t\t\t<div class=\"elementor-widget-wrap elementor-element-populated\">\n\t\t\t\t\t\t<div class=\"elementor-element elementor-element-60c8611 elementor-widget elementor-widget-heading\" data-id=\"60c8611\" data-element_type=\"widget\" data-widget_type=\"heading.default\">\n\t\t\t\t<div class=\"elementor-widget-container\">\n\t\t\t<h1 class=\"elementor-heading-title elementor-size-default\">Placements \u00c9tudiant\n<\/h1>\t\t<\/div>\n\t\t\t\t<\/div>\n\t\t\t\t\t<\/div>\n\t\t<\/div>\n\t\t\t\t\t<\/div>\n\t\t<\/section>\n\t\t\t\t<section class=\"elementor-section elementor-top-section elementor-element elementor-element-3eb7725 elementor-section-content-middle elementor-section-boxed elementor-section-height-default elementor-section-height-default\" data-id=\"3eb7725\" data-element_type=\"section\" data-settings=\"{&quot;background_background&quot;:&quot;classic&quot;}\">\n\t\t\t\t\t\t<div class=\"elementor-container elementor-column-gap-default\">\n\t\t\t\t\t<div class=\"elementor-column elementor-col-100 elementor-top-column elementor-element elementor-element-5043b3e countdown-block\" data-id=\"5043b3e\" data-element_type=\"column\">\n\t\t\t<div class=\"elementor-widget-wrap elementor-element-populated\">\n\t\t\t\t\t\t<div class=\"elementor-element elementor-element-151fe1b elementor-widget elementor-widget-heading\" data-id=\"151fe1b\" data-element_type=\"widget\" data-widget_type=\"heading.default\">\n\t\t\t\t<div class=\"elementor-widget-container\">\n\t\t\t<h2 class=\"elementor-heading-title elementor-size-default\">Nous sommes Fiers d\u2019offrir des Occasions d\u2019Apprentissage Enrichissantes <\/h2>\t\t<\/div>\n\t\t\t\t<\/div>\n\t\t\t\t<div class=\"elementor-element elementor-element-e981731 elementor-widget elementor-widget-text-editor\" data-id=\"e981731\" data-element_type=\"widget\" data-widget_type=\"text-editor.default\">\n\t\t\t\t<div class=\"elementor-widget-container\">\n\t\t\t\t\t\t\t<p>CLH Services de Soutien au D\u00e9veloppement est fi\u00e8re d\u2019offrir des possibilit\u00e9s d\u2019apprentissage significatives aux \u00e9tudiants inscrits \u00e0 un large \u00e9ventail de programmes, particuli\u00e8rement dans le domaine des Services de Soutien au D\u00e9veloppement.<\/p>\n<p>CLH SSD offre un processus d\u2019int\u00e9gration virtuel convivial pour aider l\u2019\u00e9tudiant \u00e0 obtenir un aper\u00e7u complet de CLH Services de Soutien au D\u00e9veloppement.<\/p>\n<p>Les candidats aux possibilit\u00e9s de Placements \u00c9tudiant doivent fournir une v\u00e9rification n\u00e9gative d&#8217;ant\u00e9c\u00e9dents criminels, y compris le d\u00e9pistage des personnes vuln\u00e9rables.<\/p>\t\t\t\t\t\t<\/div>\n\t\t\t\t<\/div>\n\t\t\t\t\t<\/div>\n\t\t<\/div>\n\t\t\t\t\t<\/div>\n\t\t<\/section>\n\t\t\t\t<section class=\"elementor-section elementor-top-section elementor-element elementor-element-933587e elementor-reverse-mobile_extra elementor-reverse-mobile elementor-section-content-middle elementor-section-boxed elementor-section-height-default elementor-section-height-default\" data-id=\"933587e\" data-element_type=\"section\">\n\t\t\t\t\t\t<div class=\"elementor-container elementor-column-gap-default\">\n\t\t\t\t\t<div class=\"elementor-column elementor-col-50 elementor-top-column elementor-element elementor-element-7b98444\" data-id=\"7b98444\" data-element_type=\"column\" data-settings=\"{&quot;background_background&quot;:&quot;classic&quot;}\">\n\t\t\t<div class=\"elementor-widget-wrap elementor-element-populated\">\n\t\t\t\t\t\t<div class=\"elementor-element elementor-element-e8791d4 elementor-widget elementor-widget-heading\" data-id=\"e8791d4\" data-element_type=\"widget\" data-widget_type=\"heading.default\">\n\t\t\t\t<div class=\"elementor-widget-container\">\n\t\t\t<h2 class=\"elementor-heading-title elementor-size-default\">Placements \u00c9tudiant aux Services aux Adultes<\/h2>\t\t<\/div>\n\t\t\t\t<\/div>\n\t\t\t\t<div class=\"elementor-element elementor-element-2be187d elementor-widget elementor-widget-text-editor\" data-id=\"2be187d\" data-element_type=\"widget\" data-widget_type=\"text-editor.default\">\n\t\t\t\t<div class=\"elementor-widget-container\">\n\t\t\t\t\t\t\t<p>Nous accueillons les demandes de Placements \u00c9tudiant des \u00e9tudiants qui sont actuellement inscrits aux programmes Travailleur de Soutien Personnel, Travailleur Social de Service et Services aux Personnes ayant une D\u00e9ficience Intellectuelle. Toutefois, nos possibilit\u00e9s de Placements \u00c9tudiant ne se limitent pas \u00e0 ces programmes en particulier.<\/p>\n<p>Pour en savoir plus sur nos possibilit\u00e9s de Placements \u00c9tudiant aux Services aux Adultes, veuillez communiquer avec <a class=\"white-text\" href=\"mailto:clhmid@clhmidland.on.ca?Subject=Placements \u00c9tudiant aux Services aux Adultes\">la bo\u00eete aux lettres g\u00e9n\u00e9rale<\/a>.<\/p>\t\t\t\t\t\t<\/div>\n\t\t\t\t<\/div>\n\t\t\t\t\t<\/div>\n\t\t<\/div>\n\t\t\t\t<div class=\"elementor-column elementor-col-50 elementor-top-column elementor-element elementor-element-10211e2\" data-id=\"10211e2\" data-element_type=\"column\">\n\t\t\t<div class=\"elementor-widget-wrap elementor-element-populated\">\n\t\t\t\t\t\t<div class=\"elementor-element elementor-element-9081e44 elementor-widget elementor-widget-image\" data-id=\"9081e44\" data-element_type=\"widget\" data-widget_type=\"image.default\">\n\t\t\t\t<div class=\"elementor-widget-container\">\n\t\t\t\t\t\t\t\t\t\t\t\t\t<img fetchpriority=\"high\" decoding=\"async\" width=\"800\" height=\"489\" src=\"https:\/\/www.clhmidland.on.ca\/wp-content\/uploads\/resources-for-childcare.png\" class=\"attachment-large size-large wp-image-2934\" alt=\"Deux femmes et trois enfants r\u00e9unis autour d\u2019une petite table avec des jouets color\u00e9s.\" srcset=\"https:\/\/www.clhmidland.on.ca\/wp-content\/uploads\/resources-for-childcare.png 907w, https:\/\/www.clhmidland.on.ca\/wp-content\/uploads\/resources-for-childcare-300x183.png 300w, https:\/\/www.clhmidland.on.ca\/wp-content\/uploads\/resources-for-childcare-768x469.png 768w\" sizes=\"(max-width: 800px) 100vw, 800px\" \/>\t\t\t\t\t\t\t\t\t\t\t\t\t<\/div>\n\t\t\t\t<\/div>\n\t\t\t\t\t<\/div>\n\t\t<\/div>\n\t\t\t\t\t<\/div>\n\t\t<\/section>\n\t\t\t\t<section class=\"elementor-section elementor-top-section elementor-element elementor-element-064aeed elementor-section-content-middle elementor-reverse-mobile_extra elementor-section-boxed elementor-section-height-default elementor-section-height-default\" data-id=\"064aeed\" data-element_type=\"section\" data-settings=\"{&quot;background_background&quot;:&quot;classic&quot;}\">\n\t\t\t\t\t\t<div class=\"elementor-container elementor-column-gap-default\">\n\t\t\t\t\t<div class=\"elementor-column elementor-col-100 elementor-top-column elementor-element elementor-element-ffb6593 countdown-block\" data-id=\"ffb6593\" data-element_type=\"column\">\n\t\t\t<div class=\"elementor-widget-wrap elementor-element-populated\">\n\t\t\t\t\t\t<div class=\"elementor-element elementor-element-c455647 elementor-widget elementor-widget-heading\" data-id=\"c455647\" data-element_type=\"widget\" data-widget_type=\"heading.default\">\n\t\t\t\t<div class=\"elementor-widget-container\">\n\t\t\t<h2 class=\"elementor-heading-title elementor-size-default\">Placements \u00c9tudiant aux Services de Soutien \u00e0 l\u2019Enfance<\/h2>\t\t<\/div>\n\t\t\t\t<\/div>\n\t\t\t\t<div class=\"elementor-element elementor-element-177ce05 elementor-widget elementor-widget-text-editor\" data-id=\"177ce05\" data-element_type=\"widget\" data-widget_type=\"text-editor.default\">\n\t\t\t\t<div class=\"elementor-widget-container\">\n\t\t\t\t\t\t\t<p>Nous accueillons les demandes de Placements \u00c9tudiant des \u00e9tudiants actuellement inscrits au programme d\u2019\u00c9ducation de la Petite Enfance (2e placement), au programme de certification en Consultante en Ressources et au Baccalaur\u00e9at en Techniques d\u2019\u00c9ducation \u00e0 l\u2019Enfance. Cependant, nos possibilit\u00e9s de Placements \u00c9tudiant ne se limitent pas \u00e0 ces programmes. Des possibilit\u00e9s de placement peuvent \u00e9galement \u00eatre offertes dans le cadre de notre programme D\u00e9buts Scolaires du POSA.<\/p>\n<p>Des stages sont offerts dans les bureaux des Consultantes en Ressources de : Alliston, Barrie, Bradford, Collingwood, Midland et Orillia, ou dans les bureaux du POSA suivants : Midland, Alliston, Barrie. Les \u00e9tudiants doivent avoir acc\u00e8s \u00e0 un v\u00e9hicule, car les possibilit\u00e9s de placement exigent des d\u00e9placements dans le Comt\u00e9 de Simcoe.<\/p>\n<p>Pour en savoir plus sur nos possibilit\u00e9s de Placements \u00c9tudiant aux Services \u00e0 l\u2019Enfance, veuillez communiquer avec <a href=\"mailto:clhmid@clhmidland.on.ca?Subject=Placements \u00c9tudiant aux Services de Soutien \u00e0 l\u2019Enfance\">la bo\u00eete de courriel g\u00e9n\u00e9rale<\/a>.<\/p>\t\t\t\t\t\t<\/div>\n\t\t\t\t<\/div>\n\t\t\t\t\t<\/div>\n\t\t<\/div>\n\t\t\t\t\t<\/div>\n\t\t<\/section>\n\t\t\t\t<section class=\"elementor-section elementor-top-section elementor-element elementor-element-c05c9b1 elementor-section-boxed elementor-section-height-default elementor-section-height-default\" data-id=\"c05c9b1\" data-element_type=\"section\" data-settings=\"{&quot;background_background&quot;:&quot;classic&quot;}\">\n\t\t\t\t\t\t<div class=\"elementor-container elementor-column-gap-default\">\n\t\t\t\t\t<div class=\"elementor-column elementor-col-100 elementor-top-column elementor-element elementor-element-6e1fb05\" data-id=\"6e1fb05\" data-element_type=\"column\">\n\t\t\t<div class=\"elementor-widget-wrap elementor-element-populated\">\n\t\t\t\t\t\t<div class=\"elementor-element elementor-element-214c7e3 elementor-widget elementor-widget-heading\" data-id=\"214c7e3\" data-element_type=\"widget\" data-widget_type=\"heading.default\">\n\t\t\t\t<div class=\"elementor-widget-container\">\n\t\t\t<h2 class=\"elementor-heading-title elementor-size-default\">Autres Placements \u00c9tudiant<\/h2>\t\t<\/div>\n\t\t\t\t<\/div>\n\t\t\t\t<div class=\"elementor-element elementor-element-52403cf no_margin_bottom elementor-widget elementor-widget-text-editor\" data-id=\"52403cf\" data-element_type=\"widget\" data-widget_type=\"text-editor.default\">\n\t\t\t\t<div class=\"elementor-widget-container\">\n\t\t\t\t\t\t\t<p>CLH SSD examinera les placements d\u2019\u00e9tudiants dans d\u2019autres domaines d\u2019\u00e9tudes, comme les Ressources Humaines, Technicien Informatique, Finances, etc. Ces demandes seront examin\u00e9es pour d\u00e9terminer si CLH SSD peut offrir une exp\u00e9rience d\u2019apprentissage utile \u00e0 l\u2019\u00e9tudiant. Pour toutes demandes de Placements \u00c9tudiant autres que les pour Services aux Adultes et Service de Soutien \u00e0 l\u2019Enfance veuillez communiquer avec <a href=\"mailto:clhmid@clhmidland.on.ca?Subject=Autres Placements \u00c9tudiant\">la bo\u00eete aux lettres g\u00e9n\u00e9rale<\/a>.<\/p>\t\t\t\t\t\t<\/div>\n\t\t\t\t<\/div>\n\t\t\t\t\t<\/div>\n\t\t<\/div>\n\t\t\t\t\t<\/div>\n\t\t<\/section>\n\t\t\t\t<\/div>\n\t\t","protected":false},"excerpt":{"rendered":"<p>Placements \u00c9tudiant Nous sommes Fiers d\u2019offrir des Occasions d\u2019Apprentissage Enrichissantes CLH Services de Soutien au D\u00e9veloppement est fi\u00e8re d\u2019offrir des possibilit\u00e9s d\u2019apprentissage significatives aux \u00e9tudiants inscrits \u00e0 un large \u00e9ventail [&hellip;]<\/p>\n","protected":false},"author":1,"featured_media":0,"parent":3169,"menu_order":0,"comment_status":"closed","ping_status":"closed","template":"elementor_header_footer","meta":{"_exactmetrics_skip_tracking":false,"_exactmetrics_sitenote_active":false,"_exactmetrics_sitenote_note":"","_exactmetrics_sitenote_category":0,"_price":"","_stock":"","_tribe_ticket_header":"","_tribe_default_ticket_provider":"","_tribe_ticket_capacity":"0","_ticket_start_date":"","_ticket_end_date":"","_tribe_ticket_show_description":"","_tribe_ticket_show_not_going":false,"_tribe_ticket_use_global_stock":"","_tribe_ticket_global_stock_level":"","_global_stock_mode":"","_global_stock_cap":"","_tribe_rsvp_for_event":"","_tribe_ticket_going_count":"","_tribe_ticket_not_going_count":"","_tribe_tickets_list":"[]","_tribe_ticket_has_attendee_info_fields":false,"footnotes":"","_tec_slr_enabled":"","_tec_slr_layout":""},"class_list":["post-3196","page","type-page","status-publish","hentry"],"aioseo_notices":[],"ticketed":false,"_links":{"self":[{"href":"https:\/\/www.clhmidland.on.ca\/fr\/wp-json\/wp\/v2\/pages\/3196","targetHints":{"allow":["GET"]}}],"collection":[{"href":"https:\/\/www.clhmidland.on.ca\/fr\/wp-json\/wp\/v2\/pages"}],"about":[{"href":"https:\/\/www.clhmidland.on.ca\/fr\/wp-json\/wp\/v2\/types\/page"}],"author":[{"embeddable":true,"href":"https:\/\/www.clhmidland.on.ca\/fr\/wp-json\/wp\/v2\/users\/1"}],"replies":[{"embeddable":true,"href":"https:\/\/www.clhmidland.on.ca\/fr\/wp-json\/wp\/v2\/comments?post=3196"}],"version-history":[{"count":34,"href":"https:\/\/www.clhmidland.on.ca\/fr\/wp-json\/wp\/v2\/pages\/3196\/revisions"}],"predecessor-version":[{"id":7490,"href":"https:\/\/www.clhmidland.on.ca\/fr\/wp-json\/wp\/v2\/pages\/3196\/revisions\/7490"}],"up":[{"embeddable":true,"href":"https:\/\/www.clhmidland.on.ca\/fr\/wp-json\/wp\/v2\/pages\/3169"}],"wp:attachment":[{"href":"https:\/\/www.clhmidland.on.ca\/fr\/wp-json\/wp\/v2\/media?parent=3196"}],"curies":[{"name":"wp","href":"https:\/\/api.w.org\/{rel}","templated":true}]}}