{"id":3198,"date":"2022-06-14T12:43:04","date_gmt":"2022-06-14T16:43:04","guid":{"rendered":"https:\/\/www.clhmidland.on.ca\/services-aux-jeunes"},"modified":"2025-05-29T10:13:54","modified_gmt":"2025-05-29T14:13:54","slug":"services-aux-jeunes","status":"publish","type":"page","link":"https:\/\/www.clhmidland.on.ca\/fr\/services-aux-jeunes","title":{"rendered":"Services aux jeunes"},"content":{"rendered":"\t\t<div data-elementor-type=\"wp-page\" data-elementor-id=\"3198\" class=\"elementor elementor-3198 elementor-842\" data-elementor-post-type=\"page\">\n\t\t\t\t\t\t<section class=\"elementor-section elementor-top-section elementor-element elementor-element-2894f37 elementor-section-boxed elementor-section-height-default elementor-section-height-default\" data-id=\"2894f37\" data-element_type=\"section\" data-settings=\"{&quot;background_background&quot;:&quot;classic&quot;}\">\n\t\t\t\t\t\t\t<div class=\"elementor-background-overlay\"><\/div>\n\t\t\t\t\t\t\t<div class=\"elementor-container elementor-column-gap-default\">\n\t\t\t\t\t<div class=\"elementor-column elementor-col-100 elementor-top-column elementor-element elementor-element-2c9aa90\" data-id=\"2c9aa90\" data-element_type=\"column\">\n\t\t\t<div class=\"elementor-widget-wrap elementor-element-populated\">\n\t\t\t\t\t\t<div class=\"elementor-element elementor-element-60c8611 elementor-widget elementor-widget-heading\" data-id=\"60c8611\" data-element_type=\"widget\" data-widget_type=\"heading.default\">\n\t\t\t\t<div class=\"elementor-widget-container\">\n\t\t\t<h1 class=\"elementor-heading-title elementor-size-default\">Services aux jeunes<\/h1>\t\t<\/div>\n\t\t\t\t<\/div>\n\t\t\t\t\t<\/div>\n\t\t<\/div>\n\t\t\t\t\t<\/div>\n\t\t<\/section>\n\t\t\t\t<section class=\"elementor-section elementor-top-section elementor-element elementor-element-202b1b0 elementor-section-boxed elementor-section-height-default elementor-section-height-default\" data-id=\"202b1b0\" data-element_type=\"section\">\n\t\t\t\t\t\t<div class=\"elementor-container elementor-column-gap-default\">\n\t\t\t\t\t<div class=\"elementor-column elementor-col-100 elementor-top-column elementor-element elementor-element-610b3f6\" data-id=\"610b3f6\" data-element_type=\"column\">\n\t\t\t<div class=\"elementor-widget-wrap elementor-element-populated\">\n\t\t\t\t\t\t<div class=\"elementor-element elementor-element-5d59d7a elementor-widget elementor-widget-heading\" data-id=\"5d59d7a\" data-element_type=\"widget\" data-widget_type=\"heading.default\">\n\t\t\t\t<div class=\"elementor-widget-container\">\n\t\t\t<h2 class=\"elementor-heading-title elementor-size-default\">Vous vous demandez \u00e0 quoi pourrait ressembler l\u2019avenir de votre fils ou de votre ado ?<\/h2>\t\t<\/div>\n\t\t\t\t<\/div>\n\t\t\t\t\t<\/div>\n\t\t<\/div>\n\t\t\t\t\t<\/div>\n\t\t<\/section>\n\t\t\t\t<section class=\"elementor-section elementor-top-section elementor-element elementor-element-3b00a16 elementor-section-boxed elementor-section-height-default elementor-section-height-default\" data-id=\"3b00a16\" data-element_type=\"section\">\n\t\t\t\t\t\t<div class=\"elementor-container elementor-column-gap-default\">\n\t\t\t\t\t<div class=\"elementor-column elementor-col-50 elementor-top-column elementor-element elementor-element-e811ff6\" data-id=\"e811ff6\" data-element_type=\"column\">\n\t\t\t<div class=\"elementor-widget-wrap elementor-element-populated\">\n\t\t\t\t\t\t<div class=\"elementor-element elementor-element-14ba0e5 elementor-widget elementor-widget-text-editor\" data-id=\"14ba0e5\" data-element_type=\"widget\" data-widget_type=\"text-editor.default\">\n\t\t\t\t<div class=\"elementor-widget-container\">\n\t\t\t\t\t\t\t<p>Vous vous demandez \u00e0 quoi pourrait ressembler l\u2019avenir de votre fils ou de votre fille ? CLH Services de Soutien au D\u00e9veloppement offre des programmes aux jeunes qui veulent am\u00e9liorer leurs comp\u00e9tences ou \u00e9largir leur cercle social !<\/p>\n<p>CLH DSS s&#8217;engage \u00e0 donner aux jeunes les moyens de prendre des d\u00e9cisions \u00e9clair\u00e9es et de r\u00e9ussir lorsqu\u2019ils quittent l\u2019\u00e9cole secondaire en leur offrant des options, des comp\u00e9tences et un cercle de ressources et de liens communautaires.<\/p>\n<p>CLH DSS offre deux programmes pour les jeunes : Transition des Jeunes (TAY) et les <span data-olk-copy-source=\"MessageBody\">Camps de transition des jeunes.<\/span><\/p>\t\t\t\t\t\t<\/div>\n\t\t\t\t<\/div>\n\t\t\t\t\t<\/div>\n\t\t<\/div>\n\t\t\t\t<div class=\"elementor-column elementor-col-50 elementor-top-column elementor-element elementor-element-dba0f6e countdown-block\" data-id=\"dba0f6e\" data-element_type=\"column\">\n\t\t\t<div class=\"elementor-widget-wrap elementor-element-populated\">\n\t\t\t\t\t\t<div class=\"elementor-element elementor-element-37f4810 elementor-widget elementor-widget-image\" data-id=\"37f4810\" data-element_type=\"widget\" data-widget_type=\"image.default\">\n\t\t\t\t<div class=\"elementor-widget-container\">\n\t\t\t\t\t\t\t\t\t\t\t\t\t<img fetchpriority=\"high\" decoding=\"async\" width=\"800\" height=\"1000\" src=\"https:\/\/www.clhmidland.on.ca\/wp-content\/uploads\/Youth-Services-Highlight.jpg\" class=\"attachment-large size-large wp-image-4861\" alt=\"Une adolescente brune portant une veste en jean avec des \u00e9couteurs rouges autour du cou.\" srcset=\"https:\/\/www.clhmidland.on.ca\/wp-content\/uploads\/Youth-Services-Highlight.jpg 900w, https:\/\/www.clhmidland.on.ca\/wp-content\/uploads\/Youth-Services-Highlight-240x300.jpg 240w, https:\/\/www.clhmidland.on.ca\/wp-content\/uploads\/Youth-Services-Highlight-768x960.jpg 768w\" sizes=\"(max-width: 800px) 100vw, 800px\" \/>\t\t\t\t\t\t\t\t\t\t\t\t\t<\/div>\n\t\t\t\t<\/div>\n\t\t\t\t\t<\/div>\n\t\t<\/div>\n\t\t\t\t\t<\/div>\n\t\t<\/section>\n\t\t\t\t<section class=\"elementor-section elementor-top-section elementor-element elementor-element-54fe0d7 elementor-section-boxed elementor-section-height-default elementor-section-height-default\" data-id=\"54fe0d7\" data-element_type=\"section\">\n\t\t\t\t\t\t<div class=\"elementor-container elementor-column-gap-default\">\n\t\t\t\t\t<div class=\"elementor-column elementor-col-100 elementor-top-column elementor-element elementor-element-6053a89\" data-id=\"6053a89\" data-element_type=\"column\">\n\t\t\t<div class=\"elementor-widget-wrap elementor-element-populated\">\n\t\t\t\t\t\t<div class=\"elementor-element elementor-element-080da04 elementor-widget elementor-widget-heading\" data-id=\"080da04\" data-element_type=\"widget\" data-widget_type=\"heading.default\">\n\t\t\t\t<div class=\"elementor-widget-container\">\n\t\t\t<h2 class=\"elementor-heading-title elementor-size-default\">Services pour les Jeunes<\/h2>\t\t<\/div>\n\t\t\t\t<\/div>\n\t\t\t\t\t<\/div>\n\t\t<\/div>\n\t\t\t\t\t<\/div>\n\t\t<\/section>\n\t\t\t\t<section class=\"elementor-section elementor-top-section elementor-element elementor-element-446caf5 elementor-section-full_width elementor-section-content-middle elementor-reverse-mobile elementor-section-height-default elementor-section-height-default\" data-id=\"446caf5\" data-element_type=\"section\">\n\t\t\t\t\t\t<div class=\"elementor-container elementor-column-gap-default\">\n\t\t\t\t\t<div class=\"elementor-column elementor-col-50 elementor-top-column elementor-element elementor-element-3aa8bfd\" data-id=\"3aa8bfd\" data-element_type=\"column\" data-settings=\"{&quot;background_background&quot;:&quot;classic&quot;}\">\n\t\t\t<div class=\"elementor-widget-wrap elementor-element-populated\">\n\t\t\t\t\t\t<div class=\"elementor-element elementor-element-a283e9f elementor-widget elementor-widget-heading\" data-id=\"a283e9f\" data-element_type=\"widget\" data-widget_type=\"heading.default\">\n\t\t\t\t<div class=\"elementor-widget-container\">\n\t\t\t<h2 class=\"elementor-heading-title elementor-size-default\">Transition des Jeunes (TAY)<\/h2>\t\t<\/div>\n\t\t\t\t<\/div>\n\t\t\t\t<div class=\"elementor-element elementor-element-184fa4c elementor-widget elementor-widget-text-editor\" data-id=\"184fa4c\" data-element_type=\"widget\" data-widget_type=\"text-editor.default\">\n\t\t\t\t<div class=\"elementor-widget-container\">\n\t\t\t\t\t\t\t<p>Le programme TAY aide les jeunes et leur famille \u00e0 planifier leur vie apr\u00e8s l\u2019\u00e9cole secondaire, en d\u00e9terminant les \u00e9tapes \u00e0 suivre pour pr\u00e9parer ad\u00e9quatement les \u00e9l\u00e8ves \u00e0 r\u00e9ussir \u00e0 en tant qu\u2019adulte.<\/p>\n\t\t\t\t\t\t<\/div>\n\t\t\t\t<\/div>\n\t\t\t\t<div class=\"elementor-element elementor-element-3ce5d0b elementor-widget elementor-widget-button\" data-id=\"3ce5d0b\" data-element_type=\"widget\" data-widget_type=\"button.default\">\n\t\t\t\t<div class=\"elementor-widget-container\">\n\t\t\t\t\t<div class=\"elementor-button-wrapper\">\n\t\t\t<a class=\"elementor-button elementor-button-link elementor-size-sm\" href=\"https:\/\/www.clhmidland.on.ca\/fr\/services-aux-jeunes\/transition-des-jeunes\" aria-label=\"En savoir plus sur le programme Transition des Jeunes\">\n\t\t\t\t\t\t<span class=\"elementor-button-content-wrapper\">\n\t\t\t\t\t\t\t\t\t<span class=\"elementor-button-text\">Apprendre davantage<\/span>\n\t\t\t\t\t<\/span>\n\t\t\t\t\t<\/a>\n\t\t<\/div>\n\t\t\t\t<\/div>\n\t\t\t\t<\/div>\n\t\t\t\t\t<\/div>\n\t\t<\/div>\n\t\t\t\t<div class=\"elementor-column elementor-col-50 elementor-top-column elementor-element elementor-element-1afccb2\" data-id=\"1afccb2\" data-element_type=\"column\">\n\t\t\t<div class=\"elementor-widget-wrap elementor-element-populated\">\n\t\t\t\t\t\t<div class=\"elementor-element elementor-element-77dfdde elementor-widget elementor-widget-image\" data-id=\"77dfdde\" data-element_type=\"widget\" data-widget_type=\"image.default\">\n\t\t\t\t<div class=\"elementor-widget-container\">\n\t\t\t\t\t\t\t\t\t\t\t\t\t<img decoding=\"async\" width=\"800\" height=\"450\" src=\"https:\/\/www.clhmidland.on.ca\/wp-content\/uploads\/Transitional-Aged-Youth-1200x675.jpg\" class=\"attachment-large size-large wp-image-4866\" alt=\"Une jeune femme rousse portant une veste en jean et portant un sac avec un grand b\u00e2timent en verre en arri\u00e8re-plan. Deux jeunes hommes marchent devant elle.\" srcset=\"https:\/\/www.clhmidland.on.ca\/wp-content\/uploads\/Transitional-Aged-Youth-1200x675.jpg 1200w, https:\/\/www.clhmidland.on.ca\/wp-content\/uploads\/Transitional-Aged-Youth-300x169.jpg 300w, https:\/\/www.clhmidland.on.ca\/wp-content\/uploads\/Transitional-Aged-Youth-768x432.jpg 768w, https:\/\/www.clhmidland.on.ca\/wp-content\/uploads\/Transitional-Aged-Youth-1536x864.jpg 1536w, https:\/\/www.clhmidland.on.ca\/wp-content\/uploads\/Transitional-Aged-Youth.jpg 1800w\" sizes=\"(max-width: 800px) 100vw, 800px\" \/>\t\t\t\t\t\t\t\t\t\t\t\t\t<\/div>\n\t\t\t\t<\/div>\n\t\t\t\t\t<\/div>\n\t\t<\/div>\n\t\t\t\t\t<\/div>\n\t\t<\/section>\n\t\t\t\t<section class=\"elementor-section elementor-top-section elementor-element elementor-element-495f005 elementor-section-full_width elementor-section-content-middle elementor-section-height-default elementor-section-height-default\" data-id=\"495f005\" data-element_type=\"section\">\n\t\t\t\t\t\t<div class=\"elementor-container elementor-column-gap-default\">\n\t\t\t\t\t<div class=\"elementor-column elementor-col-50 elementor-top-column elementor-element elementor-element-94502f3\" data-id=\"94502f3\" data-element_type=\"column\">\n\t\t\t<div class=\"elementor-widget-wrap elementor-element-populated\">\n\t\t\t\t\t\t<div class=\"elementor-element elementor-element-0abc7cd elementor-widget elementor-widget-image\" data-id=\"0abc7cd\" data-element_type=\"widget\" data-widget_type=\"image.default\">\n\t\t\t\t<div class=\"elementor-widget-container\">\n\t\t\t\t\t\t\t\t\t\t\t\t\t<img decoding=\"async\" width=\"1200\" height=\"800\" src=\"https:\/\/www.clhmidland.on.ca\/wp-content\/uploads\/Teen-Camp.jpg\" class=\"attachment-full size-full wp-image-4864\" alt=\"Une jeune fille souriante, portant un haut rose vif sous un gilet de sauvetage, fait du Kayak.\" srcset=\"https:\/\/www.clhmidland.on.ca\/wp-content\/uploads\/Teen-Camp.jpg 1200w, https:\/\/www.clhmidland.on.ca\/wp-content\/uploads\/Teen-Camp-300x200.jpg 300w, https:\/\/www.clhmidland.on.ca\/wp-content\/uploads\/Teen-Camp-768x512.jpg 768w\" sizes=\"(max-width: 1200px) 100vw, 1200px\" \/>\t\t\t\t\t\t\t\t\t\t\t\t\t<\/div>\n\t\t\t\t<\/div>\n\t\t\t\t\t<\/div>\n\t\t<\/div>\n\t\t\t\t<div class=\"elementor-column elementor-col-50 elementor-top-column elementor-element elementor-element-b0868b8\" data-id=\"b0868b8\" data-element_type=\"column\" data-settings=\"{&quot;background_background&quot;:&quot;classic&quot;}\">\n\t\t\t<div class=\"elementor-widget-wrap elementor-element-populated\">\n\t\t\t\t\t\t<div class=\"elementor-element elementor-element-8fc22ee elementor-widget elementor-widget-heading\" data-id=\"8fc22ee\" data-element_type=\"widget\" data-widget_type=\"heading.default\">\n\t\t\t\t<div class=\"elementor-widget-container\">\n\t\t\t<h2 class=\"elementor-heading-title elementor-size-default\">Camp de transition des jeunes<\/h2>\t\t<\/div>\n\t\t\t\t<\/div>\n\t\t\t\t<div class=\"elementor-element elementor-element-fd0b7b8 elementor-widget elementor-widget-text-editor\" data-id=\"fd0b7b8\" data-element_type=\"widget\" data-widget_type=\"text-editor.default\">\n\t\t\t\t<div class=\"elementor-widget-container\">\n\t\t\t\t\t\t\t<p>Le <span data-olk-copy-source=\"MessageBody\">Camp de transition des jeunes<\/span> (juillet-ao\u00fbt) est un endroit amusant et s\u00e9curitaire pour les jeunes (14-25) pour rencontrer de nouveaux amis et essayer de nouvelles choses avec du soutien. Ce programme est financ\u00e9 par la Fondation CLH.<\/p>\t\t\t\t\t\t<\/div>\n\t\t\t\t<\/div>\n\t\t\t\t<div class=\"elementor-element elementor-element-a2b0a12 elementor-widget elementor-widget-button\" data-id=\"a2b0a12\" data-element_type=\"widget\" data-widget_type=\"button.default\">\n\t\t\t\t<div class=\"elementor-widget-container\">\n\t\t\t\t\t<div class=\"elementor-button-wrapper\">\n\t\t\t<a class=\"elementor-button elementor-button-link elementor-size-sm\" href=\"https:\/\/www.clhmidland.on.ca\/fr\/services-aux-jeunes\/camp-dado\" aria-label=\"En savoir plus sur le camp pour ado\">\n\t\t\t\t\t\t<span class=\"elementor-button-content-wrapper\">\n\t\t\t\t\t\t\t\t\t<span class=\"elementor-button-text\">Apprendre davantage<\/span>\n\t\t\t\t\t<\/span>\n\t\t\t\t\t<\/a>\n\t\t<\/div>\n\t\t\t\t<\/div>\n\t\t\t\t<\/div>\n\t\t\t\t\t<\/div>\n\t\t<\/div>\n\t\t\t\t\t<\/div>\n\t\t<\/section>\n\t\t\t\t<\/div>\n\t\t","protected":false},"excerpt":{"rendered":"<p>Services aux jeunes Vous vous demandez \u00e0 quoi pourrait ressembler l\u2019avenir de votre fils ou de votre ado ? Vous vous demandez \u00e0 quoi pourrait ressembler l\u2019avenir de votre fils [&hellip;]<\/p>\n","protected":false},"author":1,"featured_media":0,"parent":0,"menu_order":23,"comment_status":"closed","ping_status":"closed","template":"elementor_header_footer","meta":{"_exactmetrics_skip_tracking":false,"_exactmetrics_sitenote_active":false,"_exactmetrics_sitenote_note":"","_exactmetrics_sitenote_category":0,"_price":"","_stock":"","_tribe_ticket_header":"","_tribe_default_ticket_provider":"","_tribe_ticket_capacity":"0","_ticket_start_date":"","_ticket_end_date":"","_tribe_ticket_show_description":"","_tribe_ticket_show_not_going":false,"_tribe_ticket_use_global_stock":"","_tribe_ticket_global_stock_level":"","_global_stock_mode":"","_global_stock_cap":"","_tribe_rsvp_for_event":"","_tribe_ticket_going_count":"","_tribe_ticket_not_going_count":"","_tribe_tickets_list":"[]","_tribe_ticket_has_attendee_info_fields":false,"footnotes":"","_tec_slr_enabled":"","_tec_slr_layout":""},"class_list":["post-3198","page","type-page","status-publish","hentry"],"aioseo_notices":[],"ticketed":false,"_links":{"self":[{"href":"https:\/\/www.clhmidland.on.ca\/fr\/wp-json\/wp\/v2\/pages\/3198","targetHints":{"allow":["GET"]}}],"collection":[{"href":"https:\/\/www.clhmidland.on.ca\/fr\/wp-json\/wp\/v2\/pages"}],"about":[{"href":"https:\/\/www.clhmidland.on.ca\/fr\/wp-json\/wp\/v2\/types\/page"}],"author":[{"embeddable":true,"href":"https:\/\/www.clhmidland.on.ca\/fr\/wp-json\/wp\/v2\/users\/1"}],"replies":[{"embeddable":true,"href":"https:\/\/www.clhmidland.on.ca\/fr\/wp-json\/wp\/v2\/comments?post=3198"}],"version-history":[{"count":52,"href":"https:\/\/www.clhmidland.on.ca\/fr\/wp-json\/wp\/v2\/pages\/3198\/revisions"}],"predecessor-version":[{"id":10620,"href":"https:\/\/www.clhmidland.on.ca\/fr\/wp-json\/wp\/v2\/pages\/3198\/revisions\/10620"}],"wp:attachment":[{"href":"https:\/\/www.clhmidland.on.ca\/fr\/wp-json\/wp\/v2\/media?parent=3198"}],"curies":[{"name":"wp","href":"https:\/\/api.w.org\/{rel}","templated":true}]}}