{"id":3204,"date":"2022-12-09T10:41:40","date_gmt":"2022-12-09T15:41:40","guid":{"rendered":"https:\/\/www.clhmidland.on.ca\/termes-and-conditions"},"modified":"2023-03-07T12:58:01","modified_gmt":"2023-03-07T17:58:01","slug":"termes-and-conditions","status":"publish","type":"page","link":"https:\/\/www.clhmidland.on.ca\/fr\/termes-and-conditions","title":{"rendered":"Termes and Conditions"},"content":{"rendered":"\t\t<div data-elementor-type=\"wp-page\" data-elementor-id=\"3204\" class=\"elementor elementor-3204 elementor-2510\" data-elementor-post-type=\"page\">\n\t\t\t\t\t\t<section class=\"elementor-section elementor-top-section elementor-element elementor-element-2894f37 elementor-section-boxed elementor-section-height-default elementor-section-height-default\" data-id=\"2894f37\" data-element_type=\"section\" data-settings=\"{&quot;background_background&quot;:&quot;classic&quot;}\">\n\t\t\t\t\t\t\t<div class=\"elementor-background-overlay\"><\/div>\n\t\t\t\t\t\t\t<div class=\"elementor-container elementor-column-gap-default\">\n\t\t\t\t\t<div class=\"elementor-column elementor-col-100 elementor-top-column elementor-element elementor-element-2c9aa90\" data-id=\"2c9aa90\" data-element_type=\"column\">\n\t\t\t<div class=\"elementor-widget-wrap elementor-element-populated\">\n\t\t\t\t\t\t<div class=\"elementor-element elementor-element-60c8611 elementor-widget elementor-widget-heading\" data-id=\"60c8611\" data-element_type=\"widget\" data-widget_type=\"heading.default\">\n\t\t\t\t<div class=\"elementor-widget-container\">\n\t\t\t<h1 class=\"elementor-heading-title elementor-size-default\">Termes and Conditions<\/h1>\t\t<\/div>\n\t\t\t\t<\/div>\n\t\t\t\t\t<\/div>\n\t\t<\/div>\n\t\t\t\t\t<\/div>\n\t\t<\/section>\n\t\t\t\t<section class=\"elementor-section elementor-top-section elementor-element elementor-element-3b00a16 elementor-section-boxed elementor-section-height-default elementor-section-height-default\" data-id=\"3b00a16\" data-element_type=\"section\">\n\t\t\t\t\t\t<div class=\"elementor-container elementor-column-gap-default\">\n\t\t\t\t\t<div class=\"elementor-column elementor-col-100 elementor-top-column elementor-element elementor-element-e811ff6\" data-id=\"e811ff6\" data-element_type=\"column\">\n\t\t\t<div class=\"elementor-widget-wrap elementor-element-populated\">\n\t\t\t\t\t\t<div class=\"elementor-element elementor-element-14ba0e5 elementor-widget elementor-widget-text-editor\" data-id=\"14ba0e5\" data-element_type=\"widget\" data-widget_type=\"text-editor.default\">\n\t\t\t\t<div class=\"elementor-widget-container\">\n\t\t\t\t\t\t\t<p>Le contenu de tout le mat\u00e9riel disponible sur ce site Internet est prot\u00e9g\u00e9 par le droit d\u2019auteur en faveur de CLH Services de Soutien au D\u00e9veloppement, sauf indication contraire. Tous les droits sont r\u00e9serv\u00e9s par CLH Services de Soutien au D\u00e9veloppement, et le contenu ne peut \u00eatre reproduit, t\u00e9l\u00e9charg\u00e9, diffus\u00e9, publi\u00e9 ou transf\u00e9r\u00e9 sous aucune forme ou par quelque moyen que ce soit, sauf avec l\u2019autorisation \u00e9crite pr\u00e9alable de CLH Services de Soutien au D\u00e9veloppement.<\/p>\n<p>Les informations contenues dans ce site Web sont fournies en tant que service public sans garantie d\u2019aucune sorte et bien qu\u2019elles soient consid\u00e9r\u00e9es comme exactes ; elles peuvent inclure des erreurs ou des inexactitudes. Les lecteurs doivent v\u00e9rifier l\u2019information avant d\u2019y donner suite.<\/p>\n<p>Il y a des liens sur le site Web de CLH Services de Soutien au D\u00e9veloppement qui vous m\u00e8nent \u00e0 d\u2019autres sites Web en dehors de notre service. Tous les liens vers des sites Web de tiers \u00e0 l\u2019ext\u00e9rieur du site Web de CLH Services de Soutien au D\u00e9veloppement sont fournis uniquement pour votre commodit\u00e9. Le fonctionnement et le contenu de ces sites Web tiers sont ind\u00e9pendants de notre volont\u00e9, et nous n\u2019endossons d\u2019aucune mani\u00e8re ni n\u2019acceptons aucune responsabilit\u00e9 pour les informations, le contenu ou tout autre mat\u00e9riel pouvant \u00eatre contenus sur ces sites Web, l\u2019utilisation de ces sites Web, sur les produits ou services annonc\u00e9s ou vendus sur ces sites.<\/p>\n<p>Nous ne serons en aucun cas responsables de tout dommage, direct ou indirect, r\u00e9sultant de l\u2019utilisation de ce site ou de tout autre site tiers li\u00e9 \u00e0 ce site, que nous soyons ou non inform\u00e9s de la possibilit\u00e9 de tels dommages.<\/p>\t\t\t\t\t\t<\/div>\n\t\t\t\t<\/div>\n\t\t\t\t\t<\/div>\n\t\t<\/div>\n\t\t\t\t\t<\/div>\n\t\t<\/section>\n\t\t\t\t<\/div>\n\t\t","protected":false},"excerpt":{"rendered":"<p>Termes and Conditions Le contenu de tout le mat\u00e9riel disponible sur ce site Internet est prot\u00e9g\u00e9 par le droit d\u2019auteur en faveur de CLH Services de Soutien au D\u00e9veloppement, sauf [&hellip;]<\/p>\n","protected":false},"author":1,"featured_media":0,"parent":0,"menu_order":22,"comment_status":"closed","ping_status":"closed","template":"elementor_header_footer","meta":{"_exactmetrics_skip_tracking":false,"_exactmetrics_sitenote_active":false,"_exactmetrics_sitenote_note":"","_exactmetrics_sitenote_category":0,"_price":"","_stock":"","_tribe_ticket_header":"","_tribe_default_ticket_provider":"","_tribe_ticket_capacity":"0","_ticket_start_date":"","_ticket_end_date":"","_tribe_ticket_show_description":"","_tribe_ticket_show_not_going":false,"_tribe_ticket_use_global_stock":"","_tribe_ticket_global_stock_level":"","_global_stock_mode":"","_global_stock_cap":"","_tribe_rsvp_for_event":"","_tribe_ticket_going_count":"","_tribe_ticket_not_going_count":"","_tribe_tickets_list":"[]","_tribe_ticket_has_attendee_info_fields":false,"footnotes":"","_tec_slr_enabled":"","_tec_slr_layout":""},"class_list":["post-3204","page","type-page","status-publish","hentry"],"aioseo_notices":[],"ticketed":false,"_links":{"self":[{"href":"https:\/\/www.clhmidland.on.ca\/fr\/wp-json\/wp\/v2\/pages\/3204","targetHints":{"allow":["GET"]}}],"collection":[{"href":"https:\/\/www.clhmidland.on.ca\/fr\/wp-json\/wp\/v2\/pages"}],"about":[{"href":"https:\/\/www.clhmidland.on.ca\/fr\/wp-json\/wp\/v2\/types\/page"}],"author":[{"embeddable":true,"href":"https:\/\/www.clhmidland.on.ca\/fr\/wp-json\/wp\/v2\/users\/1"}],"replies":[{"embeddable":true,"href":"https:\/\/www.clhmidland.on.ca\/fr\/wp-json\/wp\/v2\/comments?post=3204"}],"version-history":[{"count":5,"href":"https:\/\/www.clhmidland.on.ca\/fr\/wp-json\/wp\/v2\/pages\/3204\/revisions"}],"predecessor-version":[{"id":6672,"href":"https:\/\/www.clhmidland.on.ca\/fr\/wp-json\/wp\/v2\/pages\/3204\/revisions\/6672"}],"wp:attachment":[{"href":"https:\/\/www.clhmidland.on.ca\/fr\/wp-json\/wp\/v2\/media?parent=3204"}],"curies":[{"name":"wp","href":"https:\/\/api.w.org\/{rel}","templated":true}]}}