{"id":8680,"date":"2023-08-17T00:25:43","date_gmt":"2023-08-17T04:25:43","guid":{"rendered":"https:\/\/www.clhmidland.on.ca?page_id=8680"},"modified":"2023-08-17T01:03:29","modified_gmt":"2023-08-17T05:03:29","slug":"ressources","status":"publish","type":"page","link":"https:\/\/www.clhmidland.on.ca\/fr\/ressources","title":{"rendered":"Ressources"},"content":{"rendered":"\t\t<div data-elementor-type=\"wp-page\" data-elementor-id=\"8680\" class=\"elementor elementor-8680 elementor-8679\" data-elementor-post-type=\"page\">\n\t\t\t\t\t\t<section class=\"elementor-section elementor-top-section elementor-element elementor-element-2894f37 elementor-section-boxed elementor-section-height-default elementor-section-height-default\" data-id=\"2894f37\" data-element_type=\"section\" data-settings=\"{&quot;background_background&quot;:&quot;classic&quot;}\">\n\t\t\t\t\t\t\t<div class=\"elementor-background-overlay\"><\/div>\n\t\t\t\t\t\t\t<div class=\"elementor-container elementor-column-gap-default\">\n\t\t\t\t\t<div class=\"elementor-column elementor-col-100 elementor-top-column elementor-element elementor-element-2c9aa90\" data-id=\"2c9aa90\" data-element_type=\"column\">\n\t\t\t<div class=\"elementor-widget-wrap elementor-element-populated\">\n\t\t\t\t\t\t<div class=\"elementor-element elementor-element-60c8611 elementor-widget elementor-widget-heading\" data-id=\"60c8611\" data-element_type=\"widget\" data-widget_type=\"heading.default\">\n\t\t\t\t<div class=\"elementor-widget-container\">\n\t\t\t<h1 class=\"elementor-heading-title elementor-size-default\">Ressources<\/h1>\t\t<\/div>\n\t\t\t\t<\/div>\n\t\t\t\t\t<\/div>\n\t\t<\/div>\n\t\t\t\t\t<\/div>\n\t\t<\/section>\n\t\t\t\t<section class=\"elementor-section elementor-top-section elementor-element elementor-element-3b00a16 elementor-section-boxed elementor-section-height-default elementor-section-height-default\" data-id=\"3b00a16\" data-element_type=\"section\">\n\t\t\t\t\t\t<div class=\"elementor-container elementor-column-gap-default\">\n\t\t\t\t\t<div class=\"elementor-column elementor-col-50 elementor-top-column elementor-element elementor-element-e811ff6\" data-id=\"e811ff6\" data-element_type=\"column\">\n\t\t\t<div class=\"elementor-widget-wrap elementor-element-populated\">\n\t\t\t\t\t\t<div class=\"elementor-element elementor-element-668a2f7 elementor-position-left elementor-view-default elementor-mobile-position-top elementor-vertical-align-top elementor-widget elementor-widget-icon-box\" data-id=\"668a2f7\" data-element_type=\"widget\" data-widget_type=\"icon-box.default\">\n\t\t\t\t<div class=\"elementor-widget-container\">\n\t\t\t\t\t<div class=\"elementor-icon-box-wrapper\">\n\n\t\t\t\t\t\t<div class=\"elementor-icon-box-icon\">\n\t\t\t\t<span  class=\"elementor-icon elementor-animation-\">\n\t\t\t\t<i aria-hidden=\"true\" class=\"fas fa-globe-americas\"><\/i>\t\t\t\t<\/span>\n\t\t\t<\/div>\n\t\t\t\n\t\t\t\t\t\t<div class=\"elementor-icon-box-content\">\n\n\t\t\t\t\t\t\t\t\t<h2 class=\"elementor-icon-box-title\">\n\t\t\t\t\t\t<span  >\n\t\t\t\t\t\t\tAgences\t\t\t\t\t\t<\/span>\n\t\t\t\t\t<\/h2>\n\t\t\t\t\n\t\t\t\t\n\t\t\t<\/div>\n\t\t\t\n\t\t<\/div>\n\t\t\t\t<\/div>\n\t\t\t\t<\/div>\n\t\t\t\t<div class=\"elementor-element elementor-element-c8d1ac8 elementor-widget elementor-widget-text-editor\" data-id=\"c8d1ac8\" data-element_type=\"widget\" data-widget_type=\"text-editor.default\">\n\t\t\t\t<div class=\"elementor-widget-container\">\n\t\t\t\t\t\t\t<ul>\n<li><a href=\"http:\/\/www.camphill.on.ca\" target=\"_blank\" rel=\"noopener noreferrer\">Communaut\u00e9s Camphill Ontario<\/a><\/li>\n<li><a href=\"http:\/\/www.catulpa.on.ca\" target=\"_blank\" rel=\"noopener noreferrer\">Services de soutien communautaire Catulpa<\/a><\/li>\n<li><a href=\"http:\/\/www.oacas.org\/\" target=\"_blank\" rel=\"noopener noreferrer\">Soci\u00e9t\u00e9 d\u2019aide \u00e0 l\u2019enfance<\/a><\/li>\n<li><a href=\"http:\/\/www.e3.ca\" target=\"_blank\" rel=\"noopener noreferrer\">Services communautaires E3<\/a><\/li>\n<li><a href=\"http:\/\/www.ctn-simcoeyork.ca\" target=\"_blank\" rel=\"noopener noreferrer\">R\u00e9seau de traitement des enfants de Simcoe-York<\/a><\/li>\n<li><a href=\"http:\/\/www.christian-horizons.org\/\" target=\"_blank\" rel=\"noopener noreferrer\">Christian Horizons<\/a><\/li>\n<li><a href=\"http:\/\/healthcareathome.ca\/nsm\/en\" target=\"_blank\" rel=\"noopener noreferrer\">Centre d\u2019acc\u00e8s aux soins communautaires<\/a><\/li>\n<li><a href=\"http:\/\/www.class.on.ca\" target=\"_blank\" rel=\"noopener noreferrer\">Community Living Association pour Simcoe Sud<\/a><\/li>\n<li><a title=\"Connectivit\u00e9\" href=\"http:\/\/connectability.ca\/en\/\" target=\"_blank\" rel=\"noopener noreferrer\">Connectivit\u00e9 (Community Living Toronto)<\/a><\/li>\n<li><a href=\"http:\/\/www.kerrysplace.org\/Public\/Home.aspx\" target=\"_blank\" rel=\"noopener noreferrer\">Kerry\u2019s Place Services en Autisme<\/a><\/li>\n<li><a href=\"http:\/\/www.kinark.on.ca\" target=\"_blank\" rel=\"noopener noreferrer\">Kinark Services Enfants et Familles<\/a><\/li>\n<li><a href=\"http:\/\/www.waypointcentre.ca\/\" target=\"_blank\" rel=\"noopener noreferrer\">Waypoint Centre de Soins de Sant\u00e9 Mentale<\/a><\/li>\n<li><a href=\"http:\/\/www.simcoecommunityservices.ca\" target=\"_blank\" rel=\"noopener noreferrer\">Services Communautaire de Simcoe<\/a><\/li>\n<\/ul>\t\t\t\t\t\t<\/div>\n\t\t\t\t<\/div>\n\t\t\t\t\t<\/div>\n\t\t<\/div>\n\t\t\t\t<div class=\"elementor-column elementor-col-50 elementor-top-column elementor-element elementor-element-4858406\" data-id=\"4858406\" data-element_type=\"column\">\n\t\t\t<div class=\"elementor-widget-wrap elementor-element-populated\">\n\t\t\t\t\t\t<div class=\"elementor-element elementor-element-824f484 elementor-position-left elementor-view-default elementor-mobile-position-top elementor-vertical-align-top elementor-widget elementor-widget-icon-box\" data-id=\"824f484\" data-element_type=\"widget\" data-widget_type=\"icon-box.default\">\n\t\t\t\t<div class=\"elementor-widget-container\">\n\t\t\t\t\t<div class=\"elementor-icon-box-wrapper\">\n\n\t\t\t\t\t\t<div class=\"elementor-icon-box-icon\">\n\t\t\t\t<span  class=\"elementor-icon elementor-animation-\">\n\t\t\t\t<i aria-hidden=\"true\" class=\"fas fa-users\"><\/i>\t\t\t\t<\/span>\n\t\t\t<\/div>\n\t\t\t\n\t\t\t\t\t\t<div class=\"elementor-icon-box-content\">\n\n\t\t\t\t\t\t\t\t\t<h2 class=\"elementor-icon-box-title\">\n\t\t\t\t\t\t<span  >\n\t\t\t\t\t\t\tOrganisations\t\t\t\t\t\t<\/span>\n\t\t\t\t\t<\/h2>\n\t\t\t\t\n\t\t\t\t\n\t\t\t<\/div>\n\t\t\t\n\t\t<\/div>\n\t\t\t\t<\/div>\n\t\t\t\t<\/div>\n\t\t\t\t<div class=\"elementor-element elementor-element-16139ee elementor-widget elementor-widget-text-editor\" data-id=\"16139ee\" data-element_type=\"widget\" data-widget_type=\"text-editor.default\">\n\t\t\t\t<div class=\"elementor-widget-container\">\n\t\t\t\t\t\t\t<ul>\n<li><a href=\"http:\/\/www.assistivedeviceexchange.ca\/\" target=\"_blank\" rel=\"noopener noreferrer\">Programme d\u2019Echange d\u2019Appareil (A.D.E)<\/a><\/li>\n<li><a href=\"http:\/\/www.autism-pdd.net\/\" target=\"_blank\" rel=\"noopener noreferrer\">R\u00e9seau de Ressources pour l\u2019Autisme \u2013 PDD<\/a><\/li>\n<li><a href=\"http:\/\/www.dsontario.ca\/agencies\/dso-central-east\" target=\"_blank\" rel=\"noopener noreferrer\">SOPDI de la R\u00e9gion du Centre Est<\/a><\/li>\n<li><a href=\"http:\/\/www.community-networks.ca\/\" target=\"_blank\" rel=\"noopener noreferrer\">R\u00e9seaux Communautaires de Soins Sp\u00e9cialis\u00e9s<\/a><\/li>\n<li><a href=\"https:\/\/www.dsrf.org\/\" target=\"_blank\" rel=\"noopener noreferrer\">Fondation de Recherche Trisomie 21<\/a><\/li>\n<li><a href=\"http:\/\/focusaccreditation.org\/\" target=\"_blank\" rel=\"noopener noreferrer\">Accr\u00e9ditation FOCUS<\/a><\/li>\n<li><a href=\"http:\/\/www.healthybabyhealthybrain.ca\/\" target=\"_blank\" rel=\"noopener noreferrer\">B\u00e9b\u00e9 en sant\u00e9, cerveau en sant\u00e9<\/a><\/li>\n<li><a href=\"http:\/\/www.oasisonline.ca\" target=\"_blank\" rel=\"noopener noreferrer\">OASIS : Organismes appuyant les personnes ayant des besoins sp\u00e9ciaux en Ontario<\/a><\/li>\n<li><a href=\"http:\/\/www.communitylivingontario.ca\" target=\"_blank\" rel=\"noopener noreferrer\">Associations Community Living de l\u2019Ontario<\/a><\/li>\n<li><a href=\"http:\/\/www.ontariodevelopmentalservices.ca\/\" target=\"_blank\" rel=\"noopener noreferrer\">Services de l\u2019Ontario pour les personnes ayant une d\u00e9ficience intellectuelle<\/a><\/li>\n<li><a href=\"http:\/\/www.respiteservices.com\" target=\"_blank\" rel=\"noopener noreferrer\">Fournisseurs de Services de rel\u00e8ves r\u00e9gionaux<\/a><\/li>\n<li><a href=\"https:\/\/www.triplep-parenting.ca\/ont-en\/triple-p\/\" target=\"_blank\" rel=\"noopener noreferrer\">Triple P (Programme de pratiques parentales positives)<\/a><\/li>\n<\/ul>\t\t\t\t\t\t<\/div>\n\t\t\t\t<\/div>\n\t\t\t\t\t<\/div>\n\t\t<\/div>\n\t\t\t\t\t<\/div>\n\t\t<\/section>\n\t\t\t\t<section class=\"elementor-section elementor-top-section elementor-element elementor-element-542fd83 elementor-section-boxed elementor-section-height-default elementor-section-height-default\" data-id=\"542fd83\" data-element_type=\"section\" data-settings=\"{&quot;background_background&quot;:&quot;classic&quot;}\">\n\t\t\t\t\t\t<div class=\"elementor-container elementor-column-gap-default\">\n\t\t\t\t\t<div class=\"elementor-column elementor-col-50 elementor-top-column elementor-element elementor-element-f51bd56\" data-id=\"f51bd56\" data-element_type=\"column\">\n\t\t\t<div class=\"elementor-widget-wrap elementor-element-populated\">\n\t\t\t\t\t\t<div class=\"elementor-element elementor-element-5b94750 elementor-position-left elementor-view-default elementor-mobile-position-top elementor-vertical-align-top elementor-widget elementor-widget-icon-box\" data-id=\"5b94750\" data-element_type=\"widget\" data-widget_type=\"icon-box.default\">\n\t\t\t\t<div class=\"elementor-widget-container\">\n\t\t\t\t\t<div class=\"elementor-icon-box-wrapper\">\n\n\t\t\t\t\t\t<div class=\"elementor-icon-box-icon\">\n\t\t\t\t<span  class=\"elementor-icon elementor-animation-\">\n\t\t\t\t<i aria-hidden=\"true\" class=\"fas fa-building\"><\/i>\t\t\t\t<\/span>\n\t\t\t<\/div>\n\t\t\t\n\t\t\t\t\t\t<div class=\"elementor-icon-box-content\">\n\n\t\t\t\t\t\t\t\t\t<h2 class=\"elementor-icon-box-title\">\n\t\t\t\t\t\t<span  >\n\t\t\t\t\t\t\tGouvernement\t\t\t\t\t\t<\/span>\n\t\t\t\t\t<\/h2>\n\t\t\t\t\n\t\t\t\t\n\t\t\t<\/div>\n\t\t\t\n\t\t<\/div>\n\t\t\t\t<\/div>\n\t\t\t\t<\/div>\n\t\t\t\t<div class=\"elementor-element elementor-element-1d86902 elementor-widget elementor-widget-text-editor\" data-id=\"1d86902\" data-element_type=\"widget\" data-widget_type=\"text-editor.default\">\n\t\t\t\t<div class=\"elementor-widget-container\">\n\t\t\t\t\t\t\t<ul>\n<li><a href=\"https:\/\/www.barrie.ca\/Pages\/default.aspx\" target=\"_blank\" rel=\"noopener noreferrer\">Ville de Barrie<\/a><\/li>\n<li><a href=\"http:\/\/www.mcss.gov.on.ca\/en\/mcss\/\" target=\"_blank\" rel=\"noopener noreferrer\">Minist\u00e8re des Services \u00e0 l\u2019enfance et des Services sociaux et communautaires<\/a><\/li>\n<li><a href=\"http:\/\/www.mcss.gov.on.ca\/en\/mcss\/publications\/spotlight.aspx\" target=\"_blank\" rel=\"noopener noreferrer\">Publications : Point de mire \u2013 La R\u00e9organisation<\/a><\/li>\n<li><a href=\"http:\/\/www.county.simcoe.on.ca\/\" target=\"_blank\" rel=\"noopener noreferrer\">Le Comt\u00e9 de Simcoe<\/a><\/li>\n<li><a href=\"http:\/\/www.town.midland.on.ca\/\" target=\"_blank\" rel=\"noopener noreferrer\">Ville de Midland<\/a><\/li>\n<li><a href=\"http:\/\/penetanguishene.ca\/en\/index.asp\" target=\"_blank\" rel=\"noopener noreferrer\">Ville de Penetanguishene<\/a><\/li>\n<li><a href=\"http:\/\/www.tay.township.on.ca\/\" target=\"_blank\" rel=\"noopener noreferrer\">Le Canton de Tay<\/a><\/li>\n<li><a href=\"https:\/\/www.tiny.ca\/\" target=\"_blank\" rel=\"noopener noreferrer\">Le Canton de Tiny<\/a><\/li>\n<\/ul>\t\t\t\t\t\t<\/div>\n\t\t\t\t<\/div>\n\t\t\t\t<div class=\"elementor-element elementor-element-4f5d4d1 elementor-widget-divider--view-line elementor-widget elementor-widget-divider\" data-id=\"4f5d4d1\" data-element_type=\"widget\" data-widget_type=\"divider.default\">\n\t\t\t\t<div class=\"elementor-widget-container\">\n\t\t\t\t\t<div class=\"elementor-divider\">\n\t\t\t<span class=\"elementor-divider-separator\">\n\t\t\t\t\t\t<\/span>\n\t\t<\/div>\n\t\t\t\t<\/div>\n\t\t\t\t<\/div>\n\t\t\t\t<div class=\"elementor-element elementor-element-3119485 elementor-widget elementor-widget-text-editor\" data-id=\"3119485\" data-element_type=\"widget\" data-widget_type=\"text-editor.default\">\n\t\t\t\t<div class=\"elementor-widget-container\">\n\t\t\t\t\t\t\t<h3>Portail de l\u2019immigration du comt\u00e9 de Simcoe<\/h3>\n<p>Nouveau au Canada ? Nouveau dans le comt\u00e9 de Simcoe ? Visitez <a href=\"http:\/\/immigration.simcoe.ca\/\" target=\"_blank\" rel=\"noopener noreferrer\">immigration.simcoe.ca<\/a> pour en savoir plus sur le comt\u00e9 de Simcoe et pour vous connecter \u00e0 votre communaut\u00e9.<\/p>\t\t\t\t\t\t<\/div>\n\t\t\t\t<\/div>\n\t\t\t\t\t<\/div>\n\t\t<\/div>\n\t\t\t\t<div class=\"elementor-column elementor-col-50 elementor-top-column elementor-element elementor-element-5b602e8\" data-id=\"5b602e8\" data-element_type=\"column\">\n\t\t\t<div class=\"elementor-widget-wrap elementor-element-populated\">\n\t\t\t\t\t\t<div class=\"elementor-element elementor-element-32f92b1 elementor-position-left elementor-view-default elementor-mobile-position-top elementor-vertical-align-top elementor-widget elementor-widget-icon-box\" data-id=\"32f92b1\" data-element_type=\"widget\" data-widget_type=\"icon-box.default\">\n\t\t\t\t<div class=\"elementor-widget-container\">\n\t\t\t\t\t<div class=\"elementor-icon-box-wrapper\">\n\n\t\t\t\t\t\t<div class=\"elementor-icon-box-icon\">\n\t\t\t\t<span  class=\"elementor-icon elementor-animation-\">\n\t\t\t\t<i aria-hidden=\"true\" class=\"fas fa-universal-access\"><\/i>\t\t\t\t<\/span>\n\t\t\t<\/div>\n\t\t\t\n\t\t\t\t\t\t<div class=\"elementor-icon-box-content\">\n\n\t\t\t\t\t\t\t\t\t<h2 class=\"elementor-icon-box-title\">\n\t\t\t\t\t\t<span  >\n\t\t\t\t\t\t\tAcc\u00e8s aux Services\t\t\t\t\t\t<\/span>\n\t\t\t\t\t<\/h2>\n\t\t\t\t\n\t\t\t\t\n\t\t\t<\/div>\n\t\t\t\n\t\t<\/div>\n\t\t\t\t<\/div>\n\t\t\t\t<\/div>\n\t\t\t\t<div class=\"elementor-element elementor-element-15b8d41 elementor-widget elementor-widget-image\" data-id=\"15b8d41\" data-element_type=\"widget\" data-widget_type=\"image.default\">\n\t\t\t\t<div class=\"elementor-widget-container\">\n\t\t\t\t\t\t\t\t\t\t\t\t\t\t<a href=\"http:\/\/www.dsontario.ca\/\" target=\"_blank\">\n\t\t\t\t\t\t\t<img fetchpriority=\"high\" decoding=\"async\" width=\"530\" height=\"135\" src=\"https:\/\/www.clhmidland.on.ca\/wp-content\/uploads\/DSO_logo_fr.png\" class=\"attachment-large size-large wp-image-4439\" alt=\"Logo de Services de l&#039;Ontario pour les Personnes ayant une D\u00e9ficience Intellectuelle.\" srcset=\"https:\/\/www.clhmidland.on.ca\/wp-content\/uploads\/DSO_logo_fr.png 530w, https:\/\/www.clhmidland.on.ca\/wp-content\/uploads\/DSO_logo_fr-300x76.png 300w\" sizes=\"(max-width: 530px) 100vw, 530px\" \/>\t\t\t\t\t\t\t\t<\/a>\n\t\t\t\t\t\t\t\t\t\t\t\t\t<\/div>\n\t\t\t\t<\/div>\n\t\t\t\t<div class=\"elementor-element elementor-element-0c5d2ac elementor-widget elementor-widget-text-editor\" data-id=\"0c5d2ac\" data-element_type=\"widget\" data-widget_type=\"text-editor.default\">\n\t\t\t\t<div class=\"elementor-widget-container\">\n\t\t\t\t\t\t\t<p>O\u00f9 que vous viviez en Ontario, <a href=\"http:\/\/www.dsontario.ca\/\" target=\"_blank\" rel=\"noopener noreferrer\">les Services au d\u00e9veloppement de l\u2019Ontario<\/a> peuvent vous aider, vous ou une personne qui vous importe, \u00e0 communiquer avec les personnes disponibles :<\/p>\n<ul>\n<li>Les soutiens logement<\/li>\n<li>Soins de rel\u00e8ve<\/li>\n<li>Le soutien \u00e0 la participation communautaire (tel que les loisirs, le b\u00e9n\u00e9volat, l\u2019emploi ou le soutien \u00e0 domicile)<\/li>\n<li>Des services professionnels et sp\u00e9cialis\u00e9s<\/li>\n<li>Planification dirig\u00e9e par la personne<\/li>\n<li>et d\u2019autres mesures de soutien pour aider les personnes ayant une d\u00e9ficience intellectuelle \u00e0 s\u2019impliquer davantage dans leur communaut\u00e9!<\/li>\n<\/ul>\t\t\t\t\t\t<\/div>\n\t\t\t\t<\/div>\n\t\t\t\t\t<\/div>\n\t\t<\/div>\n\t\t\t\t\t<\/div>\n\t\t<\/section>\n\t\t\t\t<\/div>\n\t\t","protected":false},"excerpt":{"rendered":"<p>Ressources Agences Communaut\u00e9s Camphill Ontario Services de soutien communautaire Catulpa Soci\u00e9t\u00e9 d\u2019aide \u00e0 l\u2019enfance Services communautaires E3 R\u00e9seau de traitement des enfants de Simcoe-York Christian Horizons Centre d\u2019acc\u00e8s aux soins [&hellip;]<\/p>\n","protected":false},"author":1,"featured_media":0,"parent":0,"menu_order":0,"comment_status":"closed","ping_status":"closed","template":"elementor_header_footer","meta":{"_exactmetrics_skip_tracking":false,"_exactmetrics_sitenote_active":false,"_exactmetrics_sitenote_note":"","_exactmetrics_sitenote_category":0,"_price":"","_stock":"","_tribe_ticket_header":"","_tribe_default_ticket_provider":"","_tribe_ticket_capacity":"0","_ticket_start_date":"","_ticket_end_date":"","_tribe_ticket_show_description":"","_tribe_ticket_show_not_going":false,"_tribe_ticket_use_global_stock":"","_tribe_ticket_global_stock_level":"","_global_stock_mode":"","_global_stock_cap":"","_tribe_rsvp_for_event":"","_tribe_ticket_going_count":"","_tribe_ticket_not_going_count":"","_tribe_tickets_list":"[]","_tribe_ticket_has_attendee_info_fields":false,"footnotes":"","_tec_slr_enabled":"","_tec_slr_layout":""},"class_list":["post-8680","page","type-page","status-publish","hentry"],"aioseo_notices":[],"ticketed":false,"_links":{"self":[{"href":"https:\/\/www.clhmidland.on.ca\/fr\/wp-json\/wp\/v2\/pages\/8680","targetHints":{"allow":["GET"]}}],"collection":[{"href":"https:\/\/www.clhmidland.on.ca\/fr\/wp-json\/wp\/v2\/pages"}],"about":[{"href":"https:\/\/www.clhmidland.on.ca\/fr\/wp-json\/wp\/v2\/types\/page"}],"author":[{"embeddable":true,"href":"https:\/\/www.clhmidland.on.ca\/fr\/wp-json\/wp\/v2\/users\/1"}],"replies":[{"embeddable":true,"href":"https:\/\/www.clhmidland.on.ca\/fr\/wp-json\/wp\/v2\/comments?post=8680"}],"version-history":[{"count":4,"href":"https:\/\/www.clhmidland.on.ca\/fr\/wp-json\/wp\/v2\/pages\/8680\/revisions"}],"predecessor-version":[{"id":8693,"href":"https:\/\/www.clhmidland.on.ca\/fr\/wp-json\/wp\/v2\/pages\/8680\/revisions\/8693"}],"wp:attachment":[{"href":"https:\/\/www.clhmidland.on.ca\/fr\/wp-json\/wp\/v2\/media?parent=8680"}],"curies":[{"name":"wp","href":"https:\/\/api.w.org\/{rel}","templated":true}]}}