{"id":9985,"date":"2024-10-21T13:37:23","date_gmt":"2024-10-21T17:37:23","guid":{"rendered":"https:\/\/www.clhmidland.on.ca\/?page_id=9985"},"modified":"2025-07-10T09:27:21","modified_gmt":"2025-07-10T13:27:21","slug":"encheres-et-appels-doffres","status":"publish","type":"page","link":"https:\/\/www.clhmidland.on.ca\/fr\/encheres-et-appels-doffres","title":{"rendered":"Ench\u00e8res et appels d&#8217;offres"},"content":{"rendered":"<p class=\"elementtoproof\"><span style=\"font-size: 12pt; color: #000000;\">Les Services de soutien au d\u00e9veloppement de CLH veillent \u00e0 ce que l&#8217;approvisionnement de biens et de services, y compris la construction, les services de conseil et les technologies de l&#8217;information, soient effectu\u00e9s de mani\u00e8re ouverte, \u00e9quitable et transparente. Les Services de soutien au d\u00e9veloppement de CLH sont li\u00e9s par la Directive en mati\u00e8re d\u2019approvisionnement dans le secteur parapublic publi\u00e9e par le Conseil de gestion du gouvernement, en vigueur depuis le 1er janvier 2024. Pour en savoir plus, veuillez consulter <a style=\"color: #000000;\" href=\"https:\/\/www.clhmidland.on.ca\/fr\/a-propos-de-clh-ssd\/responsabilite\"><strong><span style=\"color: #462d99;\">R\u00e9sponsabilit\u00e9 | CLH DSS<\/span><\/strong><\/a>.<\/span><\/p>\n<p class=\"elementtoproof\"><span style=\"font-size: 12pt; color: #000000;\">Le d\u00e9partement des biens et approvisionnement des Services de soutien au d\u00e9veloppement de CLH, en collaboration avec d&#8217;autres d\u00e9partements de l&#8217;agence, est responsable de la pr\u00e9paration, de la publication, de l&#8217;attribution et de l&#8217;ex\u00e9cution des achats suivants\u00a0:<\/span><\/p>\n<ul>\n<li><span style=\"font-size: 12pt; color: #000000;\">Demande de devis (RFQ)\u00a0<\/span><\/li>\n<li><span style=\"font-size: 12pt; color: #000000;\">Appels \u00e0 propositions (RFP)<\/span><\/li>\n<li><span style=\"font-size: 12pt; color: #000000;\">Appels d&#8217;offres (RFT)<\/span><\/li>\n<\/ul>\n<p class=\"elementtoproof\"><span style=\"font-size: 12pt; color: #000000;\">Veuillez consulter ci-dessous toutes opportunit\u00e9s d&#8217;appels d&#8217;offres actuels chez les Services de soutien au d\u00e9veloppement CLH.<\/span><\/p>\n<p class=\"elementtoproof\"><span style=\"font-size: 12pt; color: #000000;\">Offres d&#8217;appels ouvertes:<\/span><\/p>\n<p><a href=\"https:\/\/www.clhmidland.on.ca\/wp-content\/uploads\/CLH-007-2025-Snow-Removal.pdf\"><span style=\"font-size: 12pt;\"><strong><span style=\"color: #462d99;\">CLH-007-2025- D\u00e9neigement\u00a0<\/span><\/strong><\/span><\/a><\/p>\n<p>&nbsp;<\/p>\n","protected":false},"excerpt":{"rendered":"<p>Les Services de soutien au d\u00e9veloppement de CLH veillent \u00e0 ce que l&#8217;approvisionnement de biens et de services, y compris la construction, les services de conseil et les technologies de [&hellip;]<\/p>\n","protected":false},"author":20,"featured_media":0,"parent":0,"menu_order":0,"comment_status":"closed","ping_status":"closed","template":"","meta":{"_exactmetrics_skip_tracking":false,"_exactmetrics_sitenote_active":false,"_exactmetrics_sitenote_note":"","_exactmetrics_sitenote_category":0,"_price":"","_stock":"","_tribe_ticket_header":"","_tribe_default_ticket_provider":"TEC\\Tickets\\Commerce\\Module","_tribe_ticket_capacity":"0","_ticket_start_date":"","_ticket_end_date":"","_tribe_ticket_show_description":"","_tribe_ticket_show_not_going":false,"_tribe_ticket_use_global_stock":"","_tribe_ticket_global_stock_level":"","_global_stock_mode":"","_global_stock_cap":"","_tribe_rsvp_for_event":"","_tribe_ticket_going_count":"","_tribe_ticket_not_going_count":"","_tribe_tickets_list":"[]","_tribe_ticket_has_attendee_info_fields":false,"footnotes":"","_tec_slr_enabled":"","_tec_slr_layout":""},"class_list":["post-9985","page","type-page","status-publish","hentry"],"aioseo_notices":[],"ticketed":false,"_links":{"self":[{"href":"https:\/\/www.clhmidland.on.ca\/fr\/wp-json\/wp\/v2\/pages\/9985","targetHints":{"allow":["GET"]}}],"collection":[{"href":"https:\/\/www.clhmidland.on.ca\/fr\/wp-json\/wp\/v2\/pages"}],"about":[{"href":"https:\/\/www.clhmidland.on.ca\/fr\/wp-json\/wp\/v2\/types\/page"}],"author":[{"embeddable":true,"href":"https:\/\/www.clhmidland.on.ca\/fr\/wp-json\/wp\/v2\/users\/20"}],"replies":[{"embeddable":true,"href":"https:\/\/www.clhmidland.on.ca\/fr\/wp-json\/wp\/v2\/comments?post=9985"}],"version-history":[{"count":5,"href":"https:\/\/www.clhmidland.on.ca\/fr\/wp-json\/wp\/v2\/pages\/9985\/revisions"}],"predecessor-version":[{"id":10695,"href":"https:\/\/www.clhmidland.on.ca\/fr\/wp-json\/wp\/v2\/pages\/9985\/revisions\/10695"}],"wp:attachment":[{"href":"https:\/\/www.clhmidland.on.ca\/fr\/wp-json\/wp\/v2\/media?parent=9985"}],"curies":[{"name":"wp","href":"https:\/\/api.w.org\/{rel}","templated":true}]}}